{"id":86010,"date":"2021-05-14T13:53:42","date_gmt":"2021-05-14T11:53:42","guid":{"rendered":"https:\/\/klienter.dancebox.eu\/newsletter\/"},"modified":"2023-04-22T16:00:51","modified_gmt":"2023-04-22T14:00:51","slug":"newsletter","status":"publish","type":"page","link":"https:\/\/dancebox.eu\/pl\/newsletter\/","title":{"rendered":"Newsletter"},"content":{"rendered":"\n<div\r\n\t\t\t\tid=\"hustle-embedded-id-6\"\r\n\t\t\t\tclass=\"hustle-ui hustle-inline hustle-palette--gray_slate hustle_module_id_6 module_id_6  \"\r\n\t\t\t\t\r\n\t\t\tdata-id=\"6\"\r\n\t\t\tdata-render-id=\"0\"\r\n\t\t\tdata-tracking=\"enabled\"\r\n\t\t\t\r\n\t\t\t\tdata-intro=\"no_animation\"\r\n\t\t\t\tdata-sub-type=\"shortcode\"\r\n\t\t\t\t\r\n\t\t\t\tstyle=\"opacity: 0;\"\r\n\t\t\t\taria-label=\"Zapisz si\u0119 na Newsletter popup\"\r\n\t\t\t><div class=\"hustle-inline-content\"><div class=\"hustle-optin hustle-optin--default\"><div class=\"hustle-success\" data-close-delay=\"false\" style=\"display: none;\"><span class=\"hustle-icon-check\" aria-hidden=\"true\"><\/span><div class=\"hustle-success-content\"><\/div><\/div><div class=\"hustle-layout\"><div class=\"hustle-main-wrapper\"><div class=\"hustle-layout-body\"><div class=\"hustle-layout-content hustle-layout-position--left\"><div class=\"hustle-image hustle-image-fit--contain\" aria-hidden=\"true\"><img decoding=\"async\" src=\"https:\/\/dancebox.eu\/wp-content\/uploads\/2020\/12\/dancebox-newsletter-icon.png\" alt=\"\" class=\"hustle-image-position--centercenter\" \/><\/div><div class=\"hustle-content\"><div class=\"hustle-content-wrap\"><div class=\"hustle-group-title\"><h3 class=\"hustle-title\">Zapisz si\u0119 na Newsletter<\/h3><\/div><div class=\"hustle-group-content\"><p style=\"text-align: center\"><em><strong>Przy\u0142\u0105cz si\u0119, b\u0105d\u017a z nami na bie\u017c\u0105co i korzystaj ze zni\u017cki<\/strong><\/em><\/p>\n<p style=\"text-align: center\"><strong style=\"font-size: xx-large;color: green\">7% do\u017cywotniego rabatu!<\/strong><\/p>\n<p style=\"text-align: center\"><em><strong>Na wszystkie stroje treningowe. Sumuje si\u0119 z innymi rabatami \ud83d\ude42<\/strong><\/em><\/p>\n<\/div><\/div><\/div><\/div><form class=\"hustle-layout-form\" novalidate=\"novalidate\"><div class=\"hustle-form hustle-form-inline\"><div class=\"hustle-form-fields hustle-proximity-separated\"><div class=\"hustle-field \"><label for=\"hustle-field-name-module-6\" id=\"hustle-field-name-module-6-label\" class=\"hustle-screen-reader\">Imi\u0119<\/label><input id=\"hustle-field-name-module-6\" type=\"name\" class=\"hustle-input \" name=\"name\" value=\"\" aria-labelledby=\"hustle-field-name-module-6-label\" data-validate=\"\" \/><span class=\"hustle-input-label\" aria-hidden=\"true\" style=\"flex-flow: row nowrap;\"><span>Imi\u0119<\/span><\/span><\/div><div class=\"hustle-field hustle-field-required \"><label for=\"hustle-field-email-module-6\" id=\"hustle-field-email-module-6-label\" class=\"hustle-screen-reader\">E-mail<\/label><input id=\"hustle-field-email-module-6\" type=\"email\" class=\"hustle-input \" name=\"email\" value=\"\" aria-labelledby=\"hustle-field-email-module-6-label\" data-validate=\"1\" data-required-error=\"E-mail jest wymagany.\" data-validation-error=\"Wpisz poprawny adres email.\" \/><span class=\"hustle-input-label\" aria-hidden=\"true\" style=\"flex-flow: row nowrap;\"><span>Wpisz sw\u00f3j adres email<\/span><\/span><\/div><button class=\"hustle-button hustle-button-submit \" aria-live=\"polite\" data-loading-text=\"Trwa przesy\u0142anie formularza, prosz\u0119 chwil\u0119 poczeka\u0107.\"><span class=\"hustle-button-text\">Zapisz si\u0119<\/span><span class=\"hustle-icon-loader hustle-loading-icon\" aria-hidden=\"true\"><\/span><\/button><\/div><\/div><input type=\"hidden\" name=\"hustle_module_id\" value=\"6\"><input type=\"hidden\" name=\"post_id\" value=\"0\"><input type=\"hidden\" name=\"hustle_sub_type\" value=\"shortcode\"><div class=\"hustle-error-message\" style=\"display: none;\" data-default-error=\"Co\u015b posz\u0142o nie tak. Spr\u00f3buj ponownie.\"><\/div><\/form><\/div><\/div><\/div><\/div><\/div><\/div>\n","protected":false},"excerpt":{"rendered":"","protected":false},"author":1,"featured_media":0,"parent":0,"menu_order":0,"comment_status":"open","ping_status":"closed","template":"","meta":{"_et_pb_use_builder":"","_et_pb_old_content":"","_et_gb_content_width":"","footnotes":""},"class_list":["post-86010","page","type-page","status-publish","hentry"],"_links":{"self":[{"href":"https:\/\/dancebox.eu\/pl\/wp-json\/wp\/v2\/pages\/86010","targetHints":{"allow":["GET"]}}],"collection":[{"href":"https:\/\/dancebox.eu\/pl\/wp-json\/wp\/v2\/pages"}],"about":[{"href":"https:\/\/dancebox.eu\/pl\/wp-json\/wp\/v2\/types\/page"}],"author":[{"embeddable":true,"href":"https:\/\/dancebox.eu\/pl\/wp-json\/wp\/v2\/users\/1"}],"replies":[{"embeddable":true,"href":"https:\/\/dancebox.eu\/pl\/wp-json\/wp\/v2\/comments?post=86010"}],"version-history":[{"count":2,"href":"https:\/\/dancebox.eu\/pl\/wp-json\/wp\/v2\/pages\/86010\/revisions"}],"predecessor-version":[{"id":132993,"href":"https:\/\/dancebox.eu\/pl\/wp-json\/wp\/v2\/pages\/86010\/revisions\/132993"}],"wp:attachment":[{"href":"https:\/\/dancebox.eu\/pl\/wp-json\/wp\/v2\/media?parent=86010"}],"curies":[{"name":"wp","href":"https:\/\/api.w.org\/{rel}","templated":true}]}}