{"id":86006,"date":"2021-05-14T13:53:32","date_gmt":"2021-05-14T13:53:32","guid":{"rendered":"https:\/\/klienter.dancebox.eu\/dostawa-i-platnosc\/"},"modified":"2021-05-14T13:57:23","modified_gmt":"2021-05-14T13:57:23","slug":"dostawa-i-platnosc","status":"publish","type":"page","link":"https:\/\/dancebox.eu\/pl\/dostawa-i-platnosc\/","title":{"rendered":"Dostawa i p\u0142atno\u015b\u0107"},"content":{"rendered":"<iframe loading=\"lazy\" width=\"940\" height=\"1500\" frameborder=\"0\" longdesc=\"Regulamin\" marginheight=\"0\" marginwidth=\"0\" name=\"siw\" click_words=\"\" click_url=\"\" scrolling=\"yes\" src=\"https:\/\/docs.google.com\/document\/d\/e\/2PACX-1vQUCzBS74Lcrilvm60fish2ie73gd1NrzxOhVtPH2n_OfB-zmBG0YEOu1aQ4Fd_Z5jqXxPmkiwAXkFh\/pub?embedded=true\"><p><strong><a href=\"https:\/\/docs.google.com\/document\/d\/e\/2PACX-1vQUCzBS74Lcrilvm60fish2ie73gd1NrzxOhVtPH2n_OfB-zmBG0YEOu1aQ4Fd_Z5jqXxPmkiwAXkFh\/pub\" target=\"_blank\" rel=\"noopener noreferrer\">Delivery and payment<\/a>.)<\/strong> <br \/> <br \/><\/p><\/iframe>\n\n<p><\/p>\n","protected":false},"excerpt":{"rendered":"<p>Delivery and payment.)<\/p>\n","protected":false},"author":1,"featured_media":0,"parent":0,"menu_order":0,"comment_status":"open","ping_status":"closed","template":"","meta":{"_et_pb_use_builder":"","_et_pb_old_content":"","_et_gb_content_width":"","footnotes":""},"class_list":["post-86006","page","type-page","status-publish","hentry"],"_links":{"self":[{"href":"https:\/\/dancebox.eu\/pl\/wp-json\/wp\/v2\/pages\/86006","targetHints":{"allow":["GET"]}}],"collection":[{"href":"https:\/\/dancebox.eu\/pl\/wp-json\/wp\/v2\/pages"}],"about":[{"href":"https:\/\/dancebox.eu\/pl\/wp-json\/wp\/v2\/types\/page"}],"author":[{"embeddable":true,"href":"https:\/\/dancebox.eu\/pl\/wp-json\/wp\/v2\/users\/1"}],"replies":[{"embeddable":true,"href":"https:\/\/dancebox.eu\/pl\/wp-json\/wp\/v2\/comments?post=86006"}],"version-history":[{"count":0,"href":"https:\/\/dancebox.eu\/pl\/wp-json\/wp\/v2\/pages\/86006\/revisions"}],"wp:attachment":[{"href":"https:\/\/dancebox.eu\/pl\/wp-json\/wp\/v2\/media?parent=86006"}],"curies":[{"name":"wp","href":"https:\/\/api.w.org\/{rel}","templated":true}]}}