{"id":86004,"date":"2021-05-14T13:53:32","date_gmt":"2021-05-14T11:53:32","guid":{"rendered":"https:\/\/klienter.dancebox.eu\/strona-glowna\/"},"modified":"2021-05-14T13:57:23","modified_gmt":"2021-05-14T13:57:23","slug":"strona-glowna","status":"publish","type":"page","link":"https:\/\/dancebox.eu\/pl\/","title":{"rendered":"Strona g\u0142\u00f3wna"},"content":{"rendered":"<p>[et_pb_section fb_built=&#8221;1&#8243; fullwidth=&#8221;on&#8221; module_class=&#8221;slider-1&#8243; _builder_version=&#8221;4.4.9&#8243;][et_pb_fullwidth_slider use_bg_overlay=&#8221;off&#8221; use_text_overlay=&#8221;off&#8221; _builder_version=&#8221;4.4.9&#8243; header_level=&#8221;h1&#8243; min_height=&#8221;750px&#8221; auto=&#8221;on&#8221; auto_speed=&#8221;3500&#8243;][et_pb_slide button_text=&#8221;Id\u017a!&#8221; button_link=&#8221;\/shop\/&#8221; admin_title=&#8221;Shop&#8221; _builder_version=&#8221;4.4.9&#8243; background_color=&#8221;#eeeeee&#8221; background_enable_color=&#8221;on&#8221; background_image=&#8221;https:\/\/dancebox.eu\/wp-content\/uploads\/2020\/06\/FRONT-PAGE-practice-new3.jpg&#8221; background_enable_image=&#8221;on&#8221; background_position=&#8221;top_center&#8221; custom_css_slide_button=&#8221;font-size: 0px;||background-color: rgba(0, 0, 0, 0.0) !important;||top: -1000px;||right: -1000px;||height: 5000px;||width: 5000px;||position: absolute;&#8221; sticky_transition=&#8221;on&#8221;][\/et_pb_slide][et_pb_slide heading=&#8221;Stroje do praktyki&#8221; button_text=&#8221;Id\u017a!&#8221; button_link=&#8221;https:\/\/dancebox.eu\/pl\/kategoria-produktu\/stroje-do-praktyki\/&#8221; admin_title=&#8221;Practice Wear&#8221; _builder_version=&#8221;4.4.9&#8243; header_level=&#8221;h1&#8243; header_text_color=&#8221;#ffffff&#8221; background_image=&#8221;https:\/\/dancebox.eu\/wp-content\/uploads\/2020\/06\/FRONT-PAGE-practice-new1small.jpg&#8221; background_enable_image=&#8221;on&#8221; background_position=&#8221;top_center&#8221; custom_css_slide_button=&#8221;font-size: 0px;||background-color: rgba(0, 0, 0, 0.0) !important;||top: -1000px;||right: -1000px;||height: 5000px;||width: 5000px;||position: absolute;&#8221; header_text_shadow_style=&#8221;preset5&#8243; text_shadow_style=&#8221;preset5&#8243; text_shadow_color=&#8221;#e02b20&#8243; sticky_transition=&#8221;on&#8221;][\/et_pb_slide][et_pb_slide heading=&#8221;Sukienki do \u0142aciny&#8221; button_text=&#8221;Id\u017a!&#8221; button_link=&#8221;https:\/\/dancebox.eu\/pl\/kategoria-produktu\/stroje-turniejowe\/&#8221; admin_title=&#8221;Latin Dresses&#8221; _builder_version=&#8221;4.4.8&#8243; background_image=&#8221;https:\/\/dancebox.eu\/wp-content\/uploads\/2020\/06\/FRONT-PAGE-20202-2-small.jpg&#8221; background_enable_image=&#8221;on&#8221; background_position=&#8221;top_center&#8221; custom_css_slide_button=&#8221;font-size: 0px;||background-color: rgba(0, 0, 0, 0.0) !important;||top: -1000px;||right: -1000px;||height: 5000px;||width: 5000px;||position: absolute;&#8221; sticky_transition=&#8221;on&#8221;][\/et_pb_slide][et_pb_slide heading=&#8221;Taniec u\u017cytkowy&#8221; button_text=&#8221;Id\u017a!&#8221; button_link=&#8221;https:\/\/dancebox.eu\/pl\/kategoria-produktu\/taniec-uzytkowy\/&#8221; admin_title=&#8221;Social Dance&#8221; _builder_version=&#8221;4.4.9&#8243; header_text_color=&#8221;#ffffff&#8221; header_letter_spacing=&#8221;4px&#8221; background_image=&#8221;https:\/\/dancebox.eu\/wp-content\/uploads\/2020\/06\/FRONT-PAGE-social-dance2-small.jpg&#8221; background_enable_image=&#8221;on&#8221; background_position=&#8221;top_center&#8221; custom_css_slide_button=&#8221;font-size: 0px;||background-color: rgba(0, 0, 0, 0.0) !important;||top: -1000px;||right: -1000px;||height: 5000px;||width: 5000px;||position: absolute;&#8221; header_text_shadow_style=&#8221;preset4&#8243; header_text_shadow_color=&#8221;#000000&#8243; sticky_transition=&#8221;on&#8221;][\/et_pb_slide][et_pb_slide heading=&#8221;Stroje dla dziewczynek&#8221; button_text=&#8221;Id\u017a!&#8221; button_link=&#8221;https:\/\/dancebox.eu\/pl\/kategoria-produktu\/stroje-dzieciece\/\/girls-wear&#8221; admin_title=&#8221;Girls Wear&#8221; _builder_version=&#8221;4.4.9&#8243; header_text_color=&#8221;#ffffff&#8221; header_letter_spacing=&#8221;4px&#8221; background_image=&#8221;https:\/\/dancebox.eu\/wp-content\/uploads\/2020\/06\/FRONT-PAGE-girls-wear3-small.jpg&#8221; background_enable_image=&#8221;on&#8221; background_position=&#8221;top_center&#8221; custom_css_slide_button=&#8221;font-size: 0px;||background-color: rgba(0, 0, 0, 0.0) !important;||top: -1000px;||right: -1000px;||height: 5000px;||width: 5000px;||position: absolute;&#8221; header_text_shadow_style=&#8221;preset4&#8243; header_text_shadow_color=&#8221;#000000&#8243; sticky_transition=&#8221;on&#8221;][\/et_pb_slide][\/et_pb_fullwidth_slider][\/et_pb_section][et_pb_section fb_built=&#8221;1&#8243; admin_label=&#8221;Workshops Area&#8221; _builder_version=&#8221;4.0.7&#8243; custom_padding=&#8221;90px||90px|&#8221;][et_pb_row column_structure=&#8221;1_3,1_3,1_3&#8243; admin_label=&#8221;Warsztaty&#8221; _builder_version=&#8221;3.25&#8243; use_custom_width=&#8221;on&#8221; locked=&#8221;off&#8221;][et_pb_column type=&#8221;1_3&#8243; _builder_version=&#8221;3.25&#8243; background_color=&#8221;#ffffff&#8221; custom_padding=&#8221;|||&#8221; custom_padding__hover=&#8221;|||&#8221;][et_pb_image src=&#8221;https:\/\/dancebox.eu\/wp-content\/uploads\/2019\/12\/Dancebox-P18120010-02-Zeta-Red-dress_48-SMALL.jpg&#8221; url=&#8221;https:\/\/dancebox.eu\/pl\/kategoria-produktu\/stroje-do-praktyki\/&#8221; show_bottom_space=&#8221;off&#8221; force_fullwidth=&#8221;on&#8221; align_tablet=&#8221;center&#8221; align_phone=&#8221;&#8221; align_last_edited=&#8221;on|desktop&#8221; _builder_version=&#8221;4.0.7&#8243; custom_margin=&#8221;||0px|&#8221; border_width_all=&#8221;1px&#8221; border_color_all=&#8221;#eeeeee&#8221; border_color_all__hover_enabled=&#8221;on|desktop&#8221; border_color_all__hover=&#8221;#9bc537&#8243;][\/et_pb_image][et_pb_text admin_label=&#8221;Title&#8221; _builder_version=&#8221;4.0.7&#8243; text_font_size=&#8221;18px&#8221; text_line_height=&#8221;1.8em&#8221; link_text_color=&#8221;#7a7a7a&#8221; link_font_size=&#8221;16px&#8221; link_letter_spacing=&#8221;3px&#8221; link_line_height=&#8221;1.8em&#8221; header_3_font=&#8221;|600|||||||&#8221; header_3_text_align=&#8221;center&#8221; header_3_font_size=&#8221;24px&#8221; header_3_line_height=&#8221;1.8em&#8221; background_color=&#8221;#ffffff&#8221; text_orientation=&#8221;center&#8221; custom_margin=&#8221;|||&#8221; custom_padding=&#8221;40px|40px|40px|40px&#8221; animation_style=&#8221;fade&#8221; locked=&#8221;off&#8221; link_text_color__hover_enabled=&#8221;on|desktop&#8221; link_text_color__hover=&#8221;#9bc537&#8243;]<\/p>\n<h3>Stroje do praktyki<\/h3>\n<p><a href=\"\/pl\/kategoria-produktu\/stroje-do-praktyki\/\">Poka\u017c szczeg\u00f3\u0142y<\/a>[\/et_pb_text][\/et_pb_column][et_pb_column type=&#8221;1_3&#8243; _builder_version=&#8221;3.25&#8243; background_color=&#8221;#ffffff&#8221; custom_padding=&#8221;|||&#8221; custom_padding__hover=&#8221;|||&#8221;][et_pb_image src=&#8221;https:\/\/dancebox.eu\/wp-content\/uploads\/2019\/11\/Social-Dance-320.jpg&#8221; url=&#8221;https:\/\/dancebox.eu\/pl\/kategoria-produktu\/taniec-uzytkowy\/&#8221; show_bottom_space=&#8221;off&#8221; force_fullwidth=&#8221;on&#8221; align_tablet=&#8221;center&#8221; align_phone=&#8221;&#8221; align_last_edited=&#8221;on|desktop&#8221; _builder_version=&#8221;4.0.7&#8243; custom_margin=&#8221;||0px|&#8221; border_width_all=&#8221;1px&#8221; border_color_all=&#8221;#eeeeee&#8221; border_color_all__hover_enabled=&#8221;on|hover&#8221; border_color_all__hover=&#8221;#9bc537&#8243;][\/et_pb_image][et_pb_text admin_label=&#8221;Title&#8221; _builder_version=&#8221;4.0.7&#8243; text_font_size=&#8221;18px&#8221; text_line_height=&#8221;1.8em&#8221; link_text_color=&#8221;#7a7a7a&#8221; link_font_size=&#8221;16px&#8221; link_letter_spacing=&#8221;3px&#8221; link_line_height=&#8221;1.8em&#8221; header_font=&#8221;||||||||&#8221; header_3_font=&#8221;|600|||||||&#8221; header_3_text_align=&#8221;center&#8221; header_3_font_size=&#8221;24px&#8221; header_3_line_height=&#8221;1.8em&#8221; text_orientation=&#8221;center&#8221; custom_margin=&#8221;|||&#8221; custom_padding=&#8221;40px|40px|40px|40px&#8221; animation_style=&#8221;fade&#8221; locked=&#8221;off&#8221; link_text_color__hover_enabled=&#8221;on|hover&#8221; link_text_color__hover=&#8221;#9bc537&#8243;]<\/p>\n<h3>Taniec u\u017cytkowy<\/h3>\n<p><a href=\"\/pl\/kategoria-produktu\/taniec-uzytkowy\/\">Poka\u017c szczeg\u00f3\u0142y<\/a>[\/et_pb_text][\/et_pb_column][et_pb_column type=&#8221;1_3&#8243; _builder_version=&#8221;3.25&#8243; background_color=&#8221;#ffffff&#8221; custom_padding=&#8221;|||&#8221; custom_padding__hover=&#8221;|||&#8221;][et_pb_image src=&#8221;https:\/\/dancebox.eu\/wp-content\/uploads\/2019\/11\/Couture-320.jpg&#8221; url=&#8221;https:\/\/dancebox.eu\/pl\/kategoria-produktu\/stroje-turniejowe\/&#8221; show_bottom_space=&#8221;off&#8221; force_fullwidth=&#8221;on&#8221; align_tablet=&#8221;center&#8221; align_phone=&#8221;&#8221; align_last_edited=&#8221;on|desktop&#8221; _builder_version=&#8221;4.0.7&#8243; custom_margin=&#8221;||0px|&#8221; border_width_all=&#8221;1px&#8221; border_color_all=&#8221;#eeeeee&#8221; border_color_all_last_edited=&#8221;off|desktop&#8221; border_color_all__hover_enabled=&#8221;on|hover&#8221; border_color_all__hover=&#8221;#9bc537&#8243;][\/et_pb_image][et_pb_text admin_label=&#8221;Title&#8221; _builder_version=&#8221;4.0.7&#8243; text_font_size=&#8221;18px&#8221; text_line_height=&#8221;1.8em&#8221; link_text_color=&#8221;#7a7a7a&#8221; link_font_size=&#8221;16px&#8221; link_letter_spacing=&#8221;3px&#8221; link_line_height=&#8221;1.8em&#8221; header_font=&#8221;||||||||&#8221; header_3_font=&#8221;|600|||||||&#8221; header_3_text_align=&#8221;center&#8221; header_3_font_size=&#8221;24px&#8221; header_3_line_height=&#8221;1.8em&#8221; background_color=&#8221;#ffffff&#8221; text_orientation=&#8221;center&#8221; custom_margin=&#8221;|||&#8221; custom_padding=&#8221;40px|40px|40px|40px&#8221; animation_style=&#8221;fade&#8221; locked=&#8221;off&#8221; link_text_color__hover_enabled=&#8221;on|hover&#8221; link_text_color__hover=&#8221;#9bc537&#8243;]<\/p>\n<h3>Stroje turniejowe<\/h3>\n<p><a href=\"\/pl\/kategoria-produktu\/stroje-turniejowe\/\">Poka\u017c szczeg\u00f3\u0142y<\/a>[\/et_pb_text][\/et_pb_column][\/et_pb_row][\/et_pb_section][et_pb_section fb_built=&#8221;1&#8243; admin_label=&#8221;Products&#8221; _builder_version=&#8221;4.0.7&#8243; background_color=&#8221;#141414&#8243; background_image=&#8221;https:\/\/dancebox.eu\/wp-content\/uploads\/2019\/12\/2343&#215;2.jpg&#8221; parallax=&#8221;on&#8221; top_divider_flip=&#8221;vertical&#8221;][et_pb_row _builder_version=&#8221;4.0.7&#8243; max_width=&#8221;90%&#8221;][et_pb_column type=&#8221;4_4&#8243; _builder_version=&#8221;3.25&#8243; custom_padding=&#8221;|||&#8221; custom_padding__hover=&#8221;|||&#8221;][et_pb_text _builder_version=&#8221;4.0.7&#8243; text_font=&#8221;||||||||&#8221; ul_font=&#8221;||||||||&#8221; ol_font=&#8221;||||||||&#8221; header_font=&#8221;||||||||&#8221; header_2_font=&#8221;||||||||&#8221; header_2_text_color=&#8221;#ffffff&#8221; header_2_font_size=&#8221;48px&#8221; header_2_line_height=&#8221;1.2em&#8221; header_3_font=&#8221;||||||||&#8221; header_4_font=&#8221;||||||||&#8221; header_5_font=&#8221;||||||||&#8221; header_6_font=&#8221;||||||||&#8221; text_orientation=&#8221;center&#8221; custom_margin=&#8221;||0px||false|false&#8221; header_2_font_size_tablet=&#8221;&#8221; header_2_font_size_phone=&#8221;28px&#8221; header_2_font_size_last_edited=&#8221;on|desktop&#8221; locked=&#8221;off&#8221;]<\/p>\n<h2>Wyr\u00f3\u017cnione produkty<\/h2>\n<p>[\/et_pb_text][et_pb_divider color=&#8221;#9bc537&#8243; divider_weight=&#8221;3px&#8221; _builder_version=&#8221;4.0.7&#8243; max_width=&#8221;30px&#8221; module_alignment=&#8221;center&#8221; locked=&#8221;off&#8221;][\/et_pb_divider][et_pb_shop posts_number=&#8221;4&#8243; icon_hover_color=&#8221;#7a7a7a&#8221; hover_overlay_color=&#8221;rgba(255,255,255,0.74)&#8221; hover_icon=&#8221;%%51%%&#8221; _builder_version=&#8221;4.0.7&#8243; title_font=&#8221;|600|||||||&#8221; title_text_color=&#8221;#ffffff&#8221; title_font_size=&#8221;15px&#8221; title_line_height=&#8221;1.6em&#8221; price_font=&#8221;||||||||&#8221; price_text_color=&#8221;#adadad&#8221; price_line_height=&#8221;40px&#8221; rating_text_align=&#8221;center&#8221; text_orientation=&#8221;center&#8221; custom_margin=&#8221;||0px||false|false&#8221; custom_padding=&#8221;||0px||false|false&#8221; border_color_all=&#8221;#e02b20&#8243; box_shadow_style_image=&#8221;preset3&#8243; box_shadow_vertical_image=&#8221;9px&#8221; box_shadow_blur_image=&#8221;10px&#8221; box_shadow_spread_image=&#8221;0px&#8221; box_shadow_color_image=&#8221;rgba(0,0,0,0.58)&#8221;][\/et_pb_shop][\/et_pb_column][\/et_pb_row][\/et_pb_section][et_pb_section fb_built=&#8221;1&#8243; admin_label=&#8221;Products&#8221; _builder_version=&#8221;4.0.7&#8243; module_alignment=&#8221;center&#8221;][et_pb_row _builder_version=&#8221;4.0.7&#8243; max_width=&#8221;90%&#8221;][et_pb_column type=&#8221;4_4&#8243; _builder_version=&#8221;3.25&#8243; custom_padding=&#8221;|||&#8221; custom_padding__hover=&#8221;|||&#8221;][et_pb_text _builder_version=&#8221;4.0.7&#8243; text_font=&#8221;||||||||&#8221; header_font=&#8221;||||||||&#8221; header_2_text_color=&#8221;#000000&#8243; header_2_font_size=&#8221;48px&#8221; header_2_line_height=&#8221;1.2em&#8221; text_orientation=&#8221;center&#8221; background_layout=&#8221;dark&#8221; custom_margin=&#8221;||0px||false|false&#8221; custom_padding_last_edited=&#8221;off|desktop&#8221; header_2_font_size_tablet=&#8221;&#8221; header_2_font_size_phone=&#8221;28px&#8221; header_2_font_size_last_edited=&#8221;on|phone&#8221; locked=&#8221;off&#8221;]<\/p>\n<h2>Nowe produkty<\/h2>\n<p>[\/et_pb_text][et_pb_divider color=&#8221;#9bc537&#8243; divider_weight=&#8221;3px&#8221; _builder_version=&#8221;4.0.7&#8243; max_width=&#8221;30px&#8221; module_alignment=&#8221;center&#8221; locked=&#8221;off&#8221;][\/et_pb_divider][et_pb_shop posts_number=&#8221;8&#8243; columns_number=&#8221;4&#8243; icon_hover_color=&#8221;#7a7a7a&#8221; hover_overlay_color=&#8221;rgba(255,255,255,0.6)&#8221; hover_icon=&#8221;%%51%%&#8221; _builder_version=&#8221;4.0.7&#8243; title_text_align=&#8221;center&#8221; title_text_color=&#8221;#000000&#8243; title_font_size=&#8221;15px&#8221; title_line_height=&#8221;1.6em&#8221; price_text_align=&#8221;center&#8221; price_text_color=&#8221;#7a7a7a&#8221; price_font_size=&#8221;13px&#8221; border_width_all_image=&#8221;1px&#8221; border_color_all_image=&#8221;#eeeeee&#8221; border_color_all_image__hover_enabled=&#8221;on|desktop&#8221; border_color_all_image__hover=&#8221;#9bc537&#8243;][\/et_pb_shop][\/et_pb_column][\/et_pb_row][\/et_pb_section][et_pb_section fb_built=&#8221;1&#8243; admin_label=&#8221;Categories&#8221; _builder_version=&#8221;4.0.7&#8243; background_color=&#8221;#ffffff&#8221;][et_pb_row column_structure=&#8221;1_2,1_2&#8243; make_equal=&#8221;on&#8221; _builder_version=&#8221;4.0.7&#8243; locked=&#8221;off&#8221;][et_pb_column type=&#8221;1_2&#8243; _builder_version=&#8221;3.25&#8243; custom_padding=&#8221;|||&#8221; custom_padding__hover=&#8221;|||&#8221;][et_pb_text _builder_version=&#8221;4.6.3&#8243; _dynamic_attributes=&#8221;link_option_url&#8221; text_line_height=&#8221;2em&#8221; link_font=&#8221;||||||||&#8221; link_text_color=&#8221;#9bc537&#8243; link_letter_spacing=&#8221;2px&#8221; link_line_height=&#8221;1.8em&#8221; ul_font=&#8221;||||||||&#8221; ol_font=&#8221;||||||||&#8221; header_2_font=&#8221;||||||||&#8221; header_3_font=&#8221;||||||||&#8221; header_4_font=&#8221;||||||||&#8221; header_5_font=&#8221;|600|||||||&#8221; header_5_font_size=&#8221;50px&#8221; header_5_line_height=&#8221;1.2em&#8221; use_background_color_gradient=&#8221;on&#8221; background_color_gradient_start=&#8221;rgba(255,255,255,0.9)&#8221; background_color_gradient_end=&#8221;rgba(255,255,255,0.62)&#8221; background_color_gradient_direction=&#8221;0deg&#8221; background_color_gradient_overlays_image=&#8221;on&#8221; background_image=&#8221;https:\/\/dancebox.eu\/wp-content\/uploads\/2019\/11\/DSC0180.jpg&#8221; text_orientation=&#8221;center&#8221; custom_padding=&#8221;70px|25px|70px|25px|true|true&#8221; animation_style=&#8221;zoom&#8221; animation_duration=&#8221;1500ms&#8221; animation_intensity_zoom=&#8221;5%&#8221; link_option_url=&#8221;@ET-DC@eyJkeW5hbWljIjp0cnVlLCJjb250ZW50IjoicG9zdF9saW5rX3VybF9wYWdlIiwic2V0dGluZ3MiOnsicG9zdF9pZCI6IjI1MjA4In19@&#8221; header_5_font_size_tablet=&#8221;&#8221; header_5_font_size_phone=&#8221;36px&#8221; header_5_font_size_last_edited=&#8221;on|desktop&#8221; border_color_all=&#8221;#ffffff&#8221; box_shadow_style=&#8221;preset3&#8243; box_shadow_vertical=&#8221;15px&#8221; box_shadow_blur=&#8221;20px&#8221; box_shadow_spread=&#8221;-5px&#8221; box_shadow_color=&#8221;rgba(0,0,0,0.1)&#8221; background__hover_enabled=&#8221;on|desktop&#8221; null__hover=&#8221;#ffffff&#8221; background_color__hover=&#8221;#ffffff&#8221; background_enable_color__hover=&#8221;on&#8221; use_background_color_gradient__hover=&#8221;on&#8221; background_image__hover=&#8221;https:\/\/dancebox.eu\/wp-content\/uploads\/2019\/11\/DSC0180.jpg&#8221; background_enable_image__hover=&#8221;on&#8221; background_blend__hover=&#8221;normal&#8221; parallax__hover=&#8221;off&#8221; background_color_gradient_start__hover=&#8221;rgba(255,255,255,0.9)&#8221; background_color_gradient_end__hover=&#8221;rgba(255,255,255,0.95)&#8221; background_color_gradient_direction__hover=&#8221;180deg&#8221;]<\/p>\n<h6>\u00a0Sukienki sezonowe<\/h6>\n<h5>OFERTA SPECJALNA<\/h5>\n<p><a href=\"\/pl\/promocja\/\">Kupuj teraz<\/a>[\/et_pb_text][et_pb_text _builder_version=&#8221;4.6.3&#8243; text_text_color=&#8221;#ffffff&#8221; text_line_height=&#8221;2em&#8221; link_font=&#8221;||||||||&#8221; link_text_color=&#8221;#9bc537&#8243; link_letter_spacing=&#8221;2px&#8221; link_line_height=&#8221;1.8em&#8221; ul_font=&#8221;||||||||&#8221; ol_font=&#8221;||||||||&#8221; header_text_color=&#8221;#ffffff&#8221; header_2_font=&#8221;||||||||&#8221; header_3_font=&#8221;||||||||&#8221; header_4_font=&#8221;||||||||&#8221; header_5_font=&#8221;|600|||||||&#8221; header_5_text_color=&#8221;#ffffff&#8221; header_5_font_size=&#8221;50px&#8221; header_5_line_height=&#8221;1.2em&#8221; header_6_text_color=&#8221;#ffffff&#8221; use_background_color_gradient=&#8221;on&#8221; background_color_gradient_start=&#8221;rgba(20,20,20,0.9)&#8221; background_color_gradient_end=&#8221;rgba(20,20,20,0.3)&#8221; background_color_gradient_overlays_image=&#8221;on&#8221; background_image=&#8221;https:\/\/dancebox.eu\/wp-content\/uploads\/2019\/12\/sale2.jpg&#8221; text_orientation=&#8221;center&#8221; custom_padding=&#8221;70px|25px|70px|25px|true|true&#8221; animation_style=&#8221;zoom&#8221; animation_duration=&#8221;1500ms&#8221; animation_intensity_zoom=&#8221;5%&#8221; hover_enabled=&#8221;0&#8243; header_5_font_size_tablet=&#8221;&#8221; header_5_font_size_phone=&#8221;36px&#8221; header_5_font_size_last_edited=&#8221;on|desktop&#8221; border_color_all=&#8221;#ffffff&#8221; box_shadow_style=&#8221;preset3&#8243; box_shadow_vertical=&#8221;15px&#8221; box_shadow_blur=&#8221;20px&#8221; box_shadow_spread=&#8221;-5px&#8221; box_shadow_color=&#8221;rgba(0,0,0,0.1)&#8221; background__hover_enabled=&#8221;on|hover&#8221; background_color_gradient_start__hover=&#8221;rgba(20,20,20,0.9)&#8221; background_color_gradient_end__hover=&#8221;rgba(20,20,20,0.8)&#8221; null__hover=&#8221;rgba(20,20,20,0.95)&#8221; sticky_enabled=&#8221;0&#8243;]<\/p>\n<h6>Sukienki do ta\u0144ca<\/h6>\n<h5>Studio projektowe<\/h5>\n<p><a href=\"\/pl\/o-nas\/\">Zobacz teraz<\/a><\/p>\n<p>[\/et_pb_text][\/et_pb_column][et_pb_column type=&#8221;1_2&#8243; _builder_version=&#8221;4.0.7&#8243; use_background_color_gradient=&#8221;on&#8221; background_color_gradient_start=&#8221;rgba(20,20,20,0.87)&#8221; background_color_gradient_end=&#8221;rgba(20,20,20,0.3)&#8221; background_color_gradient_direction=&#8221;160deg&#8221; background_color_gradient_overlays_image=&#8221;on&#8221; background_image=&#8221;https:\/\/dancebox.eu\/wp-content\/uploads\/2019\/12\/Sale1.jpg&#8221; custom_padding=&#8221;|||&#8221; box_shadow_style=&#8221;preset3&#8243; box_shadow_vertical=&#8221;20px&#8221; box_shadow_blur=&#8221;15px&#8221; box_shadow_spread=&#8221;-5px&#8221; box_shadow_color=&#8221;rgba(0,0,0,0.1)&#8221; custom_padding__hover=&#8221;|||&#8221; background__hover_enabled=&#8221;on|hover&#8221; null__hover=&#8221;#d8d8d8&#8243; background_color_gradient_start__hover=&#8221;rgba(20,20,20,0.9)&#8221; background_color_gradient_end__hover=&#8221;rgba(20,20,20,0.8)&#8221;][et_pb_text _builder_version=&#8221;4.0.7&#8243; text_text_color=&#8221;#ffffff&#8221; text_line_height=&#8221;2em&#8221; link_font=&#8221;||||||||&#8221; link_text_color=&#8221;#9bc537&#8243; link_letter_spacing=&#8221;2px&#8221; link_line_height=&#8221;1.8em&#8221; ul_font=&#8221;||||||||&#8221; ol_font=&#8221;||||||||&#8221; header_text_color=&#8221;#ffffff&#8221; header_2_font=&#8221;||||||||&#8221; header_3_font=&#8221;||||||||&#8221; header_4_font=&#8221;||||||||&#8221; header_5_font=&#8221;|600|||||||&#8221; header_5_text_color=&#8221;#ffffff&#8221; header_5_font_size=&#8221;50px&#8221; header_5_line_height=&#8221;1.2em&#8221; header_6_text_color=&#8221;#ffffff&#8221; text_orientation=&#8221;center&#8221; custom_margin=&#8221;15vh||||false|false&#8221; custom_padding=&#8221;70px|25px|70px|25px|true|true&#8221; animation_style=&#8221;zoom&#8221; animation_duration=&#8221;1500ms&#8221; animation_intensity_zoom=&#8221;5%&#8221; link_option_url=&#8221;https:\/\/dancebox.eu\/gallery\/&#8221; header_5_font_size_tablet=&#8221;&#8221; header_5_font_size_phone=&#8221;36px&#8221; header_5_font_size_last_edited=&#8221;on|desktop&#8221; border_color_all=&#8221;#ffffff&#8221;]<\/p>\n<h6>Sukienki do ta\u0144ca<\/h6>\n<h5>Galeria<\/h5>\n<p><a href=\"\/pl\/galeria\/\">Poka\u017c<\/a><\/p>\n<p>[\/et_pb_text][\/et_pb_column][\/et_pb_row][\/et_pb_section]<\/p>\n","protected":false},"excerpt":{"rendered":"<p>Stroje do praktyki Poka\u017c szczeg\u00f3\u0142yTaniec u\u017cytkowy Poka\u017c szczeg\u00f3\u0142yStroje turniejowe Poka\u017c szczeg\u00f3\u0142yWyr\u00f3\u017cnione produktyNowe produkty\u00a0Sukienki sezonowe OFERTA SPECJALNA Kupuj terazSukienki do ta\u0144ca Studio projektowe Zobacz terazSukienki do ta\u0144ca Galeria Poka\u017c<\/p>\n","protected":false},"author":1,"featured_media":0,"parent":0,"menu_order":0,"comment_status":"open","ping_status":"closed","template":"","meta":{"_et_pb_use_builder":"on","_et_pb_old_content":"","_et_gb_content_width":"","footnotes":""},"class_list":["post-86004","page","type-page","status-publish","hentry"],"_links":{"self":[{"href":"https:\/\/dancebox.eu\/pl\/wp-json\/wp\/v2\/pages\/86004","targetHints":{"allow":["GET"]}}],"collection":[{"href":"https:\/\/dancebox.eu\/pl\/wp-json\/wp\/v2\/pages"}],"about":[{"href":"https:\/\/dancebox.eu\/pl\/wp-json\/wp\/v2\/types\/page"}],"author":[{"embeddable":true,"href":"https:\/\/dancebox.eu\/pl\/wp-json\/wp\/v2\/users\/1"}],"replies":[{"embeddable":true,"href":"https:\/\/dancebox.eu\/pl\/wp-json\/wp\/v2\/comments?post=86004"}],"version-history":[{"count":0,"href":"https:\/\/dancebox.eu\/pl\/wp-json\/wp\/v2\/pages\/86004\/revisions"}],"wp:attachment":[{"href":"https:\/\/dancebox.eu\/pl\/wp-json\/wp\/v2\/media?parent=86004"}],"curies":[{"name":"wp","href":"https:\/\/api.w.org\/{rel}","templated":true}]}}