{"id":86002,"date":"2021-05-14T13:53:32","date_gmt":"2021-05-14T11:53:32","guid":{"rendered":"https:\/\/klienter.dancebox.eu\/na-miare\/"},"modified":"2021-05-14T13:57:23","modified_gmt":"2021-05-14T13:57:23","slug":"na-miare","status":"publish","type":"page","link":"https:\/\/dancebox.eu\/pl\/na-miare\/","title":{"rendered":"Na miar\u0119"},"content":{"rendered":"<p>[et_pb_section fb_built=&#8221;1&#8243; _builder_version=&#8221;3.22&#8243;][et_pb_row _builder_version=&#8221;4.0.4&#8243;][et_pb_column type=&#8221;4_4&#8243; _builder_version=&#8221;4.0.4&#8243;][et_pb_post_title meta=&#8221;off&#8221; featured_image=&#8221;off&#8221; _builder_version=&#8221;4.0.4&#8243;][\/et_pb_post_title][\/et_pb_column][\/et_pb_row][et_pb_row _builder_version=&#8221;3.25&#8243; background_size=&#8221;initial&#8221; background_position=&#8221;top_left&#8221; background_repeat=&#8221;repeat&#8221; custom_padding=&#8221;||11px|||&#8221;][et_pb_column type=&#8221;4_4&#8243; _builder_version=&#8221;3.25&#8243; custom_padding=&#8221;|||&#8221; custom_padding__hover=&#8221;|||&#8221;][et_pb_text _builder_version=&#8221;4.4.7&#8243; background_size=&#8221;initial&#8221; background_position=&#8221;top_left&#8221; background_repeat=&#8221;repeat&#8221; hover_enabled=&#8221;0&#8243;]<\/p>\n<h3>Wykonanie na miar\u0119<\/h3>\n<p>Nasz zesp\u00f3\u0142 posiada wieloletnie do\u015bwiadczenie w projektowaniu i tworzeniu stroj\u00f3w na indywidualne zam\u00f3wienia.<\/p>\n<p>Je\u015bli s\u0105 Pa\u0144stwo zainteresowani strojem uszytym na miar\u0119, zapraszamy do <a href=\"http:\/\/dancebox.pl\/pl\/kontakt\/\">kontaktu<\/a> w celu om\u00f3wienia warunk\u00f3w wsp\u00f3\u0142pracy. Aby przes\u0142a\u0107 nam swoje wymiary, u\u017cyj jednego z formularzy poni\u017cej.<\/p>\n<p>Jeste\u015bmy przekonani \u017ce mo\u017cemy usatysfakcjonowa\u0107 najbardziej wymagaj\u0105cych klient\u00f3w.<!-- divi:paragraph --><\/p>\n<p><!-- \/divi:paragraph --><br \/>\n[\/et_pb_text][\/et_pb_column][\/et_pb_row][et_pb_row column_structure=&#8221;1_3,1_3,1_3&#8243; _builder_version=&#8221;4.0.4&#8243; custom_padding=&#8221;2px||5px|||&#8221;][et_pb_column type=&#8221;1_3&#8243; _builder_version=&#8221;4.0.4&#8243;][et_pb_button button_url=&#8221;https:\/\/dancebox.eu\/pl\/na-miare\/formularz-wymiarow-damskich\/&#8221; button_text=&#8221;Formularz wymiar\u00f3w damskich&#8221; button_alignment=&#8221;center&#8221; _builder_version=&#8221;4.0.7&#8243;][\/et_pb_button][\/et_pb_column][et_pb_column type=&#8221;1_3&#8243; _builder_version=&#8221;4.0.4&#8243;][et_pb_button button_url=&#8221;https:\/\/dancebox.eu\/pl\/na-miare\/wymiary-meskie-gora\/&#8221; button_text=&#8221;Formularz wymiar\u00f3w m\u0119skich (g\u00f3ra)&#8221; button_alignment=&#8221;center&#8221; _builder_version=&#8221;4.0.7&#8243;][\/et_pb_button][\/et_pb_column][et_pb_column type=&#8221;1_3&#8243; _builder_version=&#8221;4.0.4&#8243;][et_pb_button button_url=&#8221;https:\/\/dancebox.eu\/pl\/na-miare\/wymiary-meskie-dol\/&#8221; button_text=&#8221;Formularz wymiar\u00f3w m\u0119skich (d\u00f3\u0142)&#8221; button_alignment=&#8221;center&#8221; _builder_version=&#8221;4.0.7&#8243;][\/et_pb_button][\/et_pb_column][\/et_pb_row][et_pb_row column_structure=&#8221;1_3,1_3,1_3&#8243; _builder_version=&#8221;4.0.4&#8243; custom_padding=&#8221;3px|||||&#8221;][et_pb_column type=&#8221;1_3&#8243; _builder_version=&#8221;4.0.4&#8243;][et_pb_image src=&#8221;https:\/\/dancebox.eu\/wp-content\/uploads\/2019\/11\/woman_sizing.jpg&#8221; url=&#8221;https:\/\/dancebox.eu\/pl\/na-miare\/formularz-wymiarow-damskich\/&#8221; _builder_version=&#8221;4.0.7&#8243;][\/et_pb_image][\/et_pb_column][et_pb_column type=&#8221;1_3&#8243; _builder_version=&#8221;4.0.4&#8243;][et_pb_image src=&#8221;https:\/\/dancebox.eu\/wp-content\/uploads\/2019\/11\/men_sizing.jpg&#8221; url=&#8221;https:\/\/dancebox.eu\/pl\/na-miare\/wymiary-meskie-gora\/&#8221; _builder_version=&#8221;4.0.7&#8243;][\/et_pb_image][\/et_pb_column][et_pb_column type=&#8221;1_3&#8243; _builder_version=&#8221;4.0.4&#8243;][et_pb_image src=&#8221;https:\/\/dancebox.eu\/wp-content\/uploads\/2019\/11\/men_sizing.jpg&#8221; url=&#8221;https:\/\/dancebox.eu\/pl\/na-miare\/wymiary-meskie-dol\/&#8221; _builder_version=&#8221;4.0.7&#8243;][\/et_pb_image][\/et_pb_column][\/et_pb_row][\/et_pb_section]<\/p>\n","protected":false},"excerpt":{"rendered":"<p>Wykonanie na miar\u0119 Nasz zesp\u00f3\u0142 posiada wieloletnie do\u015bwiadczenie w projektowaniu i tworzeniu stroj\u00f3w na indywidualne zam\u00f3wienia. Je\u015bli s\u0105 Pa\u0144stwo zainteresowani strojem uszytym na miar\u0119, zapraszamy do kontaktu w celu om\u00f3wienia warunk\u00f3w wsp\u00f3\u0142pracy. Aby przes\u0142a\u0107 nam swoje wymiary, u\u017cyj jednego z formularzy poni\u017cej. Jeste\u015bmy przekonani \u017ce mo\u017cemy usatysfakcjonowa\u0107 najbardziej wymagaj\u0105cych klient\u00f3w.<\/p>\n","protected":false},"author":1,"featured_media":0,"parent":0,"menu_order":0,"comment_status":"open","ping_status":"closed","template":"","meta":{"_et_pb_use_builder":"on","_et_pb_old_content":"","_et_gb_content_width":"","footnotes":""},"class_list":["post-86002","page","type-page","status-publish","hentry"],"_links":{"self":[{"href":"https:\/\/dancebox.eu\/pl\/wp-json\/wp\/v2\/pages\/86002","targetHints":{"allow":["GET"]}}],"collection":[{"href":"https:\/\/dancebox.eu\/pl\/wp-json\/wp\/v2\/pages"}],"about":[{"href":"https:\/\/dancebox.eu\/pl\/wp-json\/wp\/v2\/types\/page"}],"author":[{"embeddable":true,"href":"https:\/\/dancebox.eu\/pl\/wp-json\/wp\/v2\/users\/1"}],"replies":[{"embeddable":true,"href":"https:\/\/dancebox.eu\/pl\/wp-json\/wp\/v2\/comments?post=86002"}],"version-history":[{"count":0,"href":"https:\/\/dancebox.eu\/pl\/wp-json\/wp\/v2\/pages\/86002\/revisions"}],"wp:attachment":[{"href":"https:\/\/dancebox.eu\/pl\/wp-json\/wp\/v2\/media?parent=86002"}],"curies":[{"name":"wp","href":"https:\/\/api.w.org\/{rel}","templated":true}]}}