{"id":86001,"date":"2021-05-14T13:53:32","date_gmt":"2021-05-14T11:53:32","guid":{"rendered":"https:\/\/klienter.dancebox.eu\/wymiary-meskie-dol\/"},"modified":"2023-05-04T12:07:15","modified_gmt":"2023-05-04T10:07:15","slug":"wymiary-meskie-dol","status":"publish","type":"page","link":"https:\/\/dancebox.eu\/pl\/na-miare\/wymiary-meskie-dol\/","title":{"rendered":"Wymiary m\u0119skie (d\u00f3\u0142)"},"content":{"rendered":"<p>[et_pb_section fb_built=&#8221;1&#8243; _builder_version=&#8221;4.15&#8243; global_colors_info=&#8221;{}&#8221;][et_pb_row _builder_version=&#8221;4.15&#8243; custom_padding=&#8221;4px|||||&#8221; global_colors_info=&#8221;{}&#8221;][et_pb_column type=&#8221;4_4&#8243; _builder_version=&#8221;4.15&#8243; global_colors_info=&#8221;{}&#8221;][et_pb_dmb_breadcrumbs _builder_version=&#8221;4.0.6&#8243; global_colors_info=&#8221;{}&#8221;][\/et_pb_dmb_breadcrumbs][et_pb_post_title meta=&#8221;off&#8221; featured_image=&#8221;off&#8221; _builder_version=&#8221;4.15&#8243; global_colors_info=&#8221;{}&#8221;][\/et_pb_post_title][\/et_pb_column][\/et_pb_row][et_pb_row column_structure=&#8221;1_2,1_2&#8243; _builder_version=&#8221;4.15&#8243; custom_padding=&#8221;3px|||||&#8221; global_colors_info=&#8221;{}&#8221;][et_pb_column type=&#8221;1_2&#8243; _builder_version=&#8221;4.15&#8243; global_colors_info=&#8221;{}&#8221;][et_pb_text _builder_version=&#8221;4.15&#8243; global_colors_info=&#8221;{}&#8221;]<\/p>\n<div class=\"et_pb_module et_pb_text et_pb_text_0 et_pb_text_align_left et_pb_bg_layout_light\">\n<div class=\"et_pb_text_inner\">\n<p>W celu z\u0142o\u017cenia indywidualnego zam\u00f3wienia stroju tanecznego prosimy o bardzo dok\u0142adne wype\u0142nienie poni\u017cszej tabeli wymiar\u00f3w. Rekomendujemy ubranie obcis\u0142ego stroju podczas pomiaru. Prosimy o wymiary w centymetrach (cm).Wype\u0142nij formularz z wymiarami.<\/p>\n<p>Wszystkie pola w formularzu s\u0105 wymagane. W pola nieu\u017cywane prosimy wpisa\u0107 \u201e0\u201d (zero).<\/p>\n<\/div>\n<\/div>\n<p>[\/et_pb_text][et_pb_image src=&#8221;https:\/\/dancebox.eu\/wp-content\/uploads\/2021\/06\/men_sizing.jpg&#8221; show_in_lightbox=&#8221;on&#8221; _builder_version=&#8221;4.15&#8243; global_colors_info=&#8221;{}&#8221;][\/et_pb_image][\/et_pb_column][et_pb_column type=&#8221;1_2&#8243; _builder_version=&#8221;4.15&#8243; global_colors_info=&#8221;{}&#8221;][et_pb_code _builder_version=&#8221;4.15.1&#8243; _module_preset=&#8221;default&#8221; hover_enabled=&#8221;0&#8243; sticky_enabled=&#8221;0&#8243;]<div class=\"forminator-ui forminator-custom-form forminator-custom-form-130310 forminator-design--default  forminator_ajax\" data-forminator-render=\"0\" data-form=\"forminator-module-130310\" data-uid=\"69d6a7416f556\"><br\/><\/div><form\r\n\t\t\t\tid=\"forminator-module-130310\"\r\n\t\t\t\tclass=\"forminator-ui forminator-custom-form forminator-custom-form-130310 forminator-design--default  forminator_ajax\"\r\n\t\t\t\tmethod=\"post\"\r\n\t\t\t\tdata-forminator-render=\"0\"\r\n\t\t\t\tdata-form-id=\"130310\"\r\n\t\t\t\t data-color-option=\"default\" data-design=\"default\" data-grid=\"open\" style=\"display: none;\"\r\n\t\t\t\tdata-uid=\"69d6a7416f556\"\r\n\t\t\t><div role=\"alert\" aria-live=\"polite\" class=\"forminator-response-message forminator-error\" aria-hidden=\"true\"><\/div><div class=\"forminator-row\"><div id=\"section-1\" class=\"forminator-field-section forminator-col forminator-col-12 \"><div class=\"forminator-field\"><h2 class=\"forminator-title\">Dane kontaktowe<\/h2><\/div><\/div><\/div><div class=\"forminator-row\"><div id=\"text-1\" class=\"forminator-field-text forminator-col forminator-col-12 \"><div class=\"forminator-field\"><label for=\"forminator-field-text-1_69d6a7416f556\" id=\"forminator-field-text-1_69d6a7416f556-label\" class=\"forminator-label\">Imi\u0119 i Nazwisko: <span class=\"forminator-required\">*<\/span><\/label><input type=\"text\" name=\"text-1\" value=\"\" placeholder=\"\" id=\"forminator-field-text-1_69d6a7416f556\" class=\"forminator-input forminator-name--field\" data-required=\"1\" \/><\/div><\/div><\/div><div class=\"forminator-row\"><div id=\"phone-1\" class=\"forminator-field-phone forminator-col forminator-col-12 \"><div class=\"forminator-field\"><label for=\"forminator-field-phone-1_69d6a7416f556\" id=\"forminator-field-phone-1_69d6a7416f556-label\" class=\"forminator-label\">Telefon: <span class=\"forminator-required\">*<\/span><\/label><input type=\"text\" name=\"phone-1\" value=\"\" placeholder=\"\" id=\"forminator-field-phone-1_69d6a7416f556\" class=\"forminator-input forminator-field--phone\" data-required=\"1\" aria-required=\"true\" autocomplete=\"off\" \/><\/div><\/div><\/div><div class=\"forminator-row\"><div id=\"email-1\" class=\"forminator-field-email forminator-col forminator-col-12 \"><div class=\"forminator-field\"><label for=\"forminator-field-email-1_69d6a7416f556\" id=\"forminator-field-email-1_69d6a7416f556-label\" class=\"forminator-label\">E-mail: <span class=\"forminator-required\">*<\/span><\/label><input type=\"email\" name=\"email-1\" value=\"\" placeholder=\"\" id=\"forminator-field-email-1_69d6a7416f556\" class=\"forminator-input forminator-email--field\" data-required=\"1\" aria-required=\"true\" autocomplete=\"email\" \/><\/div><\/div><\/div><div class=\"forminator-row\"><div id=\"section-2\" class=\"forminator-field-section forminator-col forminator-col-12 \"><div class=\"forminator-field\"><h2 class=\"forminator-title\">Dodatkowy komentarz<\/h2><\/div><\/div><\/div><div class=\"forminator-row\"><div id=\"textarea-1\" class=\"forminator-field-textarea forminator-col forminator-col-12 \"><div class=\"forminator-field\"><label for=\"forminator-field-textarea-1_69d6a7416f556\" id=\"forminator-field-textarea-1_69d6a7416f556-label\" class=\"forminator-label\">Wpisz dodatkowe uwagi dotycz\u0105ce projektu. (np. kolor tkaniny, rodzaj materia\u0142u, dodatki itp.)<\/label><textarea name=\"textarea-1\" placeholder=\"kolor tkaniny, rodzaj materia\u0142u, dodatki itp.\" id=\"forminator-field-textarea-1_69d6a7416f556\" class=\"forminator-textarea\" rows=\"6\" style=\"min-height:140px;\" ><\/textarea><\/div><\/div><\/div><div class=\"forminator-row\"><div id=\"section-3\" class=\"forminator-field-section forminator-col forminator-col-12 \"><div class=\"forminator-field\"><h2 class=\"forminator-title\">Wymiary<\/h2><\/div><\/div><\/div><div class=\"forminator-row\"><div id=\"select-1\" class=\"forminator-field-select forminator-col forminator-col-12 \"><div class=\"forminator-field\"><label for=\"forminator-form-130310__field--select-1_69d6a7416f556\" id=\"forminator-form-130310__field--select-1_69d6a7416f556-label\" class=\"forminator-label\">Jednostka miary: <span class=\"forminator-required\">*<\/span><\/label><select  id=\"forminator-form-130310__field--select-1_69d6a7416f556\" class=\"forminator-select--field forminator-select2 forminator-select2-multiple\" data-required=\"1\" name=\"select-1\" data-default-value=\"\" data-placeholder=\"Wybierz jedn\u0105 z opcji\" data-search=\"false\" data-search-placeholder=\"Wybierz jedn\u0105 z opcji\" data-checkbox=\"false\" data-allow-clear=\"false\" aria-labelledby=\"forminator-form-130310__field--select-1_69d6a7416f556-label\"><option value=\"\"  >Wybierz jedn\u0105 z opcji<\/option><option value=\"cm\"  data-calculation=\"0\">cm<\/option><option value=\"inch\"  data-calculation=\"0\">inch<\/option><\/select><\/div><\/div><\/div><div class=\"forminator-row\"><div id=\"text-2\" class=\"forminator-field-text forminator-col forminator-col-12 \"><div class=\"forminator-field\"><label for=\"forminator-field-text-2_69d6a7416f556\" id=\"forminator-field-text-2_69d6a7416f556-label\" class=\"forminator-label\">1. Wzrost: <span class=\"forminator-required\">*<\/span><\/label><input type=\"text\" name=\"text-2\" value=\"\" placeholder=\"\" id=\"forminator-field-text-2_69d6a7416f556\" class=\"forminator-input forminator-name--field\" data-required=\"1\" \/><\/div><\/div><\/div><div class=\"forminator-row\"><div id=\"text-3\" class=\"forminator-field-text forminator-col forminator-col-12 \"><div class=\"forminator-field\"><label for=\"forminator-field-text-3_69d6a7416f556\" id=\"forminator-field-text-3_69d6a7416f556-label\" class=\"forminator-label\">4. Obw\u00f3d pasa na poziomie p\u0119pka: <span class=\"forminator-required\">*<\/span><\/label><input type=\"text\" name=\"text-3\" value=\"\" placeholder=\"\" id=\"forminator-field-text-3_69d6a7416f556\" class=\"forminator-input forminator-name--field\" data-required=\"1\" \/><\/div><\/div><\/div><div class=\"forminator-row\"><div id=\"text-4\" class=\"forminator-field-text forminator-col forminator-col-12 \"><div class=\"forminator-field\"><label for=\"forminator-field-text-4_69d6a7416f556\" id=\"forminator-field-text-4_69d6a7416f556-label\" class=\"forminator-label\">5. Obw\u00f3d brzucha (10 cm poni\u017cej pasa lub w najszerszym miejscu): <span class=\"forminator-required\">*<\/span><\/label><input type=\"text\" name=\"text-4\" value=\"\" placeholder=\"\" id=\"forminator-field-text-4_69d6a7416f556\" class=\"forminator-input forminator-name--field\" data-required=\"1\" \/><\/div><\/div><\/div><div class=\"forminator-row\"><div id=\"text-5\" class=\"forminator-field-text forminator-col forminator-col-12 \"><div class=\"forminator-field\"><label for=\"forminator-field-text-5_69d6a7416f556\" id=\"forminator-field-text-5_69d6a7416f556-label\" class=\"forminator-label\">6. Obw\u00f3d bioder w najszerszym miejscu: <span class=\"forminator-required\">*<\/span><\/label><input type=\"text\" name=\"text-5\" value=\"\" placeholder=\"\" id=\"forminator-field-text-5_69d6a7416f556\" class=\"forminator-input forminator-name--field\" data-required=\"1\" \/><\/div><\/div><\/div><div class=\"forminator-row\"><div id=\"text-6\" class=\"forminator-field-text forminator-col forminator-col-12 \"><div class=\"forminator-field\"><label for=\"forminator-field-text-6_69d6a7416f556\" id=\"forminator-field-text-6_69d6a7416f556-label\" class=\"forminator-label\">13. Krok (mierzony od \u015brodka talii przodu do \u015brodka talii ty\u0142u): <span class=\"forminator-required\">*<\/span><\/label><input type=\"text\" name=\"text-6\" value=\"\" placeholder=\"\" id=\"forminator-field-text-6_69d6a7416f556\" class=\"forminator-input forminator-name--field\" data-required=\"1\" \/><\/div><\/div><\/div><div class=\"forminator-row\"><div id=\"text-7\" class=\"forminator-field-text forminator-col forminator-col-12 \"><div class=\"forminator-field\"><label for=\"forminator-field-text-7_69d6a7416f556\" id=\"forminator-field-text-7_69d6a7416f556-label\" class=\"forminator-label\">15. Obw\u00f3d uda( mierzony w najszerszym miejscu): <span class=\"forminator-required\">*<\/span><\/label><input type=\"text\" name=\"text-7\" value=\"\" placeholder=\"\" id=\"forminator-field-text-7_69d6a7416f556\" class=\"forminator-input forminator-name--field\" data-required=\"1\" \/><\/div><\/div><\/div><div class=\"forminator-row\"><div id=\"text-8\" class=\"forminator-field-text forminator-col forminator-col-12 \"><div class=\"forminator-field\"><label for=\"forminator-field-text-8_69d6a7416f556\" id=\"forminator-field-text-8_69d6a7416f556-label\" class=\"forminator-label\">16. D\u0142ugo\u015b\u0107 spodni (od p\u0119pka do pod\u0142ogi, bez but\u00f3w): <span class=\"forminator-required\">*<\/span><\/label><input type=\"text\" name=\"text-8\" value=\"\" placeholder=\"\" id=\"forminator-field-text-8_69d6a7416f556\" class=\"forminator-input forminator-name--field\" data-required=\"1\" \/><\/div><\/div><\/div><div class=\"forminator-row\"><div id=\"text-9\" class=\"forminator-field-text forminator-col forminator-col-12 \"><div class=\"forminator-field\"><label for=\"forminator-field-text-9_69d6a7416f556\" id=\"forminator-field-text-9_69d6a7416f556-label\" class=\"forminator-label\">17. Szeroko\u015b\u0107 nogawki (od boku do boku): <span class=\"forminator-required\">*<\/span><\/label><input type=\"text\" name=\"text-9\" value=\"\" placeholder=\"\" id=\"forminator-field-text-9_69d6a7416f556\" class=\"forminator-input forminator-name--field\" data-required=\"1\" \/><\/div><\/div><\/div><div class=\"forminator-row\"><div id=\"text-10\" class=\"forminator-field-text forminator-col forminator-col-12 \"><div class=\"forminator-field\"><label for=\"forminator-field-text-10_69d6a7416f556\" id=\"forminator-field-text-10_69d6a7416f556-label\" class=\"forminator-label\">18. D\u0142ugo\u015b\u0107 szwu wewn\u0119trznego: <span class=\"forminator-required\">*<\/span><\/label><input type=\"text\" name=\"text-10\" value=\"\" placeholder=\"\" id=\"forminator-field-text-10_69d6a7416f556\" class=\"forminator-input forminator-name--field\" data-required=\"1\" \/><\/div><\/div><\/div><div class=\"forminator-row\"><div id=\"text-11\" class=\"forminator-field-text forminator-col forminator-col-12 \"><div class=\"forminator-field\"><label for=\"forminator-field-text-11_69d6a7416f556\" id=\"forminator-field-text-11_69d6a7416f556-label\" class=\"forminator-label\">19. D\u0142ugo\u015b\u0107 ramienia: <span class=\"forminator-required\">*<\/span><\/label><input type=\"text\" name=\"text-11\" value=\"\" placeholder=\"\" id=\"forminator-field-text-11_69d6a7416f556\" class=\"forminator-input forminator-name--field\" data-required=\"1\" \/><\/div><\/div><\/div><input type=\"hidden\" name=\"referer_url\" value=\"\" \/><div class=\"forminator-row forminator-row-last\"><div class=\"forminator-col\"><div class=\"forminator-field\"><button class=\"forminator-button forminator-button-submit\">Wy\u015blij<\/button><\/div><\/div><\/div><input type=\"hidden\" id=\"forminator_nonce\" name=\"forminator_nonce\" value=\"4bc67b52e5\" \/><input type=\"hidden\" name=\"_wp_http_referer\" value=\"\/pl\/wp-json\/wp\/v2\/pages\/86001\" \/><input type=\"hidden\" name=\"form_id\" value=\"130310\"><input type=\"hidden\" name=\"page_id\" value=\"86001\"><input type=\"hidden\" name=\"form_type\" value=\"default\"><input type=\"hidden\" name=\"current_url\" value=\"https:\/\/dancebox.eu\/pl\/na-miare\/wymiary-meskie-dol\/\"><input type=\"hidden\" name=\"render_id\" value=\"0\"><input type=\"hidden\" name=\"action\" value=\"forminator_submit_form_custom-forms\"><\/form>[\/et_pb_code][\/et_pb_column][\/et_pb_row][\/et_pb_section]<\/p>\n","protected":false},"excerpt":{"rendered":"<p>W celu z\u0142o\u017cenia indywidualnego zam\u00f3wienia stroju tanecznego prosimy o bardzo dok\u0142adne wype\u0142nienie poni\u017cszej tabeli wymiar\u00f3w. Rekomendujemy ubranie obcis\u0142ego stroju podczas pomiaru. Prosimy o wymiary w centymetrach (cm).Wype\u0142nij formularz z wymiarami. Wszystkie pola w formularzu s\u0105 wymagane. W pola nieu\u017cywane prosimy wpisa\u0107 \u201e0\u201d (zero). <div class=\"forminator-ui forminator-custom-form forminator-custom-form-130310 forminator-design--default  forminator_ajax\" data-forminator-render=\"1\" data-form=\"forminator-module-130310\" data-uid=\"69d6a7419498e\"><br\/><\/div><form\r\n\t\t\t\tid=\"forminator-module-130310\"\r\n\t\t\t\tclass=\"forminator-ui forminator-custom-form forminator-custom-form-130310 forminator-design--default  forminator_ajax\"\r\n\t\t\t\tmethod=\"post\"\r\n\t\t\t\tdata-forminator-render=\"1\"\r\n\t\t\t\tdata-form-id=\"130310\"\r\n\t\t\t\t data-color-option=\"default\" data-design=\"default\" data-grid=\"open\" style=\"display: none;\"\r\n\t\t\t\tdata-uid=\"69d6a7419498e\"\r\n\t\t\t><div role=\"alert\" aria-live=\"polite\" class=\"forminator-response-message forminator-error\" aria-hidden=\"true\"><\/div><div class=\"forminator-row\"><div id=\"section-1\" class=\"forminator-field-section forminator-col forminator-col-12 \"><div class=\"forminator-field\"><h2 class=\"forminator-title\">Dane kontaktowe<\/h2><\/div><\/div><\/div><div class=\"forminator-row\"><div id=\"text-1\" class=\"forminator-field-text forminator-col forminator-col-12 \"><div class=\"forminator-field\"><label for=\"forminator-field-text-1_69d6a7419498e\" id=\"forminator-field-text-1_69d6a7419498e-label\" class=\"forminator-label\">Imi\u0119 i Nazwisko: <span class=\"forminator-required\">*<\/span><\/label><input type=\"text\" name=\"text-1\" value=\"\" placeholder=\"\" id=\"forminator-field-text-1_69d6a7419498e\" class=\"forminator-input forminator-name--field\" data-required=\"1\" \/><\/div><\/div><\/div><div class=\"forminator-row\"><div id=\"phone-1\" class=\"forminator-field-phone forminator-col forminator-col-12 \"><div class=\"forminator-field\"><label for=\"forminator-field-phone-1_69d6a7419498e\" id=\"forminator-field-phone-1_69d6a7419498e-label\" class=\"forminator-label\">Telefon: <span class=\"forminator-required\">*<\/span><\/label><input type=\"text\" name=\"phone-1\" value=\"\" placeholder=\"\" id=\"forminator-field-phone-1_69d6a7419498e\" class=\"forminator-input forminator-field--phone\" data-required=\"1\" aria-required=\"true\" autocomplete=\"off\" \/><\/div><\/div><\/div><div class=\"forminator-row\"><div id=\"email-1\" class=\"forminator-field-email forminator-col forminator-col-12 \"><div class=\"forminator-field\"><label for=\"forminator-field-email-1_69d6a7419498e\" id=\"forminator-field-email-1_69d6a7419498e-label\" class=\"forminator-label\">E-mail: <span class=\"forminator-required\">*<\/span><\/label><input type=\"email\" name=\"email-1\" value=\"\" placeholder=\"\" id=\"forminator-field-email-1_69d6a7419498e\" class=\"forminator-input forminator-email--field\" data-required=\"1\" aria-required=\"true\" autocomplete=\"email\" \/><\/div><\/div><\/div><div class=\"forminator-row\"><div id=\"section-2\" class=\"forminator-field-section forminator-col forminator-col-12 \"><div class=\"forminator-field\"><h2 class=\"forminator-title\">Dodatkowy komentarz<\/h2><\/div><\/div><\/div><div class=\"forminator-row\"><div id=\"textarea-1\" class=\"forminator-field-textarea forminator-col forminator-col-12 \"><div class=\"forminator-field\"><label for=\"forminator-field-textarea-1_69d6a7419498e\" id=\"forminator-field-textarea-1_69d6a7419498e-label\" class=\"forminator-label\">Wpisz dodatkowe uwagi dotycz\u0105ce projektu. (np. kolor tkaniny, rodzaj materia\u0142u, dodatki itp.)<\/label><textarea name=\"textarea-1\" placeholder=\"kolor tkaniny, rodzaj materia\u0142u, dodatki itp.\" id=\"forminator-field-textarea-1_69d6a7419498e\" class=\"forminator-textarea\" rows=\"6\" style=\"min-height:140px;\" ><\/textarea><\/div><\/div><\/div><div class=\"forminator-row\"><div id=\"section-3\" class=\"forminator-field-section forminator-col forminator-col-12 \"><div class=\"forminator-field\"><h2 class=\"forminator-title\">Wymiary<\/h2><\/div><\/div><\/div><div class=\"forminator-row\"><div id=\"select-1\" class=\"forminator-field-select forminator-col forminator-col-12 \"><div class=\"forminator-field\"><label for=\"forminator-form-130310__field--select-1_69d6a7419498e\" id=\"forminator-form-130310__field--select-1_69d6a7419498e-label\" class=\"forminator-label\">Jednostka miary: <span class=\"forminator-required\">*<\/span><\/label><select  id=\"forminator-form-130310__field--select-1_69d6a7419498e\" class=\"forminator-select--field forminator-select2 forminator-select2-multiple\" data-required=\"1\" name=\"select-1\" data-default-value=\"\" data-placeholder=\"Wybierz jedn\u0105 z opcji\" data-search=\"false\" data-search-placeholder=\"Wybierz jedn\u0105 z opcji\" data-checkbox=\"false\" data-allow-clear=\"false\" aria-labelledby=\"forminator-form-130310__field--select-1_69d6a7419498e-label\"><option value=\"\"  >Wybierz jedn\u0105 z opcji<\/option><option value=\"cm\"  data-calculation=\"0\">cm<\/option><option value=\"inch\"  data-calculation=\"0\">inch<\/option><\/select><\/div><\/div><\/div><div class=\"forminator-row\"><div id=\"text-2\" class=\"forminator-field-text forminator-col forminator-col-12 \"><div class=\"forminator-field\"><label for=\"forminator-field-text-2_69d6a7419498e\" id=\"forminator-field-text-2_69d6a7419498e-label\" class=\"forminator-label\">1. Wzrost: <span class=\"forminator-required\">*<\/span><\/label><input type=\"text\" name=\"text-2\" value=\"\" placeholder=\"\" id=\"forminator-field-text-2_69d6a7419498e\" class=\"forminator-input forminator-name--field\" data-required=\"1\" \/><\/div><\/div><\/div><div class=\"forminator-row\"><div id=\"text-3\" class=\"forminator-field-text forminator-col forminator-col-12 \"><div class=\"forminator-field\"><label for=\"forminator-field-text-3_69d6a7419498e\" id=\"forminator-field-text-3_69d6a7419498e-label\" class=\"forminator-label\">4. Obw\u00f3d pasa na poziomie p\u0119pka: <span class=\"forminator-required\">*<\/span><\/label><input type=\"text\" name=\"text-3\" value=\"\" placeholder=\"\" id=\"forminator-field-text-3_69d6a7419498e\" class=\"forminator-input forminator-name--field\" data-required=\"1\" \/><\/div><\/div><\/div><div class=\"forminator-row\"><div id=\"text-4\" class=\"forminator-field-text forminator-col forminator-col-12 \"><div class=\"forminator-field\"><label for=\"forminator-field-text-4_69d6a7419498e\" id=\"forminator-field-text-4_69d6a7419498e-label\" class=\"forminator-label\">5. Obw\u00f3d brzucha (10 cm poni\u017cej pasa lub w najszerszym miejscu): <span class=\"forminator-required\">*<\/span><\/label><input type=\"text\" name=\"text-4\" value=\"\" placeholder=\"\" id=\"forminator-field-text-4_69d6a7419498e\" class=\"forminator-input forminator-name--field\" data-required=\"1\" \/><\/div><\/div><\/div><div class=\"forminator-row\"><div id=\"text-5\" class=\"forminator-field-text forminator-col forminator-col-12 \"><div class=\"forminator-field\"><label for=\"forminator-field-text-5_69d6a7419498e\" id=\"forminator-field-text-5_69d6a7419498e-label\" class=\"forminator-label\">6. Obw\u00f3d bioder w najszerszym miejscu: <span class=\"forminator-required\">*<\/span><\/label><input type=\"text\" name=\"text-5\" value=\"\" placeholder=\"\" id=\"forminator-field-text-5_69d6a7419498e\" class=\"forminator-input forminator-name--field\" data-required=\"1\" \/><\/div><\/div><\/div><div class=\"forminator-row\"><div id=\"text-6\" class=\"forminator-field-text forminator-col forminator-col-12 \"><div class=\"forminator-field\"><label for=\"forminator-field-text-6_69d6a7419498e\" id=\"forminator-field-text-6_69d6a7419498e-label\" class=\"forminator-label\">13. Krok (mierzony od \u015brodka talii przodu do \u015brodka talii ty\u0142u): <span class=\"forminator-required\">*<\/span><\/label><input type=\"text\" name=\"text-6\" value=\"\" placeholder=\"\" id=\"forminator-field-text-6_69d6a7419498e\" class=\"forminator-input forminator-name--field\" data-required=\"1\" \/><\/div><\/div><\/div><div class=\"forminator-row\"><div id=\"text-7\" class=\"forminator-field-text forminator-col forminator-col-12 \"><div class=\"forminator-field\"><label for=\"forminator-field-text-7_69d6a7419498e\" id=\"forminator-field-text-7_69d6a7419498e-label\" class=\"forminator-label\">15. Obw\u00f3d uda( mierzony w najszerszym miejscu): <span class=\"forminator-required\">*<\/span><\/label><input type=\"text\" name=\"text-7\" value=\"\" placeholder=\"\" id=\"forminator-field-text-7_69d6a7419498e\" class=\"forminator-input forminator-name--field\" data-required=\"1\" \/><\/div><\/div><\/div><div class=\"forminator-row\"><div id=\"text-8\" class=\"forminator-field-text forminator-col forminator-col-12 \"><div class=\"forminator-field\"><label for=\"forminator-field-text-8_69d6a7419498e\" id=\"forminator-field-text-8_69d6a7419498e-label\" class=\"forminator-label\">16. D\u0142ugo\u015b\u0107 spodni (od p\u0119pka do pod\u0142ogi, bez but\u00f3w): <span class=\"forminator-required\">*<\/span><\/label><input type=\"text\" name=\"text-8\" value=\"\" placeholder=\"\" id=\"forminator-field-text-8_69d6a7419498e\" class=\"forminator-input forminator-name--field\" data-required=\"1\" \/><\/div><\/div><\/div><div class=\"forminator-row\"><div id=\"text-9\" class=\"forminator-field-text forminator-col forminator-col-12 \"><div class=\"forminator-field\"><label for=\"forminator-field-text-9_69d6a7419498e\" id=\"forminator-field-text-9_69d6a7419498e-label\" class=\"forminator-label\">17. Szeroko\u015b\u0107 nogawki (od boku do boku): <span class=\"forminator-required\">*<\/span><\/label><input type=\"text\" name=\"text-9\" value=\"\" placeholder=\"\" id=\"forminator-field-text-9_69d6a7419498e\" class=\"forminator-input forminator-name--field\" data-required=\"1\" \/><\/div><\/div><\/div><div class=\"forminator-row\"><div id=\"text-10\" class=\"forminator-field-text forminator-col forminator-col-12 \"><div class=\"forminator-field\"><label for=\"forminator-field-text-10_69d6a7419498e\" id=\"forminator-field-text-10_69d6a7419498e-label\" class=\"forminator-label\">18. D\u0142ugo\u015b\u0107 szwu wewn\u0119trznego: <span class=\"forminator-required\">*<\/span><\/label><input type=\"text\" name=\"text-10\" value=\"\" placeholder=\"\" id=\"forminator-field-text-10_69d6a7419498e\" class=\"forminator-input forminator-name--field\" data-required=\"1\" \/><\/div><\/div><\/div><div class=\"forminator-row\"><div id=\"text-11\" class=\"forminator-field-text forminator-col forminator-col-12 \"><div class=\"forminator-field\"><label for=\"forminator-field-text-11_69d6a7419498e\" id=\"forminator-field-text-11_69d6a7419498e-label\" class=\"forminator-label\">19. D\u0142ugo\u015b\u0107 ramienia: <span class=\"forminator-required\">*<\/span><\/label><input type=\"text\" name=\"text-11\" value=\"\" placeholder=\"\" id=\"forminator-field-text-11_69d6a7419498e\" class=\"forminator-input forminator-name--field\" data-required=\"1\" \/><\/div><\/div><\/div><input type=\"hidden\" name=\"referer_url\" value=\"\" \/><div class=\"forminator-row forminator-row-last\"><div class=\"forminator-col\"><div class=\"forminator-field\"><button class=\"forminator-button forminator-button-submit\">Wy\u015blij<\/button><\/div><\/div><\/div><input type=\"hidden\" id=\"forminator_nonce\" name=\"forminator_nonce\" value=\"4bc67b52e5\" \/><input type=\"hidden\" name=\"_wp_http_referer\" value=\"\/pl\/wp-json\/wp\/v2\/pages\/86001\" \/><input type=\"hidden\" name=\"form_id\" value=\"130310\"><input type=\"hidden\" name=\"page_id\" value=\"86001\"><input type=\"hidden\" name=\"form_type\" value=\"default\"><input type=\"hidden\" name=\"current_url\" value=\"https:\/\/dancebox.eu\/pl\/na-miare\/wymiary-meskie-dol\/\"><input type=\"hidden\" name=\"render_id\" value=\"1\"><input type=\"hidden\" name=\"action\" value=\"forminator_submit_form_custom-forms\"><\/form><\/p>\n","protected":false},"author":1,"featured_media":0,"parent":86002,"menu_order":0,"comment_status":"open","ping_status":"closed","template":"","meta":{"_et_pb_use_builder":"on","_et_pb_old_content":"","_et_gb_content_width":"","footnotes":""},"class_list":["post-86001","page","type-page","status-publish","hentry"],"_links":{"self":[{"href":"https:\/\/dancebox.eu\/pl\/wp-json\/wp\/v2\/pages\/86001","targetHints":{"allow":["GET"]}}],"collection":[{"href":"https:\/\/dancebox.eu\/pl\/wp-json\/wp\/v2\/pages"}],"about":[{"href":"https:\/\/dancebox.eu\/pl\/wp-json\/wp\/v2\/types\/page"}],"author":[{"embeddable":true,"href":"https:\/\/dancebox.eu\/pl\/wp-json\/wp\/v2\/users\/1"}],"replies":[{"embeddable":true,"href":"https:\/\/dancebox.eu\/pl\/wp-json\/wp\/v2\/comments?post=86001"}],"version-history":[{"count":10,"href":"https:\/\/dancebox.eu\/pl\/wp-json\/wp\/v2\/pages\/86001\/revisions"}],"predecessor-version":[{"id":134238,"href":"https:\/\/dancebox.eu\/pl\/wp-json\/wp\/v2\/pages\/86001\/revisions\/134238"}],"up":[{"embeddable":true,"href":"https:\/\/dancebox.eu\/pl\/wp-json\/wp\/v2\/pages\/86002"}],"wp:attachment":[{"href":"https:\/\/dancebox.eu\/pl\/wp-json\/wp\/v2\/media?parent=86001"}],"curies":[{"name":"wp","href":"https:\/\/api.w.org\/{rel}","templated":true}]}}