{"id":86043,"date":"2021-05-14T13:53:32","date_gmt":"2021-05-14T11:53:32","guid":{"rendered":"https:\/\/klienter.dancebox.eu\/tableau-de-prises-des-mesures-hommes-pantalon\/"},"modified":"2023-05-04T12:07:15","modified_gmt":"2023-05-04T10:07:15","slug":"tableau-de-prises-des-mesures-hommes-pantalon","status":"publish","type":"page","link":"https:\/\/dancebox.eu\/fr\/sur-mesure\/tableau-de-prises-des-mesures-hommes-pantalon\/","title":{"rendered":"Tableau de prises des mesures hommes (pantalon)"},"content":{"rendered":"<p>[et_pb_section fb_built=\u00a0\u00bb1&Prime; _builder_version=\u00a0\u00bb4.15&Prime; global_colors_info=\u00a0\u00bb{}\u00a0\u00bb][et_pb_row _builder_version=\u00a0\u00bb4.15&Prime; custom_padding=\u00a0\u00bb4px|||||\u00a0\u00bb global_colors_info=\u00a0\u00bb{}\u00a0\u00bb][et_pb_column type=\u00a0\u00bb4_4&Prime; _builder_version=\u00a0\u00bb4.15&Prime; global_colors_info=\u00a0\u00bb{}\u00a0\u00bb][et_pb_dmb_breadcrumbs _builder_version=\u00a0\u00bb4.0.6&Prime; global_colors_info=\u00a0\u00bb{}\u00a0\u00bb][\/et_pb_dmb_breadcrumbs][et_pb_post_title meta=\u00a0\u00bboff\u00a0\u00bb featured_image=\u00a0\u00bboff\u00a0\u00bb _builder_version=\u00a0\u00bb4.15&Prime; global_colors_info=\u00a0\u00bb{}\u00a0\u00bb][\/et_pb_post_title][\/et_pb_column][\/et_pb_row][et_pb_row column_structure=\u00a0\u00bb1_2,1_2&Prime; _builder_version=\u00a0\u00bb4.15&Prime; custom_padding=\u00a0\u00bb3px|||||\u00a0\u00bb global_colors_info=\u00a0\u00bb{}\u00a0\u00bb][et_pb_column type=\u00a0\u00bb1_2&Prime; _builder_version=\u00a0\u00bb4.15&Prime; global_colors_info=\u00a0\u00bb{}\u00a0\u00bb][et_pb_text _builder_version=\u00a0\u00bb4.15&Prime; global_colors_info=\u00a0\u00bb{}\u00a0\u00bb]La prise des mesures correcte est d\u2019une importance capitale afin de nous permettre de cr\u00e9er votre v\u00eatement sur mesure parfait. Nous vous recommandons de porter des v\u00eatements l\u00e9gers ,tr\u00e8s juste au corps et de demander \u00e0 quelqu\u2019un de prendre les mesures pour vous, de pr\u00e9f\u00e9rence une couturi\u00e8re o\u00f9 autre personne du m\u00e9tier. Utilisez un m\u00e8tre \u00e0 ruban non-\u00e9lastique. Vous pouvez choisir entre centim\u00e8tres (cm) o\u00f9 pouces (inches) pour nous donner vos mesures.<\/p>\n<p>Remplissez svp le tableau ci-dessous pour proc\u00e9der avec votre v\u00eatement sur mesure. Tous les champs doivent \u00eatre remplis! Inscrivez un \u00ab\u00a00\u00a0\u00bb dans les champs qui ne sont pas d\u2019application pour vous.[\/et_pb_text][et_pb_image src=\u00a0\u00bbhttps:\/\/dancebox.eu\/wp-content\/uploads\/2021\/06\/men_sizing.jpg\u00a0\u00bb show_in_lightbox=\u00a0\u00bbon\u00a0\u00bb _builder_version=\u00a0\u00bb4.15&Prime; global_colors_info=\u00a0\u00bb{}\u00a0\u00bb][\/et_pb_image][\/et_pb_column][et_pb_column type=\u00a0\u00bb1_2&Prime; _builder_version=\u00a0\u00bb4.15&Prime; global_colors_info=\u00a0\u00bb{}\u00a0\u00bb][et_pb_code _builder_version=\u00a0\u00bb4.15.1&Prime; _module_preset=\u00a0\u00bbdefault\u00a0\u00bb hover_enabled=\u00a0\u00bb0&Prime; sticky_enabled=\u00a0\u00bb0&Prime;]<div class=\"forminator-ui forminator-custom-form forminator-custom-form-130309 forminator-design--default  forminator_ajax\" data-forminator-render=\"0\" data-form=\"forminator-module-130309\" data-uid=\"69d9155b04cb8\"><br\/><\/div><form\r\n\t\t\t\tid=\"forminator-module-130309\"\r\n\t\t\t\tclass=\"forminator-ui forminator-custom-form forminator-custom-form-130309 forminator-design--default  forminator_ajax\"\r\n\t\t\t\tmethod=\"post\"\r\n\t\t\t\tdata-forminator-render=\"0\"\r\n\t\t\t\tdata-form-id=\"130309\"\r\n\t\t\t\t data-color-option=\"default\" data-design=\"default\" data-grid=\"open\" style=\"display: none;\"\r\n\t\t\t\tdata-uid=\"69d9155b04cb8\"\r\n\t\t\t><div role=\"alert\" aria-live=\"polite\" class=\"forminator-response-message forminator-error\" aria-hidden=\"true\"><\/div><div class=\"forminator-row\"><div id=\"section-1\" class=\"forminator-field-section forminator-col forminator-col-12 \"><div class=\"forminator-field\"><h2 class=\"forminator-title\">Vos coordonn\u00e9s<\/h2><\/div><\/div><\/div><div class=\"forminator-row\"><div id=\"text-1\" class=\"forminator-field-text forminator-col forminator-col-12 \"><div class=\"forminator-field\"><label for=\"forminator-field-text-1_69d9155b04cb8\" id=\"forminator-field-text-1_69d9155b04cb8-label\" class=\"forminator-label\">Nom et Pr\u00e9nom: <span class=\"forminator-required\">*<\/span><\/label><input type=\"text\" name=\"text-1\" value=\"\" placeholder=\"\" id=\"forminator-field-text-1_69d9155b04cb8\" class=\"forminator-input forminator-name--field\" data-required=\"1\" \/><\/div><\/div><\/div><div class=\"forminator-row\"><div id=\"phone-1\" class=\"forminator-field-phone forminator-col forminator-col-12 \"><div class=\"forminator-field\"><label for=\"forminator-field-phone-1_69d9155b04cb8\" id=\"forminator-field-phone-1_69d9155b04cb8-label\" class=\"forminator-label\">Num\u00e9ro de t\u00e9l\u00e9phone: <span class=\"forminator-required\">*<\/span><\/label><input type=\"text\" name=\"phone-1\" value=\"\" placeholder=\"\" id=\"forminator-field-phone-1_69d9155b04cb8\" class=\"forminator-input forminator-field--phone\" data-required=\"1\" aria-required=\"true\" autocomplete=\"off\" \/><\/div><\/div><\/div><div class=\"forminator-row\"><div id=\"email-1\" class=\"forminator-field-email forminator-col forminator-col-12 \"><div class=\"forminator-field\"><label for=\"forminator-field-email-1_69d9155b04cb8\" id=\"forminator-field-email-1_69d9155b04cb8-label\" class=\"forminator-label\">Courriel: <span class=\"forminator-required\">*<\/span><\/label><input type=\"email\" name=\"email-1\" value=\"\" placeholder=\"\" id=\"forminator-field-email-1_69d9155b04cb8\" class=\"forminator-input forminator-email--field\" data-required=\"1\" aria-required=\"true\" autocomplete=\"email\" \/><\/div><\/div><\/div><div class=\"forminator-row\"><div id=\"section-2\" class=\"forminator-field-section forminator-col forminator-col-12 \"><div class=\"forminator-field\"><h2 class=\"forminator-title\">Commentaires suppl\u00e9mentaires<\/h2><\/div><\/div><\/div><div class=\"forminator-row\"><div id=\"textarea-1\" class=\"forminator-field-textarea forminator-col forminator-col-12 \"><div class=\"forminator-field\"><label for=\"forminator-field-textarea-1_69d9155b04cb8\" id=\"forminator-field-textarea-1_69d9155b04cb8-label\" class=\"forminator-label\">Merci de donner une br\u00e8ve description de votre v\u00eatement sur mesure (couleur, tissus, changements de style, type\/couleurs du strass etc. souhait\u00e9s).<\/label><textarea name=\"textarea-1\" placeholder=\"couleur, tissus, changements de style, type\/couleurs du strass etc. souhait\u00e9s\" id=\"forminator-field-textarea-1_69d9155b04cb8\" class=\"forminator-textarea\" rows=\"6\" style=\"min-height:140px;\" ><\/textarea><\/div><\/div><\/div><div class=\"forminator-row\"><div id=\"section-3\" class=\"forminator-field-section forminator-col forminator-col-12 \"><div class=\"forminator-field\"><h2 class=\"forminator-title\">Mesures<\/h2><\/div><\/div><\/div><div class=\"forminator-row\"><div id=\"select-1\" class=\"forminator-field-select forminator-col forminator-col-12 \"><div class=\"forminator-field\"><label for=\"forminator-form-130309__field--select-1_69d9155b04cb8\" id=\"forminator-form-130309__field--select-1_69d9155b04cb8-label\" class=\"forminator-label\">Unit\u00e9 de mesure: <span class=\"forminator-required\">*<\/span><\/label><select  id=\"forminator-form-130309__field--select-1_69d9155b04cb8\" class=\"forminator-select--field forminator-select2 forminator-select2-multiple\" data-required=\"1\" name=\"select-1\" data-default-value=\"\" data-placeholder=\"Merci de choisir une option\" data-search=\"false\" data-search-placeholder=\"Merci de choisir une option\" data-checkbox=\"false\" data-allow-clear=\"false\" aria-labelledby=\"forminator-form-130309__field--select-1_69d9155b04cb8-label\"><option value=\"\"  >Merci de choisir une option<\/option><option value=\"cm\"  data-calculation=\"0\">cm<\/option><option value=\"inch\"  data-calculation=\"0\">inch<\/option><\/select><\/div><\/div><\/div><div class=\"forminator-row\"><div id=\"text-2\" class=\"forminator-field-text forminator-col forminator-col-12 \"><div class=\"forminator-field\"><label for=\"forminator-field-text-2_69d9155b04cb8\" id=\"forminator-field-text-2_69d9155b04cb8-label\" class=\"forminator-label\">1. Taille: <span class=\"forminator-required\">*<\/span><\/label><input type=\"text\" name=\"text-2\" value=\"\" placeholder=\"\" id=\"forminator-field-text-2_69d9155b04cb8\" class=\"forminator-input forminator-name--field\" data-required=\"1\" \/><\/div><\/div><\/div><div class=\"forminator-row\"><div id=\"text-3\" class=\"forminator-field-text forminator-col forminator-col-12 \"><div class=\"forminator-field\"><label for=\"forminator-field-text-3_69d9155b04cb8\" id=\"forminator-field-text-3_69d9155b04cb8-label\" class=\"forminator-label\">4. Tour de taille (mesurer au niveau du nombril): <span class=\"forminator-required\">*<\/span><\/label><input type=\"text\" name=\"text-3\" value=\"\" placeholder=\"\" id=\"forminator-field-text-3_69d9155b04cb8\" class=\"forminator-input forminator-name--field\" data-required=\"1\" \/><\/div><\/div><\/div><div class=\"forminator-row\"><div id=\"text-4\" class=\"forminator-field-text forminator-col forminator-col-12 \"><div class=\"forminator-field\"><label for=\"forminator-field-text-4_69d9155b04cb8\" id=\"forminator-field-text-4_69d9155b04cb8-label\" class=\"forminator-label\">5. Tour de hanche haute (10 cm en-dessous de la taille): <span class=\"forminator-required\">*<\/span><\/label><input type=\"text\" name=\"text-4\" value=\"\" placeholder=\"\" id=\"forminator-field-text-4_69d9155b04cb8\" class=\"forminator-input forminator-name--field\" data-required=\"1\" \/><\/div><\/div><\/div><div class=\"forminator-row\"><div id=\"text-5\" class=\"forminator-field-text forminator-col forminator-col-12 \"><div class=\"forminator-field\"><label for=\"forminator-field-text-5_69d9155b04cb8\" id=\"forminator-field-text-5_69d9155b04cb8-label\" class=\"forminator-label\">6. Tour de hanche (partie la plus large): <span class=\"forminator-required\">*<\/span><\/label><input type=\"text\" name=\"text-5\" value=\"\" placeholder=\"\" id=\"forminator-field-text-5_69d9155b04cb8\" class=\"forminator-input forminator-name--field\" data-required=\"1\" \/><\/div><\/div><\/div><div class=\"forminator-row\"><div id=\"text-6\" class=\"forminator-field-text forminator-col forminator-col-12 \"><div class=\"forminator-field\"><label for=\"forminator-field-text-6_69d9155b04cb8\" id=\"forminator-field-text-6_69d9155b04cb8-label\" class=\"forminator-label\">13. Entre-jambe (mesure prise du centre de la taille devant jusqu&#039;au centre de la taille arri\u00e8re): <span class=\"forminator-required\">*<\/span><\/label><input type=\"text\" name=\"text-6\" value=\"\" placeholder=\"\" id=\"forminator-field-text-6_69d9155b04cb8\" class=\"forminator-input forminator-name--field\" data-required=\"1\" \/><\/div><\/div><\/div><div class=\"forminator-row\"><div id=\"text-7\" class=\"forminator-field-text forminator-col forminator-col-12 \"><div class=\"forminator-field\"><label for=\"forminator-field-text-7_69d9155b04cb8\" id=\"forminator-field-text-7_69d9155b04cb8-label\" class=\"forminator-label\">15. Thigh (at the widest part of the thigh): <span class=\"forminator-required\">*<\/span><\/label><input type=\"text\" name=\"text-7\" value=\"\" placeholder=\"\" id=\"forminator-field-text-7_69d9155b04cb8\" class=\"forminator-input forminator-name--field\" data-required=\"1\" \/><\/div><\/div><\/div><div class=\"forminator-row\"><div id=\"text-8\" class=\"forminator-field-text forminator-col forminator-col-12 \"><div class=\"forminator-field\"><label for=\"forminator-field-text-8_69d9155b04cb8\" id=\"forminator-field-text-8_69d9155b04cb8-label\" class=\"forminator-label\">16. Pants length (from belly button to floor without shoes): <span class=\"forminator-required\">*<\/span><\/label><input type=\"text\" name=\"text-8\" value=\"\" placeholder=\"\" id=\"forminator-field-text-8_69d9155b04cb8\" class=\"forminator-input forminator-name--field\" data-required=\"1\" \/><\/div><\/div><\/div><div class=\"forminator-row\"><div id=\"text-9\" class=\"forminator-field-text forminator-col forminator-col-12 \"><div class=\"forminator-field\"><label for=\"forminator-field-text-9_69d9155b04cb8\" id=\"forminator-field-text-9_69d9155b04cb8-label\" class=\"forminator-label\">17. Hem width (sie to side): <span class=\"forminator-required\">*<\/span><\/label><input type=\"text\" name=\"text-9\" value=\"\" placeholder=\"\" id=\"forminator-field-text-9_69d9155b04cb8\" class=\"forminator-input forminator-name--field\" data-required=\"1\" \/><\/div><\/div><\/div><div class=\"forminator-row\"><div id=\"text-10\" class=\"forminator-field-text forminator-col forminator-col-12 \"><div class=\"forminator-field\"><label for=\"forminator-field-text-10_69d9155b04cb8\" id=\"forminator-field-text-10_69d9155b04cb8-label\" class=\"forminator-label\">18. Inseam: <span class=\"forminator-required\">*<\/span><\/label><input type=\"text\" name=\"text-10\" value=\"\" placeholder=\"\" id=\"forminator-field-text-10_69d9155b04cb8\" class=\"forminator-input forminator-name--field\" data-required=\"1\" \/><\/div><\/div><\/div><div class=\"forminator-row\"><div id=\"text-11\" class=\"forminator-field-text forminator-col forminator-col-12 \"><div class=\"forminator-field\"><label for=\"forminator-field-text-11_69d9155b04cb8\" id=\"forminator-field-text-11_69d9155b04cb8-label\" class=\"forminator-label\">19. Shoulder length: <span class=\"forminator-required\">*<\/span><\/label><input type=\"text\" name=\"text-11\" value=\"\" placeholder=\"\" id=\"forminator-field-text-11_69d9155b04cb8\" class=\"forminator-input forminator-name--field\" data-required=\"1\" \/><\/div><\/div><\/div><input type=\"hidden\" name=\"referer_url\" value=\"\" \/><div class=\"forminator-row forminator-row-last\"><div class=\"forminator-col\"><div class=\"forminator-field\"><button class=\"forminator-button forminator-button-submit\">Envoyer<\/button><\/div><\/div><\/div><input type=\"hidden\" id=\"forminator_nonce\" name=\"forminator_nonce\" value=\"3bab2108e7\" \/><input type=\"hidden\" name=\"_wp_http_referer\" value=\"\/fr\/wp-json\/wp\/v2\/pages\/86043\" \/><input type=\"hidden\" name=\"form_id\" value=\"130309\"><input type=\"hidden\" name=\"page_id\" value=\"86043\"><input type=\"hidden\" name=\"form_type\" value=\"default\"><input type=\"hidden\" name=\"current_url\" value=\"https:\/\/dancebox.eu\/fr\/sur-mesure\/tableau-de-prises-des-mesures-hommes-pantalon\/\"><input type=\"hidden\" name=\"render_id\" value=\"0\"><input type=\"hidden\" name=\"action\" value=\"forminator_submit_form_custom-forms\"><\/form>[\/et_pb_code][\/et_pb_column][\/et_pb_row][\/et_pb_section]<\/p>\n","protected":false},"excerpt":{"rendered":"<p>La prise des mesures correcte est d\u2019une importance capitale afin de nous permettre de cr\u00e9er votre v\u00eatement sur mesure parfait. Nous vous recommandons de porter des v\u00eatements l\u00e9gers ,tr\u00e8s juste au corps et de demander \u00e0 quelqu\u2019un de prendre les mesures pour vous, de pr\u00e9f\u00e9rence une couturi\u00e8re o\u00f9 autre personne du m\u00e9tier. Utilisez un m\u00e8tre [&hellip;]<\/p>\n","protected":false},"author":1,"featured_media":0,"parent":86040,"menu_order":0,"comment_status":"open","ping_status":"closed","template":"","meta":{"_et_pb_use_builder":"on","_et_pb_old_content":"","_et_gb_content_width":"","footnotes":""},"class_list":["post-86043","page","type-page","status-publish","hentry"],"_links":{"self":[{"href":"https:\/\/dancebox.eu\/fr\/wp-json\/wp\/v2\/pages\/86043","targetHints":{"allow":["GET"]}}],"collection":[{"href":"https:\/\/dancebox.eu\/fr\/wp-json\/wp\/v2\/pages"}],"about":[{"href":"https:\/\/dancebox.eu\/fr\/wp-json\/wp\/v2\/types\/page"}],"author":[{"embeddable":true,"href":"https:\/\/dancebox.eu\/fr\/wp-json\/wp\/v2\/users\/1"}],"replies":[{"embeddable":true,"href":"https:\/\/dancebox.eu\/fr\/wp-json\/wp\/v2\/comments?post=86043"}],"version-history":[{"count":6,"href":"https:\/\/dancebox.eu\/fr\/wp-json\/wp\/v2\/pages\/86043\/revisions"}],"predecessor-version":[{"id":134237,"href":"https:\/\/dancebox.eu\/fr\/wp-json\/wp\/v2\/pages\/86043\/revisions\/134237"}],"up":[{"embeddable":true,"href":"https:\/\/dancebox.eu\/fr\/wp-json\/wp\/v2\/pages\/86040"}],"wp:attachment":[{"href":"https:\/\/dancebox.eu\/fr\/wp-json\/wp\/v2\/media?parent=86043"}],"curies":[{"name":"wp","href":"https:\/\/api.w.org\/{rel}","templated":true}]}}