{"id":86041,"date":"2021-05-14T13:53:32","date_gmt":"2021-05-14T11:53:32","guid":{"rendered":"https:\/\/klienter.dancebox.eu\/tableau-de-prises-des-mesures-femme\/"},"modified":"2023-05-04T12:07:27","modified_gmt":"2023-05-04T10:07:27","slug":"tableau-de-prises-des-mesures-femme","status":"publish","type":"page","link":"https:\/\/dancebox.eu\/fr\/sur-mesure\/tableau-de-prises-des-mesures-femme\/","title":{"rendered":"TABLEAU DE PRISES DES MESURES FEMME"},"content":{"rendered":"<p>[et_pb_section fb_built=\u00a0\u00bb1&Prime; _builder_version=\u00a0\u00bb4.15&Prime; global_colors_info=\u00a0\u00bb{}\u00a0\u00bb][et_pb_row _builder_version=\u00a0\u00bb4.15&Prime; custom_padding=\u00a0\u00bb4px||20px|||\u00a0\u00bb locked=\u00a0\u00bboff\u00a0\u00bb global_colors_info=\u00a0\u00bb{}\u00a0\u00bb][et_pb_column type=\u00a0\u00bb4_4&Prime; _builder_version=\u00a0\u00bb4.15&Prime; global_colors_info=\u00a0\u00bb{}\u00a0\u00bb][et_pb_dmb_breadcrumbs _builder_version=\u00a0\u00bb4.0.6&Prime; global_colors_info=\u00a0\u00bb{}\u00a0\u00bb][\/et_pb_dmb_breadcrumbs][et_pb_post_title meta=\u00a0\u00bboff\u00a0\u00bb featured_image=\u00a0\u00bboff\u00a0\u00bb _builder_version=\u00a0\u00bb4.15&Prime; global_colors_info=\u00a0\u00bb{}\u00a0\u00bb][\/et_pb_post_title][\/et_pb_column][\/et_pb_row][et_pb_row column_structure=\u00a0\u00bb1_2,1_2&Prime; _builder_version=\u00a0\u00bb4.15&Prime; custom_padding=\u00a0\u00bb4px|||||\u00a0\u00bb global_colors_info=\u00a0\u00bb{}\u00a0\u00bb][et_pb_column type=\u00a0\u00bb1_2&Prime; _builder_version=\u00a0\u00bb4.15&Prime; global_colors_info=\u00a0\u00bb{}\u00a0\u00bb][et_pb_text _builder_version=\u00a0\u00bb4.15&Prime; global_colors_info=\u00a0\u00bb{}\u00a0\u00bb]<\/p>\n<div class=\"et_pb_module et_pb_text et_pb_text_0 et_pb_text_align_left et_pb_bg_layout_light\">\n<div class=\"et_pb_text_inner\">\n<p>La prise des mesures correcte est d\u2019une importance capitale afin de nous permettre de cr\u00e9er votre v\u00eatement sur mesure parfait. Nous vous recommandons de porter des v\u00eatements l\u00e9gers ,tr\u00e8s juste au corps et de demander \u00e0 quelqu\u2019un de prendre les mesures pour vous, de pr\u00e9f\u00e9rence une couturi\u00e8re o\u00f9 autre personne du m\u00e9tier. Utilisez un m\u00e8tre \u00e0 ruban non-\u00e9lastique. Vous pouvez choisir entre centim\u00e8tres (cm) o\u00f9 pouces (inches) pour nous donner vos mesures.<\/p>\n<p>Remplissez svp le tableau ci-dessous pour proc\u00e9der avec votre v\u00eatement sur mesure. Tous les champs doivent \u00eatre remplis! Inscrivez un \u00ab\u00a00\u00a0\u00bb dans les champs qui ne sont pas d\u2019application pour vous.<\/p>\n<\/div>\n<\/div>\n<p>[\/et_pb_text][et_pb_image src=\u00a0\u00bbhttps:\/\/dancebox.eu\/wp-content\/uploads\/2019\/11\/woman_sizing.jpg\u00a0\u00bb _builder_version=\u00a0\u00bb4.15&Prime; global_colors_info=\u00a0\u00bb{}\u00a0\u00bb][\/et_pb_image][\/et_pb_column][et_pb_column type=\u00a0\u00bb1_2&Prime; _builder_version=\u00a0\u00bb4.15&Prime; global_colors_info=\u00a0\u00bb{}\u00a0\u00bb][et_pb_code _builder_version=\u00a0\u00bb4.15.1&Prime; _module_preset=\u00a0\u00bbdefault\u00a0\u00bb global_colors_info=\u00a0\u00bb{}\u00a0\u00bb]<div class=\"forminator-ui forminator-custom-form forminator-custom-form-130322 forminator-design--default  forminator_ajax\" data-forminator-render=\"0\" data-form=\"forminator-module-130322\" data-uid=\"69d6bf48626fd\"><br\/><\/div><form\r\n\t\t\t\tid=\"forminator-module-130322\"\r\n\t\t\t\tclass=\"forminator-ui forminator-custom-form forminator-custom-form-130322 forminator-design--default  forminator_ajax\"\r\n\t\t\t\tmethod=\"post\"\r\n\t\t\t\tdata-forminator-render=\"0\"\r\n\t\t\t\tdata-form-id=\"130322\"\r\n\t\t\t\t data-color-option=\"default\" data-design=\"default\" data-grid=\"open\" style=\"display: none;\"\r\n\t\t\t\tdata-uid=\"69d6bf48626fd\"\r\n\t\t\t><div role=\"alert\" aria-live=\"polite\" class=\"forminator-response-message forminator-error\" aria-hidden=\"true\"><\/div><div class=\"forminator-row\"><div id=\"section-1\" class=\"forminator-field-section forminator-col forminator-col-12 \"><div class=\"forminator-field\"><h2 class=\"forminator-title\">Vos coordonn\u00e9s<\/h2><\/div><\/div><\/div><div class=\"forminator-row\"><div id=\"text-1\" class=\"forminator-field-text forminator-col forminator-col-12 \"><div class=\"forminator-field\"><label for=\"forminator-field-text-1_69d6bf48626fd\" id=\"forminator-field-text-1_69d6bf48626fd-label\" class=\"forminator-label\">Nom et Pr\u00e9nom: <span class=\"forminator-required\">*<\/span><\/label><input type=\"text\" name=\"text-1\" value=\"\" placeholder=\"\" id=\"forminator-field-text-1_69d6bf48626fd\" class=\"forminator-input forminator-name--field\" data-required=\"1\" \/><\/div><\/div><\/div><div class=\"forminator-row\"><div id=\"phone-1\" class=\"forminator-field-phone forminator-col forminator-col-12 \"><div class=\"forminator-field\"><label for=\"forminator-field-phone-1_69d6bf48626fd\" id=\"forminator-field-phone-1_69d6bf48626fd-label\" class=\"forminator-label\">Num\u00e9ro de t\u00e9l\u00e9phone: <span class=\"forminator-required\">*<\/span><\/label><input type=\"text\" name=\"phone-1\" value=\"\" placeholder=\"\" id=\"forminator-field-phone-1_69d6bf48626fd\" class=\"forminator-input forminator-field--phone\" data-required=\"1\" aria-required=\"true\" autocomplete=\"off\" \/><\/div><\/div><\/div><div class=\"forminator-row\"><div id=\"email-1\" class=\"forminator-field-email forminator-col forminator-col-12 \"><div class=\"forminator-field\"><label for=\"forminator-field-email-1_69d6bf48626fd\" id=\"forminator-field-email-1_69d6bf48626fd-label\" class=\"forminator-label\">Courriel: <span class=\"forminator-required\">*<\/span><\/label><input type=\"email\" name=\"email-1\" value=\"\" placeholder=\"\" id=\"forminator-field-email-1_69d6bf48626fd\" class=\"forminator-input forminator-email--field\" data-required=\"1\" aria-required=\"true\" autocomplete=\"email\" \/><\/div><\/div><\/div><div class=\"forminator-row\"><div id=\"section-2\" class=\"forminator-field-section forminator-col forminator-col-12 \"><div class=\"forminator-field\"><h2 class=\"forminator-title\">Commentaires suppl\u00e9mentaires<\/h2><\/div><\/div><\/div><div class=\"forminator-row\"><div id=\"textarea-1\" class=\"forminator-field-textarea forminator-col forminator-col-12 \"><div class=\"forminator-field\"><label for=\"forminator-field-textarea-1_69d6bf48626fd\" id=\"forminator-field-textarea-1_69d6bf48626fd-label\" class=\"forminator-label\">Merci de donner une br\u00e8ve description de votre v\u00eatement sur mesure (couleur, tissus, changements de style, type\/couleurs du strass etc. souhait\u00e9s). <span class=\"forminator-required\">*<\/span><\/label><textarea name=\"textarea-1\" placeholder=\"couleur, tissus, changements de style, type\/couleurs du strass etc. souhait\u00e9s\" id=\"forminator-field-textarea-1_69d6bf48626fd\" class=\"forminator-textarea\" rows=\"6\" style=\"min-height:140px;\" ><\/textarea><\/div><\/div><\/div><div class=\"forminator-row\"><div id=\"section-3\" class=\"forminator-field-section forminator-col forminator-col-12 \"><div class=\"forminator-field\"><h2 class=\"forminator-title\">Mesures<\/h2><\/div><\/div><\/div><div class=\"forminator-row\"><div id=\"select-1\" class=\"forminator-field-select forminator-col forminator-col-12 \"><div class=\"forminator-field\"><label for=\"forminator-form-130322__field--select-1_69d6bf48626fd\" id=\"forminator-form-130322__field--select-1_69d6bf48626fd-label\" class=\"forminator-label\">Unit\u00e9 de mesure: <span class=\"forminator-required\">*<\/span><\/label><select  id=\"forminator-form-130322__field--select-1_69d6bf48626fd\" class=\"forminator-select--field forminator-select2 forminator-select2-multiple\" data-required=\"1\" name=\"select-1\" data-default-value=\"\" data-placeholder=\"Merci de choisir une option\" data-search=\"false\" data-search-placeholder=\"Merci de choisir une option\" data-checkbox=\"false\" data-allow-clear=\"false\" aria-labelledby=\"forminator-form-130322__field--select-1_69d6bf48626fd-label\"><option value=\"\"  >Merci de choisir une option<\/option><option value=\"cm\"  data-calculation=\"0\">cm<\/option><option value=\"inch\"  data-calculation=\"0\">inch<\/option><\/select><\/div><\/div><\/div><div class=\"forminator-row\"><div id=\"text-2\" class=\"forminator-field-text forminator-col forminator-col-12 \"><div class=\"forminator-field\"><label for=\"forminator-field-text-2_69d6bf48626fd\" id=\"forminator-field-text-2_69d6bf48626fd-label\" class=\"forminator-label\">1. Taille: <span class=\"forminator-required\">*<\/span><\/label><input type=\"text\" name=\"text-2\" value=\"\" placeholder=\"\" id=\"forminator-field-text-2_69d6bf48626fd\" class=\"forminator-input forminator-name--field\" data-required=\"1\" \/><\/div><\/div><\/div><div class=\"forminator-row\"><div id=\"text-3\" class=\"forminator-field-text forminator-col forminator-col-12 \"><div class=\"forminator-field\"><label for=\"forminator-field-text-3_69d6bf48626fd\" id=\"forminator-field-text-3_69d6bf48626fd-label\" class=\"forminator-label\">2. Tour de poitrine: <span class=\"forminator-required\">*<\/span><\/label><input type=\"text\" name=\"text-3\" value=\"\" placeholder=\"\" id=\"forminator-field-text-3_69d6bf48626fd\" class=\"forminator-input forminator-name--field\" data-required=\"1\" \/><\/div><\/div><\/div><div class=\"forminator-row\"><div id=\"text-4\" class=\"forminator-field-text forminator-col forminator-col-12 \"><div class=\"forminator-field\"><label for=\"forminator-field-text-4_69d6bf48626fd\" id=\"forminator-field-text-4_69d6bf48626fd-label\" class=\"forminator-label\">3. Tour d&#039;en-dessous de la poitrine: <span class=\"forminator-required\">*<\/span><\/label><input type=\"text\" name=\"text-4\" value=\"\" placeholder=\"\" id=\"forminator-field-text-4_69d6bf48626fd\" class=\"forminator-input forminator-name--field\" data-required=\"1\" \/><\/div><\/div><\/div><div class=\"forminator-row\"><div id=\"text-5\" class=\"forminator-field-text forminator-col forminator-col-12 \"><div class=\"forminator-field\"><label for=\"forminator-field-text-5_69d6bf48626fd\" id=\"forminator-field-text-5_69d6bf48626fd-label\" class=\"forminator-label\">4. Tour d&#039;au-dessus de la poitrine: <span class=\"forminator-required\">*<\/span><\/label><input type=\"text\" name=\"text-5\" value=\"\" placeholder=\"\" id=\"forminator-field-text-5_69d6bf48626fd\" class=\"forminator-input forminator-name--field\" data-required=\"1\" \/><\/div><\/div><\/div><div class=\"forminator-row\"><div id=\"text-6\" class=\"forminator-field-text forminator-col forminator-col-12 \"><div class=\"forminator-field\"><label for=\"forminator-field-text-6_69d6bf48626fd\" id=\"forminator-field-text-6_69d6bf48626fd-label\" class=\"forminator-label\">5. Tour de taille: <span class=\"forminator-required\">*<\/span><\/label><input type=\"text\" name=\"text-6\" value=\"\" placeholder=\"\" id=\"forminator-field-text-6_69d6bf48626fd\" class=\"forminator-input forminator-name--field\" data-required=\"1\" \/><\/div><\/div><\/div><div class=\"forminator-row\"><div id=\"text-7\" class=\"forminator-field-text forminator-col forminator-col-12 \"><div class=\"forminator-field\"><label for=\"forminator-field-text-7_69d6bf48626fd\" id=\"forminator-field-text-7_69d6bf48626fd-label\" class=\"forminator-label\">6. Tour de la hanche haute (10cm en-dessous la taille): <span class=\"forminator-required\">*<\/span><\/label><input type=\"text\" name=\"text-7\" value=\"\" placeholder=\"\" id=\"forminator-field-text-7_69d6bf48626fd\" class=\"forminator-input forminator-name--field\" data-required=\"1\" \/><\/div><\/div><\/div><div class=\"forminator-row\"><div id=\"text-8\" class=\"forminator-field-text forminator-col forminator-col-12 \"><div class=\"forminator-field\"><label for=\"forminator-field-text-8_69d6bf48626fd\" id=\"forminator-field-text-8_69d6bf48626fd-label\" class=\"forminator-label\">7. Tour de hanche (le tour le plus large): <span class=\"forminator-required\">*<\/span><\/label><input type=\"text\" name=\"text-8\" value=\"\" placeholder=\"\" id=\"forminator-field-text-8_69d6bf48626fd\" class=\"forminator-input forminator-name--field\" data-required=\"1\" \/><\/div><\/div><\/div><div class=\"forminator-row\"><div id=\"text-9\" class=\"forminator-field-text forminator-col forminator-col-12 \"><div class=\"forminator-field\"><label for=\"forminator-field-text-9_69d6bf48626fd\" id=\"forminator-field-text-9_69d6bf48626fd-label\" class=\"forminator-label\">8. Longueur dos: <span class=\"forminator-required\">*<\/span><\/label><input type=\"text\" name=\"text-9\" value=\"\" placeholder=\"\" id=\"forminator-field-text-9_69d6bf48626fd\" class=\"forminator-input forminator-name--field\" data-required=\"1\" \/><\/div><\/div><\/div><div class=\"forminator-row\"><div id=\"text-10\" class=\"forminator-field-text forminator-col forminator-col-12 \"><div class=\"forminator-field\"><label for=\"forminator-field-text-10_69d6bf48626fd\" id=\"forminator-field-text-10_69d6bf48626fd-label\" class=\"forminator-label\">9. D&#039;une \u00e9paule \u00e0 l&#039;autre: <span class=\"forminator-required\">*<\/span><\/label><input type=\"text\" name=\"text-10\" value=\"\" placeholder=\"\" id=\"forminator-field-text-10_69d6bf48626fd\" class=\"forminator-input forminator-name--field\" data-required=\"1\" \/><\/div><\/div><\/div><div class=\"forminator-row\"><div id=\"text-11\" class=\"forminator-field-text forminator-col forminator-col-12 \"><div class=\"forminator-field\"><label for=\"forminator-field-text-11_69d6bf48626fd\" id=\"forminator-field-text-11_69d6bf48626fd-label\" class=\"forminator-label\">10. De l&#039;\u00e9paule au poignet: <span class=\"forminator-required\">*<\/span><\/label><input type=\"text\" name=\"text-11\" value=\"\" placeholder=\"\" id=\"forminator-field-text-11_69d6bf48626fd\" class=\"forminator-input forminator-name--field\" data-required=\"1\" \/><\/div><\/div><\/div><div class=\"forminator-row\"><div id=\"text-12\" class=\"forminator-field-text forminator-col forminator-col-12 \"><div class=\"forminator-field\"><label for=\"forminator-field-text-12_69d6bf48626fd\" id=\"forminator-field-text-12_69d6bf48626fd-label\" class=\"forminator-label\">11. Tour du poignet: <span class=\"forminator-required\">*<\/span><\/label><input type=\"text\" name=\"text-12\" value=\"\" placeholder=\"\" id=\"forminator-field-text-12_69d6bf48626fd\" class=\"forminator-input forminator-name--field\" data-required=\"1\" \/><\/div><\/div><\/div><div class=\"forminator-row\"><div id=\"text-13\" class=\"forminator-field-text forminator-col forminator-col-12 \"><div class=\"forminator-field\"><label for=\"forminator-field-text-13_69d6bf48626fd\" id=\"forminator-field-text-13_69d6bf48626fd-label\" class=\"forminator-label\">12. Tour du biceps (la partie la plus muscl\u00e9e): <span class=\"forminator-required\">*<\/span><\/label><input type=\"text\" name=\"text-13\" value=\"\" placeholder=\"\" id=\"forminator-field-text-13_69d6bf48626fd\" class=\"forminator-input forminator-name--field\" data-required=\"1\" \/><\/div><\/div><\/div><div class=\"forminator-row\"><div id=\"text-14\" class=\"forminator-field-text forminator-col forminator-col-12 \"><div class=\"forminator-field\"><label for=\"forminator-field-text-14_69d6bf48626fd\" id=\"forminator-field-text-14_69d6bf48626fd-label\" class=\"forminator-label\">13. Nuque \u00e0 poitrine: <span class=\"forminator-required\">*<\/span><\/label><input type=\"text\" name=\"text-14\" value=\"\" placeholder=\"\" id=\"forminator-field-text-14_69d6bf48626fd\" class=\"forminator-input forminator-name--field\" data-required=\"1\" \/><\/div><\/div><\/div><div class=\"forminator-row\"><div id=\"text-15\" class=\"forminator-field-text forminator-col forminator-col-12 \"><div class=\"forminator-field\"><label for=\"forminator-field-text-15_69d6bf48626fd\" id=\"forminator-field-text-15_69d6bf48626fd-label\" class=\"forminator-label\">14. L&#039;entre-jambe (mesure prise du centre de la taille devant jusqu&#039;au centre de la taille arri\u00e8re): <span class=\"forminator-required\">*<\/span><\/label><input type=\"text\" name=\"text-15\" value=\"\" placeholder=\"\" id=\"forminator-field-text-15_69d6bf48626fd\" class=\"forminator-input forminator-name--field\" data-required=\"1\" \/><\/div><\/div><\/div><div class=\"forminator-row\"><div id=\"text-16\" class=\"forminator-field-text forminator-col forminator-col-12 \"><div class=\"forminator-field\"><label for=\"forminator-field-text-16_69d6bf48626fd\" id=\"forminator-field-text-16_69d6bf48626fd-label\" class=\"forminator-label\">15. Torse (mesure prise de l&#039;\u00e9paule devant, par l&#039;entre-jambe, \u00e0 l&#039;\u00e9paule arri\u00e8re): <span class=\"forminator-required\">*<\/span><\/label><input type=\"text\" name=\"text-16\" value=\"\" placeholder=\"\" id=\"forminator-field-text-16_69d6bf48626fd\" class=\"forminator-input forminator-name--field\" data-required=\"1\" \/><\/div><\/div><\/div><div class=\"forminator-row\"><div id=\"text-17\" class=\"forminator-field-text forminator-col forminator-col-12 \"><div class=\"forminator-field\"><label for=\"forminator-field-text-17_69d6bf48626fd\" id=\"forminator-field-text-17_69d6bf48626fd-label\" class=\"forminator-label\">16. De la taille au centre du genoux: <span class=\"forminator-required\">*<\/span><\/label><input type=\"text\" name=\"text-17\" value=\"\" placeholder=\"\" id=\"forminator-field-text-17_69d6bf48626fd\" class=\"forminator-input forminator-name--field\" data-required=\"1\" \/><\/div><\/div><\/div><div class=\"forminator-row\"><div id=\"text-18\" class=\"forminator-field-text forminator-col forminator-col-12 \"><div class=\"forminator-field\"><label for=\"forminator-field-text-18_69d6bf48626fd\" id=\"forminator-field-text-18_69d6bf48626fd-label\" class=\"forminator-label\">17. De la taille au sol (sans chaussures): <span class=\"forminator-required\">*<\/span><\/label><input type=\"text\" name=\"text-18\" value=\"\" placeholder=\"\" id=\"forminator-field-text-18_69d6bf48626fd\" class=\"forminator-input forminator-name--field\" data-required=\"1\" \/><\/div><\/div><\/div><div class=\"forminator-row\"><div id=\"text-20\" class=\"forminator-field-text forminator-col forminator-col-12 \"><div class=\"forminator-field\"><label for=\"forminator-field-text-20_69d6bf48626fd\" id=\"forminator-field-text-20_69d6bf48626fd-label\" class=\"forminator-label\">19. Longueur de jupe d\u00e9sir\u00e9e: <span class=\"forminator-required\">*<\/span><\/label><input type=\"text\" name=\"text-20\" value=\"\" placeholder=\"\" id=\"forminator-field-text-20_69d6bf48626fd\" class=\"forminator-input forminator-name--field\" data-required=\"1\" \/><\/div><\/div><\/div><div class=\"forminator-row\"><div id=\"text-21\" class=\"forminator-field-text forminator-col forminator-col-12 \"><div class=\"forminator-field\"><label for=\"forminator-field-text-21_69d6bf48626fd\" id=\"forminator-field-text-21_69d6bf48626fd-label\" class=\"forminator-label\">20. Longueur de robe (de la base du cou \u00e0 la cheville): <span class=\"forminator-required\">*<\/span><\/label><input type=\"text\" name=\"text-21\" value=\"\" placeholder=\"\" id=\"forminator-field-text-21_69d6bf48626fd\" class=\"forminator-input forminator-name--field\" data-required=\"1\" \/><\/div><\/div><\/div><div class=\"forminator-row\"><div id=\"text-22\" class=\"forminator-field-text forminator-col forminator-col-12 \"><div class=\"forminator-field\"><label for=\"forminator-field-text-22_69d6bf48626fd\" id=\"forminator-field-text-22_69d6bf48626fd-label\" class=\"forminator-label\">21. Longueur de robe latine (de la base du cou jusqu&#039;\u00e0 l&#039;ourlet): <span class=\"forminator-required\">*<\/span><\/label><input type=\"text\" name=\"text-22\" value=\"\" placeholder=\"\" id=\"forminator-field-text-22_69d6bf48626fd\" class=\"forminator-input forminator-name--field\" data-required=\"1\" \/><\/div><\/div><\/div><div class=\"forminator-row\"><div id=\"text-23\" class=\"forminator-field-text forminator-col forminator-col-12 \"><div class=\"forminator-field\"><label for=\"forminator-field-text-23_69d6bf48626fd\" id=\"forminator-field-text-23_69d6bf48626fd-label\" class=\"forminator-label\">22. Tour du cou (\u00e0 hauteur de la clavicule): <span class=\"forminator-required\">*<\/span><\/label><input type=\"text\" name=\"text-23\" value=\"\" placeholder=\"\" id=\"forminator-field-text-23_69d6bf48626fd\" class=\"forminator-input forminator-name--field\" data-required=\"1\" \/><\/div><\/div><\/div><div class=\"forminator-row\"><div id=\"text-24\" class=\"forminator-field-text forminator-col forminator-col-12 \"><div class=\"forminator-field\"><label for=\"forminator-field-text-24_69d6bf48626fd\" id=\"forminator-field-text-24_69d6bf48626fd-label\" class=\"forminator-label\">23. Aiselle (tour complet de l&#039;\u00e9paule par l&#039;aiselle et de retour \u00e0 l&#039;\u00e9paule): <span class=\"forminator-required\">*<\/span><\/label><input type=\"text\" name=\"text-24\" value=\"\" placeholder=\"\" id=\"forminator-field-text-24_69d6bf48626fd\" class=\"forminator-input forminator-name--field\" data-required=\"1\" \/><\/div><\/div><\/div><div class=\"forminator-row\"><div id=\"text-25\" class=\"forminator-field-text forminator-col forminator-col-12 \"><div class=\"forminator-field\"><label for=\"forminator-field-text-25_69d6bf48626fd\" id=\"forminator-field-text-25_69d6bf48626fd-label\" class=\"forminator-label\">24. Cuisse (tour au point le plus large): <span class=\"forminator-required\">*<\/span><\/label><input type=\"text\" name=\"text-25\" value=\"\" placeholder=\"\" id=\"forminator-field-text-25_69d6bf48626fd\" class=\"forminator-input forminator-name--field\" data-required=\"1\" \/><\/div><\/div><\/div><div class=\"forminator-row\"><div id=\"text-26\" class=\"forminator-field-text forminator-col forminator-col-12 \"><div class=\"forminator-field\"><label for=\"forminator-field-text-26_69d6bf48626fd\" id=\"forminator-field-text-26_69d6bf48626fd-label\" class=\"forminator-label\">25. Distance de la base du cou jusqu&#039;\u00e0 la pointe du sein: <span class=\"forminator-required\">*<\/span><\/label><input type=\"text\" name=\"text-26\" value=\"\" placeholder=\"\" id=\"forminator-field-text-26_69d6bf48626fd\" class=\"forminator-input forminator-name--field\" data-required=\"1\" \/><\/div><\/div><\/div><input type=\"hidden\" name=\"referer_url\" value=\"\" \/><div class=\"forminator-row forminator-row-last\"><div class=\"forminator-col\"><div class=\"forminator-field\"><button class=\"forminator-button forminator-button-submit\">Envoyer<\/button><\/div><\/div><\/div><input type=\"hidden\" id=\"forminator_nonce\" name=\"forminator_nonce\" value=\"031bfc5189\" \/><input type=\"hidden\" name=\"_wp_http_referer\" value=\"\/fr\/wp-json\/wp\/v2\/pages\/86041\" \/><input type=\"hidden\" name=\"form_id\" value=\"130322\"><input type=\"hidden\" name=\"page_id\" value=\"86041\"><input type=\"hidden\" name=\"form_type\" value=\"default\"><input type=\"hidden\" name=\"current_url\" value=\"https:\/\/dancebox.eu\/fr\/sur-mesure\/tableau-de-prises-des-mesures-femme\/\"><input type=\"hidden\" name=\"render_id\" value=\"0\"><input type=\"hidden\" name=\"action\" value=\"forminator_submit_form_custom-forms\"><\/form>[\/et_pb_code][\/et_pb_column][\/et_pb_row][\/et_pb_section]<\/p>\n","protected":false},"excerpt":{"rendered":"<p>La prise des mesures correcte est d\u2019une importance capitale afin de nous permettre de cr\u00e9er votre v\u00eatement sur mesure parfait. Nous vous recommandons de porter des v\u00eatements l\u00e9gers ,tr\u00e8s juste au corps et de demander \u00e0 quelqu\u2019un de prendre les mesures pour vous, de pr\u00e9f\u00e9rence une couturi\u00e8re o\u00f9 autre personne du m\u00e9tier. Utilisez un m\u00e8tre [&hellip;]<\/p>\n","protected":false},"author":1,"featured_media":0,"parent":86040,"menu_order":0,"comment_status":"open","ping_status":"closed","template":"","meta":{"_et_pb_use_builder":"on","_et_pb_old_content":"","_et_gb_content_width":"","footnotes":""},"class_list":["post-86041","page","type-page","status-publish","hentry"],"_links":{"self":[{"href":"https:\/\/dancebox.eu\/fr\/wp-json\/wp\/v2\/pages\/86041","targetHints":{"allow":["GET"]}}],"collection":[{"href":"https:\/\/dancebox.eu\/fr\/wp-json\/wp\/v2\/pages"}],"about":[{"href":"https:\/\/dancebox.eu\/fr\/wp-json\/wp\/v2\/types\/page"}],"author":[{"embeddable":true,"href":"https:\/\/dancebox.eu\/fr\/wp-json\/wp\/v2\/users\/1"}],"replies":[{"embeddable":true,"href":"https:\/\/dancebox.eu\/fr\/wp-json\/wp\/v2\/comments?post=86041"}],"version-history":[{"count":8,"href":"https:\/\/dancebox.eu\/fr\/wp-json\/wp\/v2\/pages\/86041\/revisions"}],"predecessor-version":[{"id":134246,"href":"https:\/\/dancebox.eu\/fr\/wp-json\/wp\/v2\/pages\/86041\/revisions\/134246"}],"up":[{"embeddable":true,"href":"https:\/\/dancebox.eu\/fr\/wp-json\/wp\/v2\/pages\/86040"}],"wp:attachment":[{"href":"https:\/\/dancebox.eu\/fr\/wp-json\/wp\/v2\/media?parent=86041"}],"curies":[{"name":"wp","href":"https:\/\/api.w.org\/{rel}","templated":true}]}}