{"id":90753,"date":"2021-05-05T15:55:21","date_gmt":"2021-05-05T13:55:21","guid":{"rendered":"https:\/\/klienter.dancebox.eu\/product\/zulu-pant-black-p21120010-01\/"},"modified":"2024-02-13T23:53:23","modified_gmt":"2024-02-13T21:53:23","slug":"zulu-pant-black-p21120010-01","status":"publish","type":"product","link":"https:\/\/dancebox.eu\/de\/produkt\/zulu-pant-black-p21120010-01\/","title":{"rendered":"Zulu Pant-Black <br\/> P21120010-01"},"content":{"rendered":"<p style=\"text-align: center;\">Elegante, trendige schwarze Trainingshose mit bequemem, \u00fcberzogenem Gummibund, ger\u00fcschtem, tulpenf\u00f6rmigem Saum und elegantem, dehnbarem Samtbesatz f\u00fcr einen sicheren Sitz knapp \u00fcber dem Kn\u00f6chel. Edle Samtkn\u00f6pfe vorne als T\u00fcpfchen auf dem i.<br \/>Unser Model ist 170cm \/ 5 ft 7 und tr\u00e4gt Gr\u00f6\u00dfe S<br \/>&#8211; Seidenjersey<br \/>&#8211; Handw\u00e4sche oder Maschinenw\u00e4sche Feinwaschgang<br \/>&#8211; Entwurf von Dance Box &#8211; Hergestellt in Portugal<br \/>100% PES<\/p>\n","protected":false},"excerpt":{"rendered":"<p>Elegante, trendige schwarze Trainingshose mit bequemem, \u00fcberzogenem Gummibund, ger\u00fcschtem, tulpenf\u00f6rmigem Saum und elegantem, dehnbarem Samtbesatz f\u00fcr einen sicheren Sitz knapp \u00fcber dem Kn\u00f6chel. Edle Samtkn\u00f6pfe vorne als T\u00fcpfchen auf dem i.Unser Model ist 170cm \/ 5 ft 7 und tr\u00e4gt Gr\u00f6\u00dfe S&#8211; Seidenjersey&#8211; Handw\u00e4sche oder Maschinenw\u00e4sche Feinwaschgang&#8211; Entwurf von Dance Box &#8211; Hergestellt in Portugal100% [&hellip;]<\/p>\n","protected":false},"featured_media":135128,"comment_status":"open","ping_status":"closed","template":"","meta":{"_et_pb_use_builder":"","_et_pb_old_content":"","_et_gb_content_width":"","wds_primary_product_brand":0,"wds_primary_product_cat":0},"product_brand":[],"product_cat":[96],"product_tag":[62,39,97],"class_list":{"0":"post-90753","1":"product","2":"type-product","3":"status-publish","4":"has-post-thumbnail","6":"product_cat-pant","7":"product_tag-dancewear","8":"product_tag-latin-dance-fashions","9":"product_tag-practice-pant","11":"first","12":"instock","13":"shipping-taxable","14":"purchasable","15":"product-type-variable"},"_links":{"self":[{"href":"https:\/\/dancebox.eu\/de\/wp-json\/wp\/v2\/product\/90753","targetHints":{"allow":["GET"]}}],"collection":[{"href":"https:\/\/dancebox.eu\/de\/wp-json\/wp\/v2\/product"}],"about":[{"href":"https:\/\/dancebox.eu\/de\/wp-json\/wp\/v2\/types\/product"}],"replies":[{"embeddable":true,"href":"https:\/\/dancebox.eu\/de\/wp-json\/wp\/v2\/comments?post=90753"}],"wp:featuredmedia":[{"embeddable":true,"href":"https:\/\/dancebox.eu\/de\/wp-json\/wp\/v2\/media\/135128"}],"wp:attachment":[{"href":"https:\/\/dancebox.eu\/de\/wp-json\/wp\/v2\/media?parent=90753"}],"wp:term":[{"taxonomy":"product_brand","embeddable":true,"href":"https:\/\/dancebox.eu\/de\/wp-json\/wp\/v2\/product_brand?post=90753"},{"taxonomy":"product_cat","embeddable":true,"href":"https:\/\/dancebox.eu\/de\/wp-json\/wp\/v2\/product_cat?post=90753"},{"taxonomy":"product_tag","embeddable":true,"href":"https:\/\/dancebox.eu\/de\/wp-json\/wp\/v2\/product_tag?post=90753"}],"curies":[{"name":"wp","href":"https:\/\/api.w.org\/{rel}","templated":true}]}}