{"id":140806,"date":"2024-02-12T23:08:43","date_gmt":"2024-02-12T21:08:43","guid":{"rendered":"https:\/\/dancebox.eu\/?post_type=product&#038;p=140806"},"modified":"2024-02-24T00:46:24","modified_gmt":"2024-02-23T22:46:24","slug":"zoe-top-black-p23120004-01","status":"publish","type":"product","link":"https:\/\/dancebox.eu\/de\/produkt\/zoe-top-black-p23120004-01\/","title":{"rendered":"Zoe Top Black <br\/> P23120004-01"},"content":{"rendered":"<div style=\"text-align: center;\">Cooles schwarzes Crop-Top mit Boot- Ausschnitt und einem gekreuzten G\u00fcrtel, der vorne mit einer schicken goldenen Schlie\u00dfe endet. Unser Model ist 170cm \/ 5 ft 7 und tr\u00e4gt Gr\u00f6\u00dfe S<br \/>&#8211; Seidenjersey<br \/>&#8211; Handw\u00e4sche oder Maschinenw\u00e4sche Feinwaschgang<br \/>&#8211; Entwurf von Dance Box &#8211; Hergestellt in Portugal<\/div>\n<div style=\"text-align: center;\">100% PES<\/div>\n","protected":false},"excerpt":{"rendered":"<p>Cooles schwarzes Crop-Top mit Boot- Ausschnitt und einem gekreuzten G\u00fcrtel, der vorne mit einer schicken goldenen Schlie\u00dfe endet. Unser Model ist 170cm \/ 5 ft 7 und tr\u00e4gt Gr\u00f6\u00dfe S&#8211; Seidenjersey&#8211; Handw\u00e4sche oder Maschinenw\u00e4sche Feinwaschgang&#8211; Entwurf von Dance Box &#8211; Hergestellt in Portugal 100% PES<\/p>\n","protected":false},"featured_media":140906,"comment_status":"open","ping_status":"closed","template":"","meta":{"_et_pb_use_builder":"","_et_pb_old_content":"","_et_gb_content_width":"","wds_primary_product_brand":0,"wds_primary_product_cat":0},"product_brand":[],"product_cat":[161,203,152],"product_tag":[282,283,296,261],"class_list":{"0":"post-140806","1":"product","2":"type-product","3":"status-publish","4":"has-post-thumbnail","6":"product_cat-body","7":"product_cat-latin-top-de","8":"product_cat-tanz-top","9":"product_tag-ballet-leotard-de","10":"product_tag-dance-leotards-de","11":"product_tag-dance-top-de","12":"product_tag-dancewear-de","14":"first","15":"instock","16":"featured","17":"shipping-taxable","18":"purchasable","19":"product-type-variable"},"_links":{"self":[{"href":"https:\/\/dancebox.eu\/de\/wp-json\/wp\/v2\/product\/140806","targetHints":{"allow":["GET"]}}],"collection":[{"href":"https:\/\/dancebox.eu\/de\/wp-json\/wp\/v2\/product"}],"about":[{"href":"https:\/\/dancebox.eu\/de\/wp-json\/wp\/v2\/types\/product"}],"replies":[{"embeddable":true,"href":"https:\/\/dancebox.eu\/de\/wp-json\/wp\/v2\/comments?post=140806"}],"wp:featuredmedia":[{"embeddable":true,"href":"https:\/\/dancebox.eu\/de\/wp-json\/wp\/v2\/media\/140906"}],"wp:attachment":[{"href":"https:\/\/dancebox.eu\/de\/wp-json\/wp\/v2\/media?parent=140806"}],"wp:term":[{"taxonomy":"product_brand","embeddable":true,"href":"https:\/\/dancebox.eu\/de\/wp-json\/wp\/v2\/product_brand?post=140806"},{"taxonomy":"product_cat","embeddable":true,"href":"https:\/\/dancebox.eu\/de\/wp-json\/wp\/v2\/product_cat?post=140806"},{"taxonomy":"product_tag","embeddable":true,"href":"https:\/\/dancebox.eu\/de\/wp-json\/wp\/v2\/product_tag?post=140806"}],"curies":[{"name":"wp","href":"https:\/\/api.w.org\/{rel}","templated":true}]}}