{"id":140632,"date":"2024-02-11T19:06:06","date_gmt":"2024-02-11T17:06:06","guid":{"rendered":"https:\/\/dancebox.eu\/?post_type=product&#038;p=140632"},"modified":"2024-02-23T23:58:22","modified_gmt":"2024-02-23T21:58:22","slug":"nina-top-black-p23120003-01","status":"publish","type":"product","link":"https:\/\/dancebox.eu\/de\/produkt\/nina-top-black-p23120003-01\/","title":{"rendered":"Nina Top Black <br\/> P23120003-01"},"content":{"rendered":"<div style=\"text-align: center;\">Umwerfend modernes, schwarzes Top mit gewagten Cut-outs an den Schultern und den Ellenbogen. . Gro\u00dfer Boot-Ausschnitt f\u00fcr Ihren Komfort. Unser Model ist 167cm \/ 5 ft 6 und tr\u00e4gt Gr\u00f6\u00dfe S<br \/>-100% PES Seidenjersey<br \/>&#8211; Handw\u00e4sche oder Maschinenw\u00e4sche Feinwaschgang<br \/>&#8211; Entwurf von Dance Box &#8211; Hergestellt in Portugal<\/div>\n","protected":false},"excerpt":{"rendered":"<p>Umwerfend modernes, schwarzes Top mit gewagten Cut-outs an den Schultern und den Ellenbogen. . Gro\u00dfer Boot-Ausschnitt f\u00fcr Ihren Komfort. Unser Model ist 167cm \/ 5 ft 6 und tr\u00e4gt Gr\u00f6\u00dfe S-100% PES Seidenjersey&#8211; Handw\u00e4sche oder Maschinenw\u00e4sche Feinwaschgang&#8211; Entwurf von Dance Box &#8211; Hergestellt in Portugal<\/p>\n","protected":false},"featured_media":140384,"comment_status":"open","ping_status":"closed","template":"","meta":{"_et_pb_use_builder":"","_et_pb_old_content":"","_et_gb_content_width":"","wds_primary_product_brand":0,"wds_primary_product_cat":0},"product_brand":[],"product_cat":[59,65,58],"product_tag":[60,61,68,62],"class_list":{"0":"post-140632","1":"product","2":"type-product","3":"status-publish","4":"has-post-thumbnail","6":"product_cat-leotard-body","7":"product_cat-latin-top","8":"product_cat-dance-tops","9":"product_tag-ballet-leotard","10":"product_tag-dance-leotards","11":"product_tag-dance-top","12":"product_tag-dancewear","14":"first","15":"instock","16":"shipping-taxable","17":"purchasable","18":"product-type-variable"},"_links":{"self":[{"href":"https:\/\/dancebox.eu\/de\/wp-json\/wp\/v2\/product\/140632","targetHints":{"allow":["GET"]}}],"collection":[{"href":"https:\/\/dancebox.eu\/de\/wp-json\/wp\/v2\/product"}],"about":[{"href":"https:\/\/dancebox.eu\/de\/wp-json\/wp\/v2\/types\/product"}],"replies":[{"embeddable":true,"href":"https:\/\/dancebox.eu\/de\/wp-json\/wp\/v2\/comments?post=140632"}],"wp:featuredmedia":[{"embeddable":true,"href":"https:\/\/dancebox.eu\/de\/wp-json\/wp\/v2\/media\/140384"}],"wp:attachment":[{"href":"https:\/\/dancebox.eu\/de\/wp-json\/wp\/v2\/media?parent=140632"}],"wp:term":[{"taxonomy":"product_brand","embeddable":true,"href":"https:\/\/dancebox.eu\/de\/wp-json\/wp\/v2\/product_brand?post=140632"},{"taxonomy":"product_cat","embeddable":true,"href":"https:\/\/dancebox.eu\/de\/wp-json\/wp\/v2\/product_cat?post=140632"},{"taxonomy":"product_tag","embeddable":true,"href":"https:\/\/dancebox.eu\/de\/wp-json\/wp\/v2\/product_tag?post=140632"}],"curies":[{"name":"wp","href":"https:\/\/api.w.org\/{rel}","templated":true}]}}