{"id":140583,"date":"2024-02-11T18:55:50","date_gmt":"2024-02-11T16:55:50","guid":{"rendered":"https:\/\/dancebox.eu\/?post_type=product&#038;p=140583"},"modified":"2024-02-24T00:22:11","modified_gmt":"2024-02-23T22:22:11","slug":"mia-latin-skirt-red-p23120028-02","status":"publish","type":"product","link":"https:\/\/dancebox.eu\/de\/produkt\/mia-latin-skirt-red-p23120028-02\/","title":{"rendered":"Mia Latin Skirt Red <br\/> P23120028-02"},"content":{"rendered":"<p style=\"text-align: center;\">Flotter, schicker rote Lateinrock mit einer tollen, gerafften R\u00fcckenlinie und h\u00fcbschen verspielten R\u00fcschen, die jede Ihrer Bewegungen unterstreichen! Bedeckter elastischer Bund Unser Model ist 167cm \/ 5 ft 6 und tr\u00e4gt Gr\u00f6\u00dfe S<br \/>&#8211; 100% PES Seiden-Jersey<br \/>&#8211; Handw\u00e4sche oder Maschinenw\u00e4sche Feinwaschgang<br \/>&#8211; Entwurf von Dance Box &#8211; Hergestellt in Portugal<\/p>\n","protected":false},"excerpt":{"rendered":"<p>Flotter, schicker rote Lateinrock mit einer tollen, gerafften R\u00fcckenlinie und h\u00fcbschen verspielten R\u00fcschen, die jede Ihrer Bewegungen unterstreichen! Bedeckter elastischer Bund Unser Model ist 167cm \/ 5 ft 6 und tr\u00e4gt Gr\u00f6\u00dfe S&#8211; 100% PES Seiden-Jersey&#8211; Handw\u00e4sche oder Maschinenw\u00e4sche Feinwaschgang&#8211; Entwurf von Dance Box &#8211; Hergestellt in Portugal<\/p>\n","protected":false},"featured_media":140424,"comment_status":"open","ping_status":"closed","template":"","meta":{"_et_pb_use_builder":"1","_et_pb_old_content":"off","_et_gb_content_width":"","wds_primary_product_brand":0,"wds_primary_product_cat":0},"product_brand":[],"product_cat":[45,44,38],"product_tag":[39,46,47],"class_list":{"0":"post-140583","1":"product","2":"type-product","3":"status-publish","4":"has-post-thumbnail","6":"product_cat-latin-skirt-dance-practice-wear","7":"product_cat-latin-skirt","8":"product_cat-tango-fashion","9":"product_tag-latin-dance-fashions","10":"product_tag-latin-skirt","11":"product_tag-rumba-skirt","13":"first","14":"instock","15":"shipping-taxable","16":"purchasable","17":"product-type-variable"},"_links":{"self":[{"href":"https:\/\/dancebox.eu\/de\/wp-json\/wp\/v2\/product\/140583","targetHints":{"allow":["GET"]}}],"collection":[{"href":"https:\/\/dancebox.eu\/de\/wp-json\/wp\/v2\/product"}],"about":[{"href":"https:\/\/dancebox.eu\/de\/wp-json\/wp\/v2\/types\/product"}],"replies":[{"embeddable":true,"href":"https:\/\/dancebox.eu\/de\/wp-json\/wp\/v2\/comments?post=140583"}],"wp:featuredmedia":[{"embeddable":true,"href":"https:\/\/dancebox.eu\/de\/wp-json\/wp\/v2\/media\/140424"}],"wp:attachment":[{"href":"https:\/\/dancebox.eu\/de\/wp-json\/wp\/v2\/media?parent=140583"}],"wp:term":[{"taxonomy":"product_brand","embeddable":true,"href":"https:\/\/dancebox.eu\/de\/wp-json\/wp\/v2\/product_brand?post=140583"},{"taxonomy":"product_cat","embeddable":true,"href":"https:\/\/dancebox.eu\/de\/wp-json\/wp\/v2\/product_cat?post=140583"},{"taxonomy":"product_tag","embeddable":true,"href":"https:\/\/dancebox.eu\/de\/wp-json\/wp\/v2\/product_tag?post=140583"}],"curies":[{"name":"wp","href":"https:\/\/api.w.org\/{rel}","templated":true}]}}