{"id":140228,"date":"2024-02-11T16:54:52","date_gmt":"2024-02-11T14:54:52","guid":{"rendered":"https:\/\/dancebox.eu\/?post_type=product&#038;p=140228"},"modified":"2024-02-24T00:02:17","modified_gmt":"2024-02-23T22:02:17","slug":"poppy-top-red-p23120029-02","status":"publish","type":"product","link":"https:\/\/dancebox.eu\/de\/produkt\/poppy-top-red-p23120029-02\/","title":{"rendered":"Poppy Top Red <br\/> P23120029-02"},"content":{"rendered":"<div style=\"text-align: center;\">Sehr edles rotes Top mit langen<br \/>Stretch-Netz\u00e4rmeln und einem trendigen Kordelzug an einer Seite um Ihren individuellen Stil zu verwirklichen. Gro\u00dfe, weiche, abnehmbare Blumenbrosche. Unser Model ist 163cm \/ 5 ft 4 und tr\u00e4gt Gr\u00f6\u00dfe S<br \/>&#8211; Seidenjersey<br \/>&#8211; Handw\u00e4sche oder Maschinenw\u00e4sche Feinwaschgang<br \/>&#8211; Entwurf von Dance Box &#8211; Hergestellt in Portugal<br \/>100% PES Jersey, Mesh 80%PA\/20% Elastane<\/div>\n","protected":false},"excerpt":{"rendered":"<p>Sehr edles rotes Top mit langenStretch-Netz\u00e4rmeln und einem trendigen Kordelzug an einer Seite um Ihren individuellen Stil zu verwirklichen. Gro\u00dfe, weiche, abnehmbare Blumenbrosche. Unser Model ist 163cm \/ 5 ft 4 und tr\u00e4gt Gr\u00f6\u00dfe S&#8211; Seidenjersey&#8211; Handw\u00e4sche oder Maschinenw\u00e4sche Feinwaschgang&#8211; Entwurf von Dance Box &#8211; Hergestellt in Portugal100% PES Jersey, Mesh 80%PA\/20% Elastane<\/p>\n","protected":false},"featured_media":140116,"comment_status":"open","ping_status":"closed","template":"","meta":{"_et_pb_use_builder":"","_et_pb_old_content":"","_et_gb_content_width":"","wds_primary_product_brand":0,"wds_primary_product_cat":0},"product_brand":[],"product_cat":[59,65,58],"product_tag":[60,61,68,62],"class_list":{"0":"post-140228","1":"product","2":"type-product","3":"status-publish","4":"has-post-thumbnail","6":"product_cat-leotard-body","7":"product_cat-latin-top","8":"product_cat-dance-tops","9":"product_tag-ballet-leotard","10":"product_tag-dance-leotards","11":"product_tag-dance-top","12":"product_tag-dancewear","14":"first","15":"instock","16":"shipping-taxable","17":"purchasable","18":"product-type-variable"},"_links":{"self":[{"href":"https:\/\/dancebox.eu\/de\/wp-json\/wp\/v2\/product\/140228","targetHints":{"allow":["GET"]}}],"collection":[{"href":"https:\/\/dancebox.eu\/de\/wp-json\/wp\/v2\/product"}],"about":[{"href":"https:\/\/dancebox.eu\/de\/wp-json\/wp\/v2\/types\/product"}],"replies":[{"embeddable":true,"href":"https:\/\/dancebox.eu\/de\/wp-json\/wp\/v2\/comments?post=140228"}],"wp:featuredmedia":[{"embeddable":true,"href":"https:\/\/dancebox.eu\/de\/wp-json\/wp\/v2\/media\/140116"}],"wp:attachment":[{"href":"https:\/\/dancebox.eu\/de\/wp-json\/wp\/v2\/media?parent=140228"}],"wp:term":[{"taxonomy":"product_brand","embeddable":true,"href":"https:\/\/dancebox.eu\/de\/wp-json\/wp\/v2\/product_brand?post=140228"},{"taxonomy":"product_cat","embeddable":true,"href":"https:\/\/dancebox.eu\/de\/wp-json\/wp\/v2\/product_cat?post=140228"},{"taxonomy":"product_tag","embeddable":true,"href":"https:\/\/dancebox.eu\/de\/wp-json\/wp\/v2\/product_tag?post=140228"}],"curies":[{"name":"wp","href":"https:\/\/api.w.org\/{rel}","templated":true}]}}