{"id":139607,"date":"2024-02-04T21:40:37","date_gmt":"2024-02-04T19:40:37","guid":{"rendered":"https:\/\/dancebox.eu\/?post_type=product&#038;p=139607"},"modified":"2024-02-24T00:02:35","modified_gmt":"2024-02-23T22:02:35","slug":"andrea-ballroom-dress-savannah-p23120022-03","status":"publish","type":"product","link":"https:\/\/dancebox.eu\/de\/produkt\/andrea-ballroom-dress-savannah-p23120022-03\/","title":{"rendered":"Andrea Ballroom Dress Savannah <br\/> P23120022-03"},"content":{"rendered":"<div style=\"text-align: center;\">Dieses tolle, feminine Standardkleid im aufallenden Leo Print mit trendigem Blumenausschnitt, zentriert um einen goldenen Ring, l\u00e4sst niemanden gleichg\u00fcltig! Breiter Bootkragen f\u00fcr noch mehr Komfort. Voller, wundersch\u00f6n schwingender Rock mit \u00fcberzogenem Krinolinen-Saum . Unser Model ist 171cm \/ 5 ft 8 und tr\u00e4gt Gr\u00f6\u00dfe S<br \/>&#8211; Seidenjersey<br \/>&#8211; Handw\u00e4sche oder Maschinenw\u00e4sche Feinwaschgang<br \/>&#8211; Entwurf von Dance Box &#8211; Hergestellt in Portugal<br \/>100% PES JERSEY<\/div>\n","protected":false},"excerpt":{"rendered":"<p>Dieses tolle, feminine Standardkleid im aufallenden Leo Print mit trendigem Blumenausschnitt, zentriert um einen goldenen Ring, l\u00e4sst niemanden gleichg\u00fcltig! Breiter Bootkragen f\u00fcr noch mehr Komfort. Voller, wundersch\u00f6n schwingender Rock mit \u00fcberzogenem Krinolinen-Saum . Unser Model ist 171cm \/ 5 ft 8 und tr\u00e4gt Gr\u00f6\u00dfe S&#8211; Seidenjersey&#8211; Handw\u00e4sche oder Maschinenw\u00e4sche Feinwaschgang&#8211; Entwurf von Dance Box &#8211; [&hellip;]<\/p>\n","protected":false},"featured_media":138292,"comment_status":"open","ping_status":"closed","template":"","meta":{"_et_pb_use_builder":"1","_et_pb_old_content":"off","_et_gb_content_width":"","wds_primary_product_brand":0,"wds_primary_product_cat":0},"product_brand":[],"product_cat":[191,149],"product_tag":[309,271,310],"class_list":{"0":"post-139607","1":"product","2":"type-product","3":"status-publish","4":"has-post-thumbnail","6":"product_cat-standard-kleid-de","7":"product_cat-standard-kleid","8":"product_tag-ballroom-dress-de","9":"product_tag-ballroom-fashion-de","10":"product_tag-ballroom-practice-dress-de","12":"first","13":"instock","14":"shipping-taxable","15":"purchasable","16":"product-type-variable"},"_links":{"self":[{"href":"https:\/\/dancebox.eu\/de\/wp-json\/wp\/v2\/product\/139607","targetHints":{"allow":["GET"]}}],"collection":[{"href":"https:\/\/dancebox.eu\/de\/wp-json\/wp\/v2\/product"}],"about":[{"href":"https:\/\/dancebox.eu\/de\/wp-json\/wp\/v2\/types\/product"}],"replies":[{"embeddable":true,"href":"https:\/\/dancebox.eu\/de\/wp-json\/wp\/v2\/comments?post=139607"}],"wp:featuredmedia":[{"embeddable":true,"href":"https:\/\/dancebox.eu\/de\/wp-json\/wp\/v2\/media\/138292"}],"wp:attachment":[{"href":"https:\/\/dancebox.eu\/de\/wp-json\/wp\/v2\/media?parent=139607"}],"wp:term":[{"taxonomy":"product_brand","embeddable":true,"href":"https:\/\/dancebox.eu\/de\/wp-json\/wp\/v2\/product_brand?post=139607"},{"taxonomy":"product_cat","embeddable":true,"href":"https:\/\/dancebox.eu\/de\/wp-json\/wp\/v2\/product_cat?post=139607"},{"taxonomy":"product_tag","embeddable":true,"href":"https:\/\/dancebox.eu\/de\/wp-json\/wp\/v2\/product_tag?post=139607"}],"curies":[{"name":"wp","href":"https:\/\/api.w.org\/{rel}","templated":true}]}}