{"id":139492,"date":"2024-02-04T21:26:55","date_gmt":"2024-02-04T19:26:55","guid":{"rendered":"https:\/\/dancebox.eu\/?post_type=product&#038;p=139492"},"modified":"2024-02-24T00:02:43","modified_gmt":"2024-02-23T22:02:43","slug":"caroline-latin-skirt-savannah-p23120017-03","status":"publish","type":"product","link":"https:\/\/dancebox.eu\/de\/produkt\/caroline-latin-skirt-savannah-p23120017-03\/","title":{"rendered":"Caroline Latin Skirt Savannah <br\/> P23120017-03"},"content":{"rendered":"<p style=\"text-align: center;\">Ein wirklich cooler, vielseitiger Lateinrock in tollem Leo Print, den Sie von der ersten Sekunde an lieben werden, wenn Sie ihn anziehen. Passen Sie Ihre gew\u00fcnschte L\u00e4nge und Look mit bequemen Kordeln auf beiden Seiten an. Dieser Rock l\u00e4sst niemanden gleichg\u00fcltig! Unser Model ist 171cm \/ 5 ft 8 und tr\u00e4gt eine Gr\u00f6\u00dfe S<br \/>&#8211; 100% PES Seidenjersey<br \/>&#8211; Handw\u00e4sche oder Maschinenw\u00e4sche Feinwaschgang<br \/>&#8211; Entwurf von Dance Box &#8211; Hergestellt in Portugal<\/p>\n","protected":false},"excerpt":{"rendered":"<p>Ein wirklich cooler, vielseitiger Lateinrock in tollem Leo Print, den Sie von der ersten Sekunde an lieben werden, wenn Sie ihn anziehen. Passen Sie Ihre gew\u00fcnschte L\u00e4nge und Look mit bequemen Kordeln auf beiden Seiten an. Dieser Rock l\u00e4sst niemanden gleichg\u00fcltig! Unser Model ist 171cm \/ 5 ft 8 und tr\u00e4gt eine Gr\u00f6\u00dfe S&#8211; 100% [&hellip;]<\/p>\n","protected":false},"featured_media":140741,"comment_status":"open","ping_status":"closed","template":"","meta":{"_et_pb_use_builder":"1","_et_pb_old_content":"off","_et_gb_content_width":"","wds_primary_product_brand":0,"wds_primary_product_cat":0},"product_brand":[],"product_cat":[158,200,206],"product_tag":[262,242,298],"class_list":{"0":"post-139492","1":"product","2":"type-product","3":"status-publish","4":"has-post-thumbnail","6":"product_cat-latein-rock","7":"product_cat-latein-rock-de","8":"product_cat-tango-mode","9":"product_tag-latin-dance-fashions-de","10":"product_tag-latin-skirt-de","11":"product_tag-rumba-skirt-de","13":"first","14":"instock","15":"shipping-taxable","16":"purchasable","17":"product-type-variable"},"_links":{"self":[{"href":"https:\/\/dancebox.eu\/de\/wp-json\/wp\/v2\/product\/139492","targetHints":{"allow":["GET"]}}],"collection":[{"href":"https:\/\/dancebox.eu\/de\/wp-json\/wp\/v2\/product"}],"about":[{"href":"https:\/\/dancebox.eu\/de\/wp-json\/wp\/v2\/types\/product"}],"replies":[{"embeddable":true,"href":"https:\/\/dancebox.eu\/de\/wp-json\/wp\/v2\/comments?post=139492"}],"wp:featuredmedia":[{"embeddable":true,"href":"https:\/\/dancebox.eu\/de\/wp-json\/wp\/v2\/media\/140741"}],"wp:attachment":[{"href":"https:\/\/dancebox.eu\/de\/wp-json\/wp\/v2\/media?parent=139492"}],"wp:term":[{"taxonomy":"product_brand","embeddable":true,"href":"https:\/\/dancebox.eu\/de\/wp-json\/wp\/v2\/product_brand?post=139492"},{"taxonomy":"product_cat","embeddable":true,"href":"https:\/\/dancebox.eu\/de\/wp-json\/wp\/v2\/product_cat?post=139492"},{"taxonomy":"product_tag","embeddable":true,"href":"https:\/\/dancebox.eu\/de\/wp-json\/wp\/v2\/product_tag?post=139492"}],"curies":[{"name":"wp","href":"https:\/\/api.w.org\/{rel}","templated":true}]}}