{"id":139400,"date":"2024-02-04T21:14:35","date_gmt":"2024-02-04T19:14:35","guid":{"rendered":"https:\/\/dancebox.eu\/?post_type=product&#038;p=139400"},"modified":"2024-02-24T00:02:50","modified_gmt":"2024-02-23T22:02:50","slug":"caroline-latin-skirt-red-p23120017-02","status":"publish","type":"product","link":"https:\/\/dancebox.eu\/de\/produkt\/caroline-latin-skirt-red-p23120017-02\/","title":{"rendered":"Caroline Latin Skirt Red <br\/> P23120017-02"},"content":{"rendered":"<p style=\"text-align: center;\">Ein wirklich cooler, vielseitiger roter Lateinrock, den Sie von der ersten Sekunde an lieben werden, wenn Sie ihn anziehen. Passen Sie Ihre gew\u00fcnschte L\u00e4nge und Look mit bequemen Kordeln auf beiden Seiten an. Dieser Rock l\u00e4sst niemanden gleichg\u00fcltig! Unser Model ist 171cm \/ 5 ft 8 und tr\u00e4gt eine Gr\u00f6\u00dfe S<br \/>-100% PES<\/p>\n<p style=\"text-align: center;\">Seidenjersey<br \/>&#8211; Handw\u00e4sche oder Maschinenw\u00e4sche Feinwaschgang<br \/>&#8211; Entwurf von Dance Box &#8211; Hergestellt in Portugal<\/p>\n","protected":false},"excerpt":{"rendered":"<p>Ein wirklich cooler, vielseitiger roter Lateinrock, den Sie von der ersten Sekunde an lieben werden, wenn Sie ihn anziehen. Passen Sie Ihre gew\u00fcnschte L\u00e4nge und Look mit bequemen Kordeln auf beiden Seiten an. Dieser Rock l\u00e4sst niemanden gleichg\u00fcltig! Unser Model ist 171cm \/ 5 ft 8 und tr\u00e4gt eine Gr\u00f6\u00dfe S-100% PES Seidenjersey&#8211; Handw\u00e4sche oder [&hellip;]<\/p>\n","protected":false},"featured_media":138452,"comment_status":"open","ping_status":"closed","template":"","meta":{"_et_pb_use_builder":"1","_et_pb_old_content":"off","_et_gb_content_width":"","wds_primary_product_brand":0,"wds_primary_product_cat":0},"product_brand":[],"product_cat":[200,158,206],"product_tag":[262,242,298],"class_list":{"0":"post-139400","1":"product","2":"type-product","3":"status-publish","4":"has-post-thumbnail","6":"product_cat-latein-rock-de","7":"product_cat-latein-rock","8":"product_cat-tango-mode","9":"product_tag-latin-dance-fashions-de","10":"product_tag-latin-skirt-de","11":"product_tag-rumba-skirt-de","13":"first","14":"instock","15":"shipping-taxable","16":"purchasable","17":"product-type-variable"},"_links":{"self":[{"href":"https:\/\/dancebox.eu\/de\/wp-json\/wp\/v2\/product\/139400","targetHints":{"allow":["GET"]}}],"collection":[{"href":"https:\/\/dancebox.eu\/de\/wp-json\/wp\/v2\/product"}],"about":[{"href":"https:\/\/dancebox.eu\/de\/wp-json\/wp\/v2\/types\/product"}],"replies":[{"embeddable":true,"href":"https:\/\/dancebox.eu\/de\/wp-json\/wp\/v2\/comments?post=139400"}],"wp:featuredmedia":[{"embeddable":true,"href":"https:\/\/dancebox.eu\/de\/wp-json\/wp\/v2\/media\/138452"}],"wp:attachment":[{"href":"https:\/\/dancebox.eu\/de\/wp-json\/wp\/v2\/media?parent=139400"}],"wp:term":[{"taxonomy":"product_brand","embeddable":true,"href":"https:\/\/dancebox.eu\/de\/wp-json\/wp\/v2\/product_brand?post=139400"},{"taxonomy":"product_cat","embeddable":true,"href":"https:\/\/dancebox.eu\/de\/wp-json\/wp\/v2\/product_cat?post=139400"},{"taxonomy":"product_tag","embeddable":true,"href":"https:\/\/dancebox.eu\/de\/wp-json\/wp\/v2\/product_tag?post=139400"}],"curies":[{"name":"wp","href":"https:\/\/api.w.org\/{rel}","templated":true}]}}