{"id":139258,"date":"2024-02-04T20:56:12","date_gmt":"2024-02-04T18:56:12","guid":{"rendered":"https:\/\/dancebox.eu\/?post_type=product&#038;p=139258"},"modified":"2024-02-24T00:03:03","modified_gmt":"2024-02-23T22:03:03","slug":"claudia-latin-skirt-black-p23120021-01","status":"publish","type":"product","link":"https:\/\/dancebox.eu\/de\/produkt\/claudia-latin-skirt-black-p23120021-01\/","title":{"rendered":"Claudia Latin Skirt Black <br\/> P23120021-01"},"content":{"rendered":"<p style=\"text-align: center;\">Ein schicker, modischer, mittellanger schwarzer Lateinrock Elegant gerafft mit einem auff\u00e4lligen Drehknoten auf der Vorderseite. Einer Ihrer neuen Lieblinge! Unser Model ist 171cm \/ 5 ft 8 und tr\u00e4gt eine Gr\u00f6\u00dfe S<br \/>-100% PES Seidenjersey<br \/>&#8211; Handw\u00e4sche oder Maschinenw\u00e4sche Feinwaschgang<br \/>&#8211; Entwurf von Dance Box &#8211; Hergestellt in Portugal<\/p>\n","protected":false},"excerpt":{"rendered":"<p>Ein schicker, modischer, mittellanger schwarzer Lateinrock Elegant gerafft mit einem auff\u00e4lligen Drehknoten auf der Vorderseite. Einer Ihrer neuen Lieblinge! Unser Model ist 171cm \/ 5 ft 8 und tr\u00e4gt eine Gr\u00f6\u00dfe S-100% PES Seidenjersey&#8211; Handw\u00e4sche oder Maschinenw\u00e4sche Feinwaschgang&#8211; Entwurf von Dance Box &#8211; Hergestellt in Portugal<\/p>\n","protected":false},"featured_media":138502,"comment_status":"open","ping_status":"closed","template":"","meta":{"_et_pb_use_builder":"1","_et_pb_old_content":"off","_et_gb_content_width":"","wds_primary_product_brand":0,"wds_primary_product_cat":0},"product_brand":[],"product_cat":[158,200,206],"product_tag":[262,242,298],"class_list":{"0":"post-139258","1":"product","2":"type-product","3":"status-publish","4":"has-post-thumbnail","6":"product_cat-latein-rock","7":"product_cat-latein-rock-de","8":"product_cat-tango-mode","9":"product_tag-latin-dance-fashions-de","10":"product_tag-latin-skirt-de","11":"product_tag-rumba-skirt-de","13":"first","14":"instock","15":"shipping-taxable","16":"purchasable","17":"product-type-variable"},"_links":{"self":[{"href":"https:\/\/dancebox.eu\/de\/wp-json\/wp\/v2\/product\/139258","targetHints":{"allow":["GET"]}}],"collection":[{"href":"https:\/\/dancebox.eu\/de\/wp-json\/wp\/v2\/product"}],"about":[{"href":"https:\/\/dancebox.eu\/de\/wp-json\/wp\/v2\/types\/product"}],"replies":[{"embeddable":true,"href":"https:\/\/dancebox.eu\/de\/wp-json\/wp\/v2\/comments?post=139258"}],"wp:featuredmedia":[{"embeddable":true,"href":"https:\/\/dancebox.eu\/de\/wp-json\/wp\/v2\/media\/138502"}],"wp:attachment":[{"href":"https:\/\/dancebox.eu\/de\/wp-json\/wp\/v2\/media?parent=139258"}],"wp:term":[{"taxonomy":"product_brand","embeddable":true,"href":"https:\/\/dancebox.eu\/de\/wp-json\/wp\/v2\/product_brand?post=139258"},{"taxonomy":"product_cat","embeddable":true,"href":"https:\/\/dancebox.eu\/de\/wp-json\/wp\/v2\/product_cat?post=139258"},{"taxonomy":"product_tag","embeddable":true,"href":"https:\/\/dancebox.eu\/de\/wp-json\/wp\/v2\/product_tag?post=139258"}],"curies":[{"name":"wp","href":"https:\/\/api.w.org\/{rel}","templated":true}]}}