{"id":139084,"date":"2024-02-04T20:20:50","date_gmt":"2024-02-04T18:20:50","guid":{"rendered":"https:\/\/dancebox.eu\/?post_type=product&#038;p=139084"},"modified":"2024-02-24T00:03:56","modified_gmt":"2024-02-23T22:03:56","slug":"donatella-body-black-p23120016-01","status":"publish","type":"product","link":"https:\/\/dancebox.eu\/de\/produkt\/donatella-body-black-p23120016-01\/","title":{"rendered":"Donatella Body Black <br\/> P23120016-01"},"content":{"rendered":"<div style=\"text-align: center;\">Raffinierter schwarzer Body im Korsett-Stil mit langen \u00c4rmeln,Burnout-Tupfen und Samtb\u00e4ndern auf schwarzem Stretch-Netz. Oberes Teil mit Netzfutter f\u00fcr zus\u00e4tzlichen Komfort. Tief ausgeschnittener R\u00fccken. Kombinieren Sie mit einem unserer Latin- oder Standard-R\u00f6cke oder Hosen um einen atemberaubenden Look zu kreieren.<br \/>&#8211; Seidenjersey &#8211; Stretch-Netz &#8211; Burnout-Tupfen auf Netz<br \/>&#8211; Handw\u00e4sche oder Maschinenw\u00e4sche Schonwaschgang<br \/>&#8211; Entwurf von Dance Box<br \/>&#8211; Hergestellt in Portugal<br \/>100% PES Jersey , Stretch Mesh 80% PA\/ 20% Elastan<\/div>\n","protected":false},"excerpt":{"rendered":"<p>Raffinierter schwarzer Body im Korsett-Stil mit langen \u00c4rmeln,Burnout-Tupfen und Samtb\u00e4ndern auf schwarzem Stretch-Netz. Oberes Teil mit Netzfutter f\u00fcr zus\u00e4tzlichen Komfort. Tief ausgeschnittener R\u00fccken. Kombinieren Sie mit einem unserer Latin- oder Standard-R\u00f6cke oder Hosen um einen atemberaubenden Look zu kreieren.&#8211; Seidenjersey &#8211; Stretch-Netz &#8211; Burnout-Tupfen auf Netz&#8211; Handw\u00e4sche oder Maschinenw\u00e4sche Schonwaschgang&#8211; Entwurf von Dance Box&#8211; Hergestellt [&hellip;]<\/p>\n","protected":false},"featured_media":138487,"comment_status":"open","ping_status":"closed","template":"","meta":{"_et_pb_use_builder":"","_et_pb_old_content":"","_et_gb_content_width":"","wds_primary_product_brand":0,"wds_primary_product_cat":0},"product_brand":[],"product_cat":[161,203,152],"product_tag":[282,283,296,261],"class_list":{"0":"post-139084","1":"product","2":"type-product","3":"status-publish","4":"has-post-thumbnail","6":"product_cat-body","7":"product_cat-latin-top-de","8":"product_cat-tanz-top","9":"product_tag-ballet-leotard-de","10":"product_tag-dance-leotards-de","11":"product_tag-dance-top-de","12":"product_tag-dancewear-de","14":"first","15":"instock","16":"shipping-taxable","17":"purchasable","18":"product-type-variable"},"_links":{"self":[{"href":"https:\/\/dancebox.eu\/de\/wp-json\/wp\/v2\/product\/139084","targetHints":{"allow":["GET"]}}],"collection":[{"href":"https:\/\/dancebox.eu\/de\/wp-json\/wp\/v2\/product"}],"about":[{"href":"https:\/\/dancebox.eu\/de\/wp-json\/wp\/v2\/types\/product"}],"replies":[{"embeddable":true,"href":"https:\/\/dancebox.eu\/de\/wp-json\/wp\/v2\/comments?post=139084"}],"wp:featuredmedia":[{"embeddable":true,"href":"https:\/\/dancebox.eu\/de\/wp-json\/wp\/v2\/media\/138487"}],"wp:attachment":[{"href":"https:\/\/dancebox.eu\/de\/wp-json\/wp\/v2\/media?parent=139084"}],"wp:term":[{"taxonomy":"product_brand","embeddable":true,"href":"https:\/\/dancebox.eu\/de\/wp-json\/wp\/v2\/product_brand?post=139084"},{"taxonomy":"product_cat","embeddable":true,"href":"https:\/\/dancebox.eu\/de\/wp-json\/wp\/v2\/product_cat?post=139084"},{"taxonomy":"product_tag","embeddable":true,"href":"https:\/\/dancebox.eu\/de\/wp-json\/wp\/v2\/product_tag?post=139084"}],"curies":[{"name":"wp","href":"https:\/\/api.w.org\/{rel}","templated":true}]}}