{"id":138053,"date":"2024-02-04T17:36:32","date_gmt":"2024-02-04T15:36:32","guid":{"rendered":"https:\/\/dancebox.eu\/?post_type=product&#038;p=138053"},"modified":"2024-02-23T19:02:29","modified_gmt":"2024-02-23T17:02:29","slug":"diana-latin-dress-black-p23120018-01","status":"publish","type":"product","link":"https:\/\/dancebox.eu\/de\/produkt\/diana-latin-dress-black-p23120018-01\/","title":{"rendered":"Diana Latin Dress Black <br\/> P23120018-01"},"content":{"rendered":"<p style=\"text-align: center;\">Gewagtes schwarzes Lateinkleid mit sch\u00f6nem offenen R\u00fccken und Spaghettitr\u00e4gern. Langer Schlitz und wundersch\u00f6n flie\u00dfende R\u00fcschen die bei jeder Bewegung mittanzen.<br \/>Voller Body f\u00fcr Ihren Komfort. Unser Model ist 171cm \/ 5 ft 8 und tr\u00e4gt eine Gr\u00f6\u00dfe S<br \/>&#8211; Seidenjersey<br \/>&#8211; Handw\u00e4sche oder Maschinenw\u00e4sche im Schonwaschgang<\/p>\n<p>&#8211; Entwurf von Dance Box &#8211; Hergestellt in Portugal<\/p>\n<p style=\"text-align: center;\">100% PES JERSEY<\/p>\n<p style=\"text-align: center;\">\u00a0<\/p>\n","protected":false},"excerpt":{"rendered":"<p>100% PES Jersey, Velvet 92% PES\/ 8% Elastane, Mesh 80% PA\/20% Elastan<\/p>\n","protected":false},"featured_media":139995,"comment_status":"open","ping_status":"closed","template":"","meta":{"_et_pb_use_builder":"1","_et_pb_old_content":"off","_et_gb_content_width":"","wds_primary_product_brand":0,"wds_primary_product_cat":0},"product_brand":[],"product_cat":[194,198,155,185,206],"product_tag":[262,314,273,274],"class_list":{"0":"post-138053","1":"product","2":"type-product","3":"status-publish","4":"has-post-thumbnail","6":"product_cat-kleines-schwarzes-kleid","7":"product_cat-latein-kleid-de","8":"product_cat-latein-kleid","9":"product_cat-tango-kleid","10":"product_cat-tango-mode","11":"product_tag-latin-dance-fashions-de","12":"product_tag-latin-dress-de","13":"product_tag-latin-practice-dress-de","14":"product_tag-tango-dress-de","16":"first","17":"instock","18":"shipping-taxable","19":"purchasable","20":"product-type-variable"},"_links":{"self":[{"href":"https:\/\/dancebox.eu\/de\/wp-json\/wp\/v2\/product\/138053","targetHints":{"allow":["GET"]}}],"collection":[{"href":"https:\/\/dancebox.eu\/de\/wp-json\/wp\/v2\/product"}],"about":[{"href":"https:\/\/dancebox.eu\/de\/wp-json\/wp\/v2\/types\/product"}],"replies":[{"embeddable":true,"href":"https:\/\/dancebox.eu\/de\/wp-json\/wp\/v2\/comments?post=138053"}],"wp:featuredmedia":[{"embeddable":true,"href":"https:\/\/dancebox.eu\/de\/wp-json\/wp\/v2\/media\/139995"}],"wp:attachment":[{"href":"https:\/\/dancebox.eu\/de\/wp-json\/wp\/v2\/media?parent=138053"}],"wp:term":[{"taxonomy":"product_brand","embeddable":true,"href":"https:\/\/dancebox.eu\/de\/wp-json\/wp\/v2\/product_brand?post=138053"},{"taxonomy":"product_cat","embeddable":true,"href":"https:\/\/dancebox.eu\/de\/wp-json\/wp\/v2\/product_cat?post=138053"},{"taxonomy":"product_tag","embeddable":true,"href":"https:\/\/dancebox.eu\/de\/wp-json\/wp\/v2\/product_tag?post=138053"}],"curies":[{"name":"wp","href":"https:\/\/api.w.org\/{rel}","templated":true}]}}