{"id":137445,"date":"2024-01-12T17:39:40","date_gmt":"2024-01-12T15:39:40","guid":{"rendered":"https:\/\/dancebox.eu\/?post_type=product&#038;p=137445"},"modified":"2024-02-23T20:59:38","modified_gmt":"2024-02-23T18:59:38","slug":"beatrice-latin-dress-black-p23120025-01","status":"publish","type":"product","link":"https:\/\/dancebox.eu\/de\/produkt\/beatrice-latin-dress-black-p23120025-01\/","title":{"rendered":"Beatrice Latin Dress Black <br\/> P23120025-01"},"content":{"rendered":"<p style=\"text-align: center;\">Wundersch\u00f6nes, schwarzes Lateinkleid mit kurzem Stehkragen, R\u00fcckenrei\u00dfverschluss und langen \u00c4rmeln. Die attraktiven Ausschnitte vorne und hinten sind vollst\u00e4ndig mit hautfarbenem Stretch-Mesh unterf\u00fcttert. Der Mittelteil ist aus weichem Stretch-Samt gefertigt und bildet einen interessanten Kontrast. Integrierter Body f\u00fcr Ihren Komfort. Unser Model ist 170cm \/ 5 ft 7 und tr\u00e4gt Gr\u00f6\u00dfe S<br \/>&#8211; Seidenjersey, Stretch-Samt, Stretch- Mesh<br \/>&#8211; Handw\u00e4sche oder Maschinenw\u00e4sche im Schonwaschgang, nicht b\u00fcgeln, nur sanfter Dampf<\/p>\n<p>&#8211; Entwurf von Dance Box<br \/>&#8211; Hergestellt in Portugal<\/p>\n<p style=\"text-align: center;\">100% PES Jersey, Velvet 92% PES\/ 8% Elastane, Mesh 80% PA\/20% Elastan<\/p>\n","protected":false},"excerpt":{"rendered":"<p>100% PES Jersey, Velvet 92% PES\/ 8% Elastane, Mesh 80% PA\/20% Elastan<\/p>\n","protected":false},"featured_media":137429,"comment_status":"open","ping_status":"closed","template":"","meta":{"_et_pb_use_builder":"1","_et_pb_old_content":"off","_et_gb_content_width":"","wds_primary_product_brand":0,"wds_primary_product_cat":0},"product_brand":[],"product_cat":[194,155,198,185,206],"product_tag":[262,314,273,274],"class_list":{"0":"post-137445","1":"product","2":"type-product","3":"status-publish","4":"has-post-thumbnail","6":"product_cat-kleines-schwarzes-kleid","7":"product_cat-latein-kleid","8":"product_cat-latein-kleid-de","9":"product_cat-tango-kleid","10":"product_cat-tango-mode","11":"product_tag-latin-dance-fashions-de","12":"product_tag-latin-dress-de","13":"product_tag-latin-practice-dress-de","14":"product_tag-tango-dress-de","16":"first","17":"instock","18":"shipping-taxable","19":"purchasable","20":"product-type-variable"},"_links":{"self":[{"href":"https:\/\/dancebox.eu\/de\/wp-json\/wp\/v2\/product\/137445","targetHints":{"allow":["GET"]}}],"collection":[{"href":"https:\/\/dancebox.eu\/de\/wp-json\/wp\/v2\/product"}],"about":[{"href":"https:\/\/dancebox.eu\/de\/wp-json\/wp\/v2\/types\/product"}],"replies":[{"embeddable":true,"href":"https:\/\/dancebox.eu\/de\/wp-json\/wp\/v2\/comments?post=137445"}],"wp:featuredmedia":[{"embeddable":true,"href":"https:\/\/dancebox.eu\/de\/wp-json\/wp\/v2\/media\/137429"}],"wp:attachment":[{"href":"https:\/\/dancebox.eu\/de\/wp-json\/wp\/v2\/media?parent=137445"}],"wp:term":[{"taxonomy":"product_brand","embeddable":true,"href":"https:\/\/dancebox.eu\/de\/wp-json\/wp\/v2\/product_brand?post=137445"},{"taxonomy":"product_cat","embeddable":true,"href":"https:\/\/dancebox.eu\/de\/wp-json\/wp\/v2\/product_cat?post=137445"},{"taxonomy":"product_tag","embeddable":true,"href":"https:\/\/dancebox.eu\/de\/wp-json\/wp\/v2\/product_tag?post=137445"}],"curies":[{"name":"wp","href":"https:\/\/api.w.org\/{rel}","templated":true}]}}