{"id":136912,"date":"2024-01-11T18:48:18","date_gmt":"2024-01-11T16:48:18","guid":{"rendered":"https:\/\/dancebox.eu\/?post_type=product&#038;p=136912"},"modified":"2024-02-24T00:35:38","modified_gmt":"2024-02-23T22:35:38","slug":"brigitte-ballroom-dress-red-p23120007-02","status":"publish","type":"product","link":"https:\/\/dancebox.eu\/de\/produkt\/brigitte-ballroom-dress-red-p23120007-02\/","title":{"rendered":"Brigitte Ballroom Dress Red <br\/> P23120007-02"},"content":{"rendered":"<div style=\"text-align: center;\">\n<div>Raffiniertes, langes, rotes Standardkleid mit V-Ausschnitt, h\u00fcbschen, durchscheinenden Schmetterlings\u00e4rmeln und raffinierter, kunstvoller Taillenschn\u00fcrung. Weicher, langer schwingender Rock mit keckem Schlitz f\u00fcr Ballroom und American Smooth. Unser Model ist 171cm \/ 5 ft 8 und tr\u00e4gt Gr\u00f6\u00dfe S<br \/>&#8211; Seidenjersey, Stretch-Netz &#8211; Handw\u00e4sche oder Maschinenw\u00e4sche Feinwaschgang<br \/>&#8211; Entwurf von Dance Box &#8211; Hergestellt in Portugal<\/div>\n<div>100% PES Jersey, Stretch mesh 80% PA \/ 20% Elastan<\/div>\n<\/div>\n","protected":false},"excerpt":{"rendered":"<p>Raffiniertes, langes, rotes Standardkleid mit V-Ausschnitt, h\u00fcbschen, durchscheinenden Schmetterlings\u00e4rmeln und raffinierter, kunstvoller Taillenschn\u00fcrung. Weicher, langer schwingender Rock mit keckem Schlitz f\u00fcr Ballroom und American Smooth. Unser Model ist 171cm \/ 5 ft 8 und tr\u00e4gt Gr\u00f6\u00dfe S&#8211; Seidenjersey, Stretch-Netz &#8211; Handw\u00e4sche oder Maschinenw\u00e4sche Feinwaschgang&#8211; Entwurf von Dance Box &#8211; Hergestellt in Portugal 100% PES Jersey, [&hellip;]<\/p>\n","protected":false},"featured_media":135513,"comment_status":"open","ping_status":"closed","template":"","meta":{"_et_pb_use_builder":"1","_et_pb_old_content":"off","_et_gb_content_width":"","wds_primary_product_brand":0,"wds_primary_product_cat":0},"product_brand":[],"product_cat":[149,191],"product_tag":[309,271,310],"class_list":{"0":"post-136912","1":"product","2":"type-product","3":"status-publish","4":"has-post-thumbnail","6":"product_cat-standard-kleid","7":"product_cat-standard-kleid-de","8":"product_tag-ballroom-dress-de","9":"product_tag-ballroom-fashion-de","10":"product_tag-ballroom-practice-dress-de","12":"first","13":"instock","14":"shipping-taxable","15":"purchasable","16":"product-type-variable"},"_links":{"self":[{"href":"https:\/\/dancebox.eu\/de\/wp-json\/wp\/v2\/product\/136912","targetHints":{"allow":["GET"]}}],"collection":[{"href":"https:\/\/dancebox.eu\/de\/wp-json\/wp\/v2\/product"}],"about":[{"href":"https:\/\/dancebox.eu\/de\/wp-json\/wp\/v2\/types\/product"}],"replies":[{"embeddable":true,"href":"https:\/\/dancebox.eu\/de\/wp-json\/wp\/v2\/comments?post=136912"}],"wp:featuredmedia":[{"embeddable":true,"href":"https:\/\/dancebox.eu\/de\/wp-json\/wp\/v2\/media\/135513"}],"wp:attachment":[{"href":"https:\/\/dancebox.eu\/de\/wp-json\/wp\/v2\/media?parent=136912"}],"wp:term":[{"taxonomy":"product_brand","embeddable":true,"href":"https:\/\/dancebox.eu\/de\/wp-json\/wp\/v2\/product_brand?post=136912"},{"taxonomy":"product_cat","embeddable":true,"href":"https:\/\/dancebox.eu\/de\/wp-json\/wp\/v2\/product_cat?post=136912"},{"taxonomy":"product_tag","embeddable":true,"href":"https:\/\/dancebox.eu\/de\/wp-json\/wp\/v2\/product_tag?post=136912"}],"curies":[{"name":"wp","href":"https:\/\/api.w.org\/{rel}","templated":true}]}}