{"id":136799,"date":"2024-01-11T18:10:04","date_gmt":"2024-01-11T16:10:04","guid":{"rendered":"https:\/\/dancebox.eu\/?post_type=product&#038;p=136799"},"modified":"2024-02-24T00:06:52","modified_gmt":"2024-02-23T22:06:52","slug":"paloma-ballroom-dress-red-p23120008-02","status":"publish","type":"product","link":"https:\/\/dancebox.eu\/de\/produkt\/paloma-ballroom-dress-red-p23120008-02\/","title":{"rendered":"Paloma Ballroom Dress Red <br\/> P23120008-02"},"content":{"rendered":"<div style=\"text-align: center;\">\n<div>Spektakul\u00e4res rotes Ballkleid im spanischen Stil. Eleganter V- Ausschnitt vorne und hinten, der Ihre Silhouette zur Geltung bringt. Eine doppelte, weiche, diagonale Netzr\u00fcsche verl\u00e4uft vorne und hinten und wirkt verl\u00e4ngernd. Lange \u00c4rmel aus Stretch-Netz. Wundersch\u00f6n schwingender Rock mit \u00fcberzogenem Krinolinen-Saum. Abnehmbare gro\u00dfe, weiche Blumen- Brosche als Hingucker . Unser Model ist 170 cm gro\u00df und tr\u00e4gt Gr\u00f6\u00dfe S<br \/>&#8211; Seidenjersey<br \/>&#8211; R\u00fcsche aus Stretch-Mesh &#8211; Handw\u00e4sche oder Maschinenw\u00e4sche Feinwaschgang<br \/>&#8211; Entwurf von Dance Box &#8211; Hergestellt in Portugal<\/div>\n<div>100% PES Jersey, Mesh 80%PA\/20% Elastane<\/div>\n<div>\u00a0<\/div>\n<\/div>\n","protected":false},"excerpt":{"rendered":"<p>Spektakul\u00e4res rotes Ballkleid im spanischen Stil. Eleganter V- Ausschnitt vorne und hinten, der Ihre Silhouette zur Geltung bringt. Eine doppelte, weiche, diagonale Netzr\u00fcsche verl\u00e4uft vorne und hinten und wirkt verl\u00e4ngernd. Lange \u00c4rmel aus Stretch-Netz. Wundersch\u00f6n schwingender Rock mit \u00fcberzogenem Krinolinen-Saum. Abnehmbare gro\u00dfe, weiche Blumen- Brosche als Hingucker . Unser Model ist 170 cm gro\u00df und [&hellip;]<\/p>\n","protected":false},"featured_media":136887,"comment_status":"open","ping_status":"closed","template":"","meta":{"_et_pb_use_builder":"1","_et_pb_old_content":"off","_et_gb_content_width":"","wds_primary_product_brand":0,"wds_primary_product_cat":0},"product_brand":[],"product_cat":[149,191],"product_tag":[309,271,310],"class_list":{"0":"post-136799","1":"product","2":"type-product","3":"status-publish","4":"has-post-thumbnail","6":"product_cat-standard-kleid","7":"product_cat-standard-kleid-de","8":"product_tag-ballroom-dress-de","9":"product_tag-ballroom-fashion-de","10":"product_tag-ballroom-practice-dress-de","12":"first","13":"instock","14":"shipping-taxable","15":"purchasable","16":"product-type-variable"},"_links":{"self":[{"href":"https:\/\/dancebox.eu\/de\/wp-json\/wp\/v2\/product\/136799","targetHints":{"allow":["GET"]}}],"collection":[{"href":"https:\/\/dancebox.eu\/de\/wp-json\/wp\/v2\/product"}],"about":[{"href":"https:\/\/dancebox.eu\/de\/wp-json\/wp\/v2\/types\/product"}],"replies":[{"embeddable":true,"href":"https:\/\/dancebox.eu\/de\/wp-json\/wp\/v2\/comments?post=136799"}],"wp:featuredmedia":[{"embeddable":true,"href":"https:\/\/dancebox.eu\/de\/wp-json\/wp\/v2\/media\/136887"}],"wp:attachment":[{"href":"https:\/\/dancebox.eu\/de\/wp-json\/wp\/v2\/media?parent=136799"}],"wp:term":[{"taxonomy":"product_brand","embeddable":true,"href":"https:\/\/dancebox.eu\/de\/wp-json\/wp\/v2\/product_brand?post=136799"},{"taxonomy":"product_cat","embeddable":true,"href":"https:\/\/dancebox.eu\/de\/wp-json\/wp\/v2\/product_cat?post=136799"},{"taxonomy":"product_tag","embeddable":true,"href":"https:\/\/dancebox.eu\/de\/wp-json\/wp\/v2\/product_tag?post=136799"}],"curies":[{"name":"wp","href":"https:\/\/api.w.org\/{rel}","templated":true}]}}