{"id":136373,"date":"2024-01-11T16:58:26","date_gmt":"2024-01-11T14:58:26","guid":{"rendered":"https:\/\/dancebox.eu\/?post_type=product&#038;p=136373"},"modified":"2024-02-24T00:07:44","modified_gmt":"2024-02-23T22:07:44","slug":"colette-latin-dress-grey-p23120014-01","status":"publish","type":"product","link":"https:\/\/dancebox.eu\/de\/produkt\/colette-latin-dress-grey-p23120014-01\/","title":{"rendered":"Colette Latin Dress Grey <br\/> P23120014-01"},"content":{"rendered":"<p style=\"text-align: center;\">Modernes, sehr modisches schwarz- graues Lateinkleid. Reine Zweiton- Raffinesse. Au\u00dfen aus schwarzem, weichem Stretch-Mesh, innen aus grauem Seidenjersey. Freche Raffungen und R\u00fcschen verleihen dem Kleid eine verspielte Note. R\u00fcckenverschluss mit dekorativem goldenem Clip, voller Body f\u00fcr Ihren Komfort.<br \/>Unser Model ist 170cm \/ 5 ft 7 und tr\u00e4gt Gr\u00f6\u00dfe S<br \/>&#8211; Seidenjersey<br \/>&#8211; Stretch-Mesh<br \/>&#8211; Handw\u00e4sche oder Maschinenw\u00e4sche Feinwaschgang<br \/>&#8211; Entwurf von Dance Box &#8211; Hergestellt in Portugal<\/p>\n<p>100% PES Jersey, Mesh 80%PA\/20% Elastane<\/p>\n","protected":false},"excerpt":{"rendered":"<p>Modernes, sehr modisches schwarz- graues Lateinkleid. Reine Zweiton- Raffinesse. Au\u00dfen aus schwarzem, weichem Stretch-Mesh, innen aus grauem Seidenjersey. Freche Raffungen und R\u00fcschen verleihen dem Kleid eine verspielte Note. R\u00fcckenverschluss mit dekorativem goldenem Clip, voller Body f\u00fcr Ihren Komfort.Unser Model ist 170cm \/ 5 ft 7 und tr\u00e4gt Gr\u00f6\u00dfe S&#8211; Seidenjersey&#8211; Stretch-Mesh&#8211; Handw\u00e4sche oder Maschinenw\u00e4sche Feinwaschgang&#8211; [&hellip;]<\/p>\n","protected":false},"featured_media":136294,"comment_status":"open","ping_status":"closed","template":"","meta":{"_et_pb_use_builder":"1","_et_pb_old_content":"off","_et_gb_content_width":"","wds_primary_product_brand":0,"wds_primary_product_cat":0},"product_brand":[],"product_cat":[155,198,185,206],"product_tag":[262,314,273,274],"class_list":{"0":"post-136373","1":"product","2":"type-product","3":"status-publish","4":"has-post-thumbnail","6":"product_cat-latein-kleid","7":"product_cat-latein-kleid-de","8":"product_cat-tango-kleid","9":"product_cat-tango-mode","10":"product_tag-latin-dance-fashions-de","11":"product_tag-latin-dress-de","12":"product_tag-latin-practice-dress-de","13":"product_tag-tango-dress-de","15":"first","16":"instock","17":"shipping-taxable","18":"purchasable","19":"product-type-variable"},"_links":{"self":[{"href":"https:\/\/dancebox.eu\/de\/wp-json\/wp\/v2\/product\/136373","targetHints":{"allow":["GET"]}}],"collection":[{"href":"https:\/\/dancebox.eu\/de\/wp-json\/wp\/v2\/product"}],"about":[{"href":"https:\/\/dancebox.eu\/de\/wp-json\/wp\/v2\/types\/product"}],"replies":[{"embeddable":true,"href":"https:\/\/dancebox.eu\/de\/wp-json\/wp\/v2\/comments?post=136373"}],"wp:featuredmedia":[{"embeddable":true,"href":"https:\/\/dancebox.eu\/de\/wp-json\/wp\/v2\/media\/136294"}],"wp:attachment":[{"href":"https:\/\/dancebox.eu\/de\/wp-json\/wp\/v2\/media?parent=136373"}],"wp:term":[{"taxonomy":"product_brand","embeddable":true,"href":"https:\/\/dancebox.eu\/de\/wp-json\/wp\/v2\/product_brand?post=136373"},{"taxonomy":"product_cat","embeddable":true,"href":"https:\/\/dancebox.eu\/de\/wp-json\/wp\/v2\/product_cat?post=136373"},{"taxonomy":"product_tag","embeddable":true,"href":"https:\/\/dancebox.eu\/de\/wp-json\/wp\/v2\/product_tag?post=136373"}],"curies":[{"name":"wp","href":"https:\/\/api.w.org\/{rel}","templated":true}]}}