{"id":136077,"date":"2024-01-11T16:06:47","date_gmt":"2024-01-11T14:06:47","guid":{"rendered":"https:\/\/dancebox.eu\/?post_type=product&#038;p=136077"},"modified":"2024-02-24T00:08:01","modified_gmt":"2024-02-23T22:08:01","slug":"aurelie-latin-dress-red-p23120005-02","status":"publish","type":"product","link":"https:\/\/dancebox.eu\/de\/produkt\/aurelie-latin-dress-red-p23120005-02\/","title":{"rendered":"Aurelie Latin Dress Red <br\/> P23120005-02"},"content":{"rendered":"<p style=\"text-align: center;\">Fabelhaftes rotes Latin Tr\u00e4gerkleid. R\u00fcckenverschluss mit schicker goldenen Spange. 8-Panel- Rock mit eingesetzter , voll umh\u00fcllter Krinoline im Saum, der toll mit Ihren Tanzbewegungen schwingt!<br \/>Voller Body f\u00fcr Ihren Komfort. Unser Model ist 170cm \/ 5 ft 7 und tr\u00e4gt Gr\u00f6\u00dfe S<br \/>&#8211; Seiden-Jersey<br \/>&#8211; Handw\u00e4sche oder Maschinenw\u00e4sche Feinwaschgang<br \/>&#8211; Entwurf von Dance Box &#8211; Hergestellt in Portugal<\/p>\n<p style=\"text-align: center;\">100% PES JERSEY<\/p>\n","protected":false},"excerpt":{"rendered":"<p>Fabelhaftes rotes Latin Tr\u00e4gerkleid. R\u00fcckenverschluss mit schicker goldenen Spange. 8-Panel- Rock mit eingesetzter , voll umh\u00fcllter Krinoline im Saum, der toll mit Ihren Tanzbewegungen schwingt!Voller Body f\u00fcr Ihren Komfort. Unser Model ist 170cm \/ 5 ft 7 und tr\u00e4gt Gr\u00f6\u00dfe S&#8211; Seiden-Jersey&#8211; Handw\u00e4sche oder Maschinenw\u00e4sche Feinwaschgang&#8211; Entwurf von Dance Box &#8211; Hergestellt in Portugal 100% [&hellip;]<\/p>\n","protected":false},"featured_media":135368,"comment_status":"open","ping_status":"closed","template":"","meta":{"_et_pb_use_builder":"1","_et_pb_old_content":"off","_et_gb_content_width":"","wds_primary_product_brand":0,"wds_primary_product_cat":0},"product_brand":[],"product_cat":[155,198,185,206],"product_tag":[262,314,273,274],"class_list":{"0":"post-136077","1":"product","2":"type-product","3":"status-publish","4":"has-post-thumbnail","6":"product_cat-latein-kleid","7":"product_cat-latein-kleid-de","8":"product_cat-tango-kleid","9":"product_cat-tango-mode","10":"product_tag-latin-dance-fashions-de","11":"product_tag-latin-dress-de","12":"product_tag-latin-practice-dress-de","13":"product_tag-tango-dress-de","15":"first","16":"instock","17":"shipping-taxable","18":"purchasable","19":"product-type-variable"},"_links":{"self":[{"href":"https:\/\/dancebox.eu\/de\/wp-json\/wp\/v2\/product\/136077","targetHints":{"allow":["GET"]}}],"collection":[{"href":"https:\/\/dancebox.eu\/de\/wp-json\/wp\/v2\/product"}],"about":[{"href":"https:\/\/dancebox.eu\/de\/wp-json\/wp\/v2\/types\/product"}],"replies":[{"embeddable":true,"href":"https:\/\/dancebox.eu\/de\/wp-json\/wp\/v2\/comments?post=136077"}],"wp:featuredmedia":[{"embeddable":true,"href":"https:\/\/dancebox.eu\/de\/wp-json\/wp\/v2\/media\/135368"}],"wp:attachment":[{"href":"https:\/\/dancebox.eu\/de\/wp-json\/wp\/v2\/media?parent=136077"}],"wp:term":[{"taxonomy":"product_brand","embeddable":true,"href":"https:\/\/dancebox.eu\/de\/wp-json\/wp\/v2\/product_brand?post=136077"},{"taxonomy":"product_cat","embeddable":true,"href":"https:\/\/dancebox.eu\/de\/wp-json\/wp\/v2\/product_cat?post=136077"},{"taxonomy":"product_tag","embeddable":true,"href":"https:\/\/dancebox.eu\/de\/wp-json\/wp\/v2\/product_tag?post=136077"}],"curies":[{"name":"wp","href":"https:\/\/api.w.org\/{rel}","templated":true}]}}