{"id":135975,"date":"2024-01-11T14:56:44","date_gmt":"2024-01-11T12:56:44","guid":{"rendered":"https:\/\/dancebox.eu\/?post_type=product&#038;p=135975"},"modified":"2024-02-24T00:08:04","modified_gmt":"2024-02-23T22:08:04","slug":"monique-latin-dress-grey-p23120001-04","status":"publish","type":"product","link":"https:\/\/dancebox.eu\/de\/produkt\/monique-latin-dress-grey-p23120001-04\/","title":{"rendered":"Monique Latin Dress Grey <br\/> P23120001-04"},"content":{"rendered":"<p style=\"text-align: center;\">Atemberaubend verschlungenes graues Tr\u00e4gerkleid f\u00fcr Latein .<br \/>An einer H\u00fcfte gerafft und mit langem Schal als Blickf\u00e4nger. Das Oberteil ist vorne mit einer doppelten Schicht aus Stoff verarbeitet. Eingearbeiteter Body f\u00fcr Ihren Komfort<br \/>Unser Model ist 170cm \/ 5 ft 7 und tr\u00e4gt die Gr\u00f6\u00dfe S<br \/>&#8211; Seidenjersey<br \/>&#8211; Handw\u00e4sche oder Maschinenw\u00e4sche Feinwaschgang<br \/>&#8211; Entwurf von Dance Box<br \/>&#8211; Hergestellt in Portugal<br \/>100% PES JERSEY<\/p>\n","protected":false},"excerpt":{"rendered":"<p>Atemberaubend verschlungenes graues Tr\u00e4gerkleid f\u00fcr Latein .An einer H\u00fcfte gerafft und mit langem Schal als Blickf\u00e4nger. Das Oberteil ist vorne mit einer doppelten Schicht aus Stoff verarbeitet. Eingearbeiteter Body f\u00fcr Ihren KomfortUnser Model ist 170cm \/ 5 ft 7 und tr\u00e4gt die Gr\u00f6\u00dfe S&#8211; Seidenjersey&#8211; Handw\u00e4sche oder Maschinenw\u00e4sche Feinwaschgang&#8211; Entwurf von Dance Box&#8211; Hergestellt in [&hellip;]<\/p>\n","protected":false},"featured_media":135298,"comment_status":"open","ping_status":"closed","template":"","meta":{"_et_pb_use_builder":"1","_et_pb_old_content":"off","_et_gb_content_width":"","wds_primary_product_brand":0,"wds_primary_product_cat":0},"product_brand":[],"product_cat":[198,155,185,206],"product_tag":[262,314,273,274],"class_list":{"0":"post-135975","1":"product","2":"type-product","3":"status-publish","4":"has-post-thumbnail","6":"product_cat-latein-kleid-de","7":"product_cat-latein-kleid","8":"product_cat-tango-kleid","9":"product_cat-tango-mode","10":"product_tag-latin-dance-fashions-de","11":"product_tag-latin-dress-de","12":"product_tag-latin-practice-dress-de","13":"product_tag-tango-dress-de","15":"first","16":"instock","17":"shipping-taxable","18":"product-type-variable"},"_links":{"self":[{"href":"https:\/\/dancebox.eu\/de\/wp-json\/wp\/v2\/product\/135975","targetHints":{"allow":["GET"]}}],"collection":[{"href":"https:\/\/dancebox.eu\/de\/wp-json\/wp\/v2\/product"}],"about":[{"href":"https:\/\/dancebox.eu\/de\/wp-json\/wp\/v2\/types\/product"}],"replies":[{"embeddable":true,"href":"https:\/\/dancebox.eu\/de\/wp-json\/wp\/v2\/comments?post=135975"}],"wp:featuredmedia":[{"embeddable":true,"href":"https:\/\/dancebox.eu\/de\/wp-json\/wp\/v2\/media\/135298"}],"wp:attachment":[{"href":"https:\/\/dancebox.eu\/de\/wp-json\/wp\/v2\/media?parent=135975"}],"wp:term":[{"taxonomy":"product_brand","embeddable":true,"href":"https:\/\/dancebox.eu\/de\/wp-json\/wp\/v2\/product_brand?post=135975"},{"taxonomy":"product_cat","embeddable":true,"href":"https:\/\/dancebox.eu\/de\/wp-json\/wp\/v2\/product_cat?post=135975"},{"taxonomy":"product_tag","embeddable":true,"href":"https:\/\/dancebox.eu\/de\/wp-json\/wp\/v2\/product_tag?post=135975"}],"curies":[{"name":"wp","href":"https:\/\/api.w.org\/{rel}","templated":true}]}}