{"id":134757,"date":"2023-12-28T13:24:49","date_gmt":"2023-12-28T11:24:49","guid":{"rendered":"https:\/\/dancebox.eu\/?post_type=product&#038;p=134757"},"modified":"2024-02-24T00:09:18","modified_gmt":"2024-02-23T22:09:18","slug":"abba-pant-black-p23120006-01","status":"publish","type":"product","link":"https:\/\/dancebox.eu\/de\/produkt\/abba-pant-black-p23120006-01\/","title":{"rendered":"Abba Pant Black <br\/> P23120006-01"},"content":{"rendered":"<p style=\"text-align: center;\">Ein absolutes Highlight ! Schwarze Tanzhose mit glockenf\u00f6rmigem Abschluss . Hergestellt aus Stretch- Jersey in Lederoptik. Vorne tiefer ausgeschnitten mit neckischer Raffung um einen goldenen Ring. Perfekt zu kombinieren mit unserem MASHA Oberteil.<br \/>Unser Model ist 170cm \/ 5 ft 7 und tr\u00e4gt Gr\u00f6\u00dfe S<br \/>&#8211; Stretch-Jersey in Lederoptik, 100%PES<br \/>&#8211; Handw\u00e4sche oder Maschinenw\u00e4sche<br \/>im Schonwaschgang<br \/>&#8211; Entwurf von Dance Box<br \/>&#8211; Hergestellt in Portugal<\/p>\n","protected":false},"excerpt":{"rendered":"<p>Ein absolutes Highlight ! Schwarze Tanzhose mit glockenf\u00f6rmigem Abschluss . Hergestellt aus Stretch- Jersey in Lederoptik. Vorne tiefer ausgeschnitten mit neckischer Raffung um einen goldenen Ring. Perfekt zu kombinieren mit unserem MASHA Oberteil.Unser Model ist 170cm \/ 5 ft 7 und tr\u00e4gt Gr\u00f6\u00dfe S&#8211; Stretch-Jersey in Lederoptik, 100%PES&#8211; Handw\u00e4sche oder Maschinenw\u00e4scheim Schonwaschgang&#8211; Entwurf von Dance [&hellip;]<\/p>\n","protected":false},"featured_media":138922,"comment_status":"open","ping_status":"closed","template":"","meta":{"_et_pb_use_builder":"","_et_pb_old_content":"","_et_gb_content_width":"","wds_primary_product_brand":0,"wds_primary_product_cat":0},"product_brand":[],"product_cat":[164],"product_tag":[261,262,263],"class_list":{"0":"post-134757","1":"product","2":"type-product","3":"status-publish","4":"has-post-thumbnail","6":"product_cat-tanz-hose","7":"product_tag-dancewear-de","8":"product_tag-latin-dance-fashions-de","9":"product_tag-practice-pant-de","11":"first","12":"instock","13":"shipping-taxable","14":"purchasable","15":"product-type-variable"},"_links":{"self":[{"href":"https:\/\/dancebox.eu\/de\/wp-json\/wp\/v2\/product\/134757","targetHints":{"allow":["GET"]}}],"collection":[{"href":"https:\/\/dancebox.eu\/de\/wp-json\/wp\/v2\/product"}],"about":[{"href":"https:\/\/dancebox.eu\/de\/wp-json\/wp\/v2\/types\/product"}],"replies":[{"embeddable":true,"href":"https:\/\/dancebox.eu\/de\/wp-json\/wp\/v2\/comments?post=134757"}],"wp:featuredmedia":[{"embeddable":true,"href":"https:\/\/dancebox.eu\/de\/wp-json\/wp\/v2\/media\/138922"}],"wp:attachment":[{"href":"https:\/\/dancebox.eu\/de\/wp-json\/wp\/v2\/media?parent=134757"}],"wp:term":[{"taxonomy":"product_brand","embeddable":true,"href":"https:\/\/dancebox.eu\/de\/wp-json\/wp\/v2\/product_brand?post=134757"},{"taxonomy":"product_cat","embeddable":true,"href":"https:\/\/dancebox.eu\/de\/wp-json\/wp\/v2\/product_cat?post=134757"},{"taxonomy":"product_tag","embeddable":true,"href":"https:\/\/dancebox.eu\/de\/wp-json\/wp\/v2\/product_tag?post=134757"}],"curies":[{"name":"wp","href":"https:\/\/api.w.org\/{rel}","templated":true}]}}