{"id":86021,"date":"2021-05-14T13:53:32","date_gmt":"2021-05-14T11:53:32","guid":{"rendered":"https:\/\/klienter.dancebox.eu\/masstabelle-herren-hemden\/"},"modified":"2022-04-14T17:51:19","modified_gmt":"2022-04-14T15:51:19","slug":"masstabelle-herren-hemden","status":"publish","type":"page","link":"https:\/\/dancebox.eu\/de\/massgeschneidert\/masstabelle-herren-hemden\/","title":{"rendered":"Ma\u00dftabelle Herren (Hemden)"},"content":{"rendered":"<p>[et_pb_section fb_built=&#8220;1&#8243; _builder_version=&#8220;4.15&#8243; global_colors_info=&#8220;{}&#8220;][et_pb_row _builder_version=&#8220;4.15&#8243; custom_padding=&#8220;2px|||||&#8220; global_colors_info=&#8220;{}&#8220;][et_pb_column type=&#8220;4_4&#8243; _builder_version=&#8220;4.15&#8243; global_colors_info=&#8220;{}&#8220;][et_pb_dmb_breadcrumbs _builder_version=&#8220;4.0.6&#8243; global_colors_info=&#8220;{}&#8220;][\/et_pb_dmb_breadcrumbs][et_pb_post_title meta=&#8220;off&#8220; featured_image=&#8220;off&#8220; _builder_version=&#8220;4.15&#8243; global_colors_info=&#8220;{}&#8220;][\/et_pb_post_title][\/et_pb_column][\/et_pb_row][et_pb_row column_structure=&#8220;1_2,1_2&#8243; _builder_version=&#8220;4.15&#8243; custom_padding=&#8220;4px|||||&#8220; global_colors_info=&#8220;{}&#8220;][et_pb_column type=&#8220;1_2&#8243; _builder_version=&#8220;4.15&#8243; global_colors_info=&#8220;{}&#8220;][et_pb_text _builder_version=&#8220;4.15&#8243; global_colors_info=&#8220;{}&#8220;]Richtige Ma\u00dfe sind von gr\u00f6\u00dfter Wichtigkeit, um sicherzustellen, da\u00df wir ein Kleidungsst\u00fcck mit perfekter Pa\u00dfform herstellen. Wir empfehlen Ihnen, w\u00e4hrend des Messens enge Kleidung zu tragen und jemand anderes (Schneider oder N\u00e4herin) Ihre Messungen vorzunehmen zu lassen. Bitte verwenden Sie ein nicht dehnbares Ma\u00dfband. Sie k\u00f6nnen Ihre Ma\u00dfe entweder in (cm) oder (inch) Zoll eingeben.<\/p>\n<p>&nbsp;<\/p>\n<p>F\u00fcllen Sie die unten stehende Ma\u00dftabelle aus, um mit Ihrem ma\u00dfgeschneiderten Kleidungsst\u00fcck fortzufahren. Alle Felder m\u00fcssen ausgef\u00fcllt werden! Geben Sie bitte einfach &#8222;0&#8220; in ein Feld ein, das f\u00fcr Sie nicht relevant ist.[\/et_pb_text][et_pb_image src=&#8220;https:\/\/dancebox.eu\/wp-content\/uploads\/2019\/11\/men_sizing.jpg&#8220; show_in_lightbox=&#8220;on&#8220; _builder_version=&#8220;4.15&#8243; global_colors_info=&#8220;{}&#8220;][\/et_pb_image][\/et_pb_column][et_pb_column type=&#8220;1_2&#8243; _builder_version=&#8220;4.15&#8243; global_colors_info=&#8220;{}&#8220;][et_pb_code _builder_version=&#8220;4.15.1&#8243; _module_preset=&#8220;default&#8220; hover_enabled=&#8220;0&#8243; sticky_enabled=&#8220;0&#8243;]<div class=\"forminator-ui forminator-custom-form forminator-custom-form-130315 forminator-design--default  forminator_ajax\" data-forminator-render=\"0\" data-form=\"forminator-module-130315\" data-uid=\"69d6dac34cec3\"><br\/><\/div><form\r\n\t\t\t\tid=\"forminator-module-130315\"\r\n\t\t\t\tclass=\"forminator-ui forminator-custom-form forminator-custom-form-130315 forminator-design--default  forminator_ajax\"\r\n\t\t\t\tmethod=\"post\"\r\n\t\t\t\tdata-forminator-render=\"0\"\r\n\t\t\t\tdata-form-id=\"130315\"\r\n\t\t\t\t data-color-option=\"default\" data-design=\"default\" data-grid=\"open\" style=\"display: none;\"\r\n\t\t\t\tdata-uid=\"69d6dac34cec3\"\r\n\t\t\t><div role=\"alert\" aria-live=\"polite\" class=\"forminator-response-message forminator-error\" aria-hidden=\"true\"><\/div><div class=\"forminator-row\"><div id=\"section-1\" class=\"forminator-field-section forminator-col forminator-col-12 \"><div class=\"forminator-field\"><h2 class=\"forminator-title\">Kontakt details<\/h2><\/div><\/div><\/div><div class=\"forminator-row\"><div id=\"text-1\" class=\"forminator-field-text forminator-col forminator-col-12 \"><div class=\"forminator-field\"><label for=\"forminator-field-text-1_69d6dac34cec3\" id=\"forminator-field-text-1_69d6dac34cec3-label\" class=\"forminator-label\">Name und Vorname: <span class=\"forminator-required\">*<\/span><\/label><input type=\"text\" name=\"text-1\" value=\"\" placeholder=\"\" id=\"forminator-field-text-1_69d6dac34cec3\" class=\"forminator-input forminator-name--field\" data-required=\"1\" \/><\/div><\/div><\/div><div class=\"forminator-row\"><div id=\"phone-1\" class=\"forminator-field-phone forminator-col forminator-col-12 \"><div class=\"forminator-field\"><label for=\"forminator-field-phone-1_69d6dac34cec3\" id=\"forminator-field-phone-1_69d6dac34cec3-label\" class=\"forminator-label\">Telefonnummer, mit Landesvorwahl (fakultativ): <span class=\"forminator-required\">*<\/span><\/label><input type=\"text\" name=\"phone-1\" value=\"\" placeholder=\"\" id=\"forminator-field-phone-1_69d6dac34cec3\" class=\"forminator-input forminator-field--phone\" data-required=\"1\" aria-required=\"true\" autocomplete=\"off\" \/><\/div><\/div><\/div><div class=\"forminator-row\"><div id=\"email-1\" class=\"forminator-field-email forminator-col forminator-col-12 \"><div class=\"forminator-field\"><label for=\"forminator-field-email-1_69d6dac34cec3\" id=\"forminator-field-email-1_69d6dac34cec3-label\" class=\"forminator-label\">E-mail: <span class=\"forminator-required\">*<\/span><\/label><input type=\"email\" name=\"email-1\" value=\"\" placeholder=\"\" id=\"forminator-field-email-1_69d6dac34cec3\" class=\"forminator-input forminator-email--field\" data-required=\"1\" aria-required=\"true\" autocomplete=\"email\" \/><\/div><\/div><\/div><div class=\"forminator-row\"><div id=\"section-2\" class=\"forminator-field-section forminator-col forminator-col-12 \"><div class=\"forminator-field\"><h2 class=\"forminator-title\">Zus\u00e4tzliche Kommentare<\/h2><\/div><\/div><\/div><div class=\"forminator-row\"><div id=\"textarea-1\" class=\"forminator-field-textarea forminator-col forminator-col-12 \"><div class=\"forminator-field\"><label for=\"forminator-field-textarea-1_69d6dac34cec3\" id=\"forminator-field-textarea-1_69d6dac34cec3-label\" class=\"forminator-label\">Bitte geben Sie uns hier eine kurze Beschreibung Ihres ma\u00dfgeschneiderten Kleidungsst\u00fcckes (Farben, Stoffe, Anpassungen im Stil, Farben und Arten von Stra\u00df Steinen usw).<\/label><textarea name=\"textarea-1\" placeholder=\"Farben, Stoffe, Anpassungen im Stil, Farben und Arten von Stra\u00df Steinen usw.\" id=\"forminator-field-textarea-1_69d6dac34cec3\" class=\"forminator-textarea\" rows=\"6\" style=\"min-height:140px;\" ><\/textarea><\/div><\/div><\/div><div class=\"forminator-row\"><div id=\"section-3\" class=\"forminator-field-section forminator-col forminator-col-12 \"><div class=\"forminator-field\"><h2 class=\"forminator-title\">Ma\u00dftabelle<\/h2><\/div><\/div><\/div><div class=\"forminator-row\"><div id=\"select-1\" class=\"forminator-field-select forminator-col forminator-col-12 \"><div class=\"forminator-field\"><label for=\"forminator-form-130315__field--select-1_69d6dac34cec3\" id=\"forminator-form-130315__field--select-1_69d6dac34cec3-label\" class=\"forminator-label\">Ma\u00dfeinheit: <span class=\"forminator-required\">*<\/span><\/label><select  id=\"forminator-form-130315__field--select-1_69d6dac34cec3\" class=\"forminator-select--field forminator-select2 forminator-select2-multiple\" data-required=\"1\" name=\"select-1\" data-default-value=\"\" data-placeholder=\"Bitte w\u00e4hle eine Option aus\" data-search=\"false\" data-search-placeholder=\"Bitte w\u00e4hle eine Option aus\" data-checkbox=\"false\" data-allow-clear=\"false\" aria-labelledby=\"forminator-form-130315__field--select-1_69d6dac34cec3-label\"><option value=\"\"  >Bitte w\u00e4hle eine Option aus<\/option><option value=\"cm\"  data-calculation=\"0\">cm<\/option><option value=\"inch\"  data-calculation=\"0\">inch<\/option><\/select><\/div><\/div><\/div><div class=\"forminator-row\"><div id=\"text-2\" class=\"forminator-field-text forminator-col forminator-col-12 \"><div class=\"forminator-field\"><label for=\"forminator-field-text-2_69d6dac34cec3\" id=\"forminator-field-text-2_69d6dac34cec3-label\" class=\"forminator-label\">1. K\u00f6rpergr\u00f6sse (Bei aufrechter Haltung vom Scheitel bis zur Sohle messen): <span class=\"forminator-required\">*<\/span><\/label><input type=\"text\" name=\"text-2\" value=\"\" placeholder=\"\" id=\"forminator-field-text-2_69d6dac34cec3\" class=\"forminator-input forminator-name--field\" data-required=\"1\" \/><\/div><\/div><\/div><div class=\"forminator-row\"><div id=\"text-3\" class=\"forminator-field-text forminator-col forminator-col-12 \"><div class=\"forminator-field\"><label for=\"forminator-field-text-3_69d6dac34cec3\" id=\"forminator-field-text-3_69d6dac34cec3-label\" class=\"forminator-label\">2. Halsumfang (Beim Halsansatz messen): <span class=\"forminator-required\">*<\/span><\/label><input type=\"text\" name=\"text-3\" value=\"\" placeholder=\"\" id=\"forminator-field-text-3_69d6dac34cec3\" class=\"forminator-input forminator-name--field\" data-required=\"1\" \/><\/div><\/div><\/div><div class=\"forminator-row\"><div id=\"text-4\" class=\"forminator-field-text forminator-col forminator-col-12 \"><div class=\"forminator-field\"><label for=\"forminator-field-text-4_69d6dac34cec3\" id=\"forminator-field-text-4_69d6dac34cec3-label\" class=\"forminator-label\">3. Brustumfang (ca 2,5 cm unter Achsel messen): <span class=\"forminator-required\">*<\/span><\/label><input type=\"text\" name=\"text-4\" value=\"\" placeholder=\"\" id=\"forminator-field-text-4_69d6dac34cec3\" class=\"forminator-input forminator-name--field\" data-required=\"1\" \/><\/div><\/div><\/div><div class=\"forminator-row\"><div id=\"text-5\" class=\"forminator-field-text forminator-col forminator-col-12 \"><div class=\"forminator-field\"><label for=\"forminator-field-text-5_69d6dac34cec3\" id=\"forminator-field-text-5_69d6dac34cec3-label\" class=\"forminator-label\">4. Taillenumfang (gemessen an der schmalsten Stelle des Rumpfes): <span class=\"forminator-required\">*<\/span><\/label><input type=\"text\" name=\"text-5\" value=\"\" placeholder=\"\" id=\"forminator-field-text-5_69d6dac34cec3\" class=\"forminator-input forminator-name--field\" data-required=\"1\" \/><\/div><\/div><\/div><div class=\"forminator-row\"><div id=\"text-6\" class=\"forminator-field-text forminator-col forminator-col-12 \"><div class=\"forminator-field\"><label for=\"forminator-field-text-6_69d6dac34cec3\" id=\"forminator-field-text-6_69d6dac34cec3-label\" class=\"forminator-label\">5. Oberer H\u00fcftumfang (gemessen ca 10cm unter der Taille): <span class=\"forminator-required\">*<\/span><\/label><input type=\"text\" name=\"text-6\" value=\"\" placeholder=\"\" id=\"forminator-field-text-6_69d6dac34cec3\" class=\"forminator-input forminator-name--field\" data-required=\"1\" \/><\/div><\/div><\/div><div class=\"forminator-row\"><div id=\"text-7\" class=\"forminator-field-text forminator-col forminator-col-12 \"><div class=\"forminator-field\"><label for=\"forminator-field-text-7_69d6dac34cec3\" id=\"forminator-field-text-7_69d6dac34cec3-label\" class=\"forminator-label\">6. H\u00fcftumfang (gemessen an der breitesten Stelle): <span class=\"forminator-required\">*<\/span><\/label><input type=\"text\" name=\"text-7\" value=\"\" placeholder=\"\" id=\"forminator-field-text-7_69d6dac34cec3\" class=\"forminator-input forminator-name--field\" data-required=\"1\" \/><\/div><\/div><\/div><div class=\"forminator-row\"><div id=\"text-8\" class=\"forminator-field-text forminator-col forminator-col-12 \"><div class=\"forminator-field\"><label for=\"forminator-field-text-8_69d6dac34cec3\" id=\"forminator-field-text-8_69d6dac34cec3-label\" class=\"forminator-label\">7. Schulterbreite: <span class=\"forminator-required\">*<\/span><\/label><input type=\"text\" name=\"text-8\" value=\"\" placeholder=\"\" id=\"forminator-field-text-8_69d6dac34cec3\" class=\"forminator-input forminator-name--field\" data-required=\"1\" \/><\/div><\/div><\/div><div class=\"forminator-row\"><div id=\"text-9\" class=\"forminator-field-text forminator-col forminator-col-12 \"><div class=\"forminator-field\"><label for=\"forminator-field-text-9_69d6dac34cec3\" id=\"forminator-field-text-9_69d6dac34cec3-label\" class=\"forminator-label\">8. Hals zu Taille (vom Hals diagonal bis zur Mitte des oberen H\u00fcftumfanges gemessen): <span class=\"forminator-required\">*<\/span><\/label><input type=\"text\" name=\"text-9\" value=\"\" placeholder=\"\" id=\"forminator-field-text-9_69d6dac34cec3\" class=\"forminator-input forminator-name--field\" data-required=\"1\" \/><\/div><\/div><\/div><div class=\"forminator-row\"><div id=\"text-10\" class=\"forminator-field-text forminator-col forminator-col-12 \"><div class=\"forminator-field\"><label for=\"forminator-field-text-10_69d6dac34cec3\" id=\"forminator-field-text-10_69d6dac34cec3-label\" class=\"forminator-label\">9. \u00c4rmell\u00e4nge (Von Schulter bis Handgelenk gemessen, mit leicht angewinkeltem Ellbogen): <span class=\"forminator-required\">*<\/span><\/label><input type=\"text\" name=\"text-10\" value=\"\" placeholder=\"\" id=\"forminator-field-text-10_69d6dac34cec3\" class=\"forminator-input forminator-name--field\" data-required=\"1\" \/><\/div><\/div><\/div><div class=\"forminator-row\"><div id=\"text-11\" class=\"forminator-field-text forminator-col forminator-col-12 \"><div class=\"forminator-field\"><label for=\"forminator-field-text-11_69d6dac34cec3\" id=\"forminator-field-text-11_69d6dac34cec3-label\" class=\"forminator-label\">10. Unterarmumfang (Schulter, dann unter die Achsel und zur\u00fcck zur Schulter messen): <span class=\"forminator-required\">*<\/span><\/label><input type=\"text\" name=\"text-11\" value=\"\" placeholder=\"\" id=\"forminator-field-text-11_69d6dac34cec3\" class=\"forminator-input forminator-name--field\" data-required=\"1\" \/><\/div><\/div><\/div><div class=\"forminator-row\"><div id=\"text-12\" class=\"forminator-field-text forminator-col forminator-col-12 \"><div class=\"forminator-field\"><label for=\"forminator-field-text-12_69d6dac34cec3\" id=\"forminator-field-text-12_69d6dac34cec3-label\" class=\"forminator-label\">11. Oberarmumfang (an der st\u00e4rksten Stelle messen): <span class=\"forminator-required\">*<\/span><\/label><input type=\"text\" name=\"text-12\" value=\"\" placeholder=\"\" id=\"forminator-field-text-12_69d6dac34cec3\" class=\"forminator-input forminator-name--field\" data-required=\"1\" \/><\/div><\/div><\/div><div class=\"forminator-row\"><div id=\"text-13\" class=\"forminator-field-text forminator-col forminator-col-12 \"><div class=\"forminator-field\"><label for=\"forminator-field-text-13_69d6dac34cec3\" id=\"forminator-field-text-13_69d6dac34cec3-label\" class=\"forminator-label\">12. Wrist: Hangelenksumfang: <span class=\"forminator-required\">*<\/span><\/label><input type=\"text\" name=\"text-13\" value=\"\" placeholder=\"\" id=\"forminator-field-text-13_69d6dac34cec3\" class=\"forminator-input forminator-name--field\" data-required=\"1\" \/><\/div><\/div><\/div><div class=\"forminator-row\"><div id=\"text-14\" class=\"forminator-field-text forminator-col forminator-col-12 \"><div class=\"forminator-field\"><label for=\"forminator-field-text-14_69d6dac34cec3\" id=\"forminator-field-text-14_69d6dac34cec3-label\" class=\"forminator-label\">13. Schritt (vom vorderen Taillenband durch den Schritt und zum hinteren Taillenband): <span class=\"forminator-required\">*<\/span><\/label><input type=\"text\" name=\"text-14\" value=\"\" placeholder=\"\" id=\"forminator-field-text-14_69d6dac34cec3\" class=\"forminator-input forminator-name--field\" data-required=\"1\" \/><\/div><\/div><\/div><div class=\"forminator-row\"><div id=\"text-15\" class=\"forminator-field-text forminator-col forminator-col-12 \"><div class=\"forminator-field\"><label for=\"forminator-field-text-15_69d6dac34cec3\" id=\"forminator-field-text-15_69d6dac34cec3-label\" class=\"forminator-label\">14. Torso (Von der Schulter, durch den Schritt und zur\u00fcck zur Schulter messen): <span class=\"forminator-required\">*<\/span><\/label><input type=\"text\" name=\"text-15\" value=\"\" placeholder=\"\" id=\"forminator-field-text-15_69d6dac34cec3\" class=\"forminator-input forminator-name--field\" data-required=\"1\" \/><\/div><\/div><\/div><input type=\"hidden\" name=\"referer_url\" value=\"\" \/><div class=\"forminator-row forminator-row-last\"><div class=\"forminator-col\"><div class=\"forminator-field\"><button class=\"forminator-button forminator-button-submit\">Senden<\/button><\/div><\/div><\/div><input type=\"hidden\" id=\"forminator_nonce\" name=\"forminator_nonce\" value=\"b42d8401dc\" \/><input type=\"hidden\" name=\"_wp_http_referer\" value=\"\/de\/wp-json\/wp\/v2\/pages\/86021\" \/><input type=\"hidden\" name=\"form_id\" value=\"130315\"><input type=\"hidden\" name=\"page_id\" value=\"86021\"><input type=\"hidden\" name=\"form_type\" value=\"default\"><input type=\"hidden\" name=\"current_url\" value=\"https:\/\/dancebox.eu\/de\/massgeschneidert\/masstabelle-herren-hemden\/\"><input type=\"hidden\" name=\"render_id\" value=\"0\"><input type=\"hidden\" name=\"action\" value=\"forminator_submit_form_custom-forms\"><\/form>[\/et_pb_code][\/et_pb_column][\/et_pb_row][\/et_pb_section]<\/p>\n","protected":false},"excerpt":{"rendered":"<p>Richtige Ma\u00dfe sind von gr\u00f6\u00dfter Wichtigkeit, um sicherzustellen, da\u00df wir ein Kleidungsst\u00fcck mit perfekter Pa\u00dfform herstellen. Wir empfehlen Ihnen, w\u00e4hrend des Messens enge Kleidung zu tragen und jemand anderes (Schneider oder N\u00e4herin) Ihre Messungen vorzunehmen zu lassen. Bitte verwenden Sie ein nicht dehnbares Ma\u00dfband. Sie k\u00f6nnen Ihre Ma\u00dfe entweder in (cm) oder (inch) Zoll eingeben. [&hellip;]<\/p>\n","protected":false},"author":1,"featured_media":0,"parent":86020,"menu_order":0,"comment_status":"open","ping_status":"closed","template":"","meta":{"_et_pb_use_builder":"on","_et_pb_old_content":"","_et_gb_content_width":"","footnotes":""},"class_list":["post-86021","page","type-page","status-publish","hentry"],"_links":{"self":[{"href":"https:\/\/dancebox.eu\/de\/wp-json\/wp\/v2\/pages\/86021","targetHints":{"allow":["GET"]}}],"collection":[{"href":"https:\/\/dancebox.eu\/de\/wp-json\/wp\/v2\/pages"}],"about":[{"href":"https:\/\/dancebox.eu\/de\/wp-json\/wp\/v2\/types\/page"}],"author":[{"embeddable":true,"href":"https:\/\/dancebox.eu\/de\/wp-json\/wp\/v2\/users\/1"}],"replies":[{"embeddable":true,"href":"https:\/\/dancebox.eu\/de\/wp-json\/wp\/v2\/comments?post=86021"}],"version-history":[{"count":1,"href":"https:\/\/dancebox.eu\/de\/wp-json\/wp\/v2\/pages\/86021\/revisions"}],"predecessor-version":[{"id":130436,"href":"https:\/\/dancebox.eu\/de\/wp-json\/wp\/v2\/pages\/86021\/revisions\/130436"}],"up":[{"embeddable":true,"href":"https:\/\/dancebox.eu\/de\/wp-json\/wp\/v2\/pages\/86020"}],"wp:attachment":[{"href":"https:\/\/dancebox.eu\/de\/wp-json\/wp\/v2\/media?parent=86021"}],"curies":[{"name":"wp","href":"https:\/\/api.w.org\/{rel}","templated":true}]}}