{"id":86020,"date":"2021-05-14T13:53:32","date_gmt":"2021-05-14T11:53:32","guid":{"rendered":"https:\/\/klienter.dancebox.eu\/massgeschneidert\/"},"modified":"2021-05-14T14:01:46","modified_gmt":"2021-05-14T14:01:46","slug":"massgeschneidert","status":"publish","type":"page","link":"https:\/\/dancebox.eu\/de\/massgeschneidert\/","title":{"rendered":"Ma\u00dfgeschneidert"},"content":{"rendered":"<p>[et_pb_section fb_built=&#8220;1&#8243; _builder_version=&#8220;3.22&#8243;][et_pb_row _builder_version=&#8220;4.0.4&#8243;][et_pb_column type=&#8220;4_4&#8243; _builder_version=&#8220;4.0.4&#8243;][et_pb_post_title meta=&#8220;off&#8220; featured_image=&#8220;off&#8220; _builder_version=&#8220;4.0.4&#8243;][\/et_pb_post_title][\/et_pb_column][\/et_pb_row][et_pb_row _builder_version=&#8220;3.25&#8243; background_size=&#8220;initial&#8220; background_position=&#8220;top_left&#8220; background_repeat=&#8220;repeat&#8220; custom_padding=&#8220;||11px|||&#8220;][et_pb_column type=&#8220;4_4&#8243; _builder_version=&#8220;3.25&#8243; custom_padding=&#8220;|||&#8220; custom_padding__hover=&#8220;|||&#8220;][et_pb_text _builder_version=&#8220;4.4.7&#8243; background_size=&#8220;initial&#8220; background_position=&#8220;top_left&#8220; background_repeat=&#8220;repeat&#8220; hover_enabled=&#8220;0&#8243;]<\/p>\n<h3>Ma\u00dfanfertigung<\/h3>\n<p>Tr\u00e4umen Sie davon, dieses ganz besondere Kleid nur f\u00fcr Sie designen zu lassen?<\/p>\n<p>Dann k\u00f6nnen Sie sich von unserem Team, das \u00fcber 20 Jahre Erfahrung im Entwerfen und Herstellen von Tanzkost\u00fcmen verf\u00fcgt, Ihr eigenes Traumdesign ma\u00dfschneidern lassen.<\/p>\n<p>Bitte z\u00f6gern Sie nicht, uns \u00fcber diese Website oder telefonisch zu kontaktieren, wenn Sie Ihre Ideen und Anforderungen detaillierter besprechen m\u00f6chten. Um Ihre Messungen zu senden, verwenden Sie bitte eines der folgenden Messformulare.<\/p>\n<p><!-- \/divi:paragraph --><\/p>\n<p><!-- divi:paragraph --><\/p>\n<p><!-- \/divi:paragraph --><br \/>\n[\/et_pb_text][\/et_pb_column][\/et_pb_row][et_pb_row column_structure=&#8220;1_3,1_3,1_3&#8243; _builder_version=&#8220;4.0.4&#8243; custom_padding=&#8220;2px||5px|||&#8220;][et_pb_column type=&#8220;1_3&#8243; _builder_version=&#8220;4.0.4&#8243;][et_pb_button button_url=&#8220;https:\/\/dancebox.eu\/de\/massgeschneidert\/masstabelle-damen\/&#8220; button_text=&#8220;Ma\u00dftabelle Damen&#8220; button_alignment=&#8220;center&#8220; _builder_version=&#8220;4.0.7&#8243;][\/et_pb_button][\/et_pb_column][et_pb_column type=&#8220;1_3&#8243; _builder_version=&#8220;4.0.4&#8243;][et_pb_button button_url=&#8220;https:\/\/dancebox.eu\/de\/massgeschneidert\/masstabelle-herren-hemden\/&#8220; button_text=&#8220;Ma\u00dftabelle Herren (Hemden)&#8220; button_alignment=&#8220;center&#8220; _builder_version=&#8220;4.0.7&#8243;][\/et_pb_button][\/et_pb_column][et_pb_column type=&#8220;1_3&#8243; _builder_version=&#8220;4.0.4&#8243;][et_pb_button button_url=&#8220;https:\/\/dancebox.eu\/de\/massgeschneidert\/masstabelle-herren-hose\/&#8220; button_text=&#8220;Ma\u00dftabelle Herren (Hose)&#8220; button_alignment=&#8220;center&#8220; _builder_version=&#8220;4.0.7&#8243;][\/et_pb_button][\/et_pb_column][\/et_pb_row][et_pb_row column_structure=&#8220;1_3,1_3,1_3&#8243; _builder_version=&#8220;4.0.4&#8243; custom_padding=&#8220;3px|||||&#8220;][et_pb_column type=&#8220;1_3&#8243; _builder_version=&#8220;4.0.4&#8243;][et_pb_image src=&#8220;https:\/\/dancebox.eu\/wp-content\/uploads\/2019\/11\/woman_sizing.jpg&#8220; url=&#8220;https:\/\/dancebox.eu\/de\/massgeschneidert\/masstabelle-damen\/&#8220; _builder_version=&#8220;4.0.7&#8243;][\/et_pb_image][\/et_pb_column][et_pb_column type=&#8220;1_3&#8243; _builder_version=&#8220;4.0.4&#8243;][et_pb_image src=&#8220;https:\/\/dancebox.eu\/wp-content\/uploads\/2019\/11\/men_sizing.jpg&#8220; url=&#8220;https:\/\/dancebox.eu\/de\/massgeschneidert\/masstabelle-herren-hemden\/&#8220; _builder_version=&#8220;4.0.7&#8243;][\/et_pb_image][\/et_pb_column][et_pb_column type=&#8220;1_3&#8243; _builder_version=&#8220;4.0.4&#8243;][et_pb_image src=&#8220;https:\/\/dancebox.eu\/wp-content\/uploads\/2019\/11\/men_sizing.jpg&#8220; url=&#8220;https:\/\/dancebox.eu\/de\/massgeschneidert\/masstabelle-herren-hose\/&#8220; _builder_version=&#8220;4.0.7&#8243;][\/et_pb_image][\/et_pb_column][\/et_pb_row][\/et_pb_section]<\/p>\n","protected":false},"excerpt":{"rendered":"<p>Ma\u00dfanfertigung Tr\u00e4umen Sie davon, dieses ganz besondere Kleid nur f\u00fcr Sie designen zu lassen? Dann k\u00f6nnen Sie sich von unserem Team, das \u00fcber 20 Jahre Erfahrung im Entwerfen und Herstellen von Tanzkost\u00fcmen verf\u00fcgt, Ihr eigenes Traumdesign ma\u00dfschneidern lassen. Bitte z\u00f6gern Sie nicht, uns \u00fcber diese Website oder telefonisch zu kontaktieren, wenn Sie Ihre Ideen und [&hellip;]<\/p>\n","protected":false},"author":1,"featured_media":0,"parent":0,"menu_order":0,"comment_status":"open","ping_status":"closed","template":"","meta":{"_et_pb_use_builder":"on","_et_pb_old_content":"","_et_gb_content_width":"","footnotes":""},"class_list":["post-86020","page","type-page","status-publish","hentry"],"_links":{"self":[{"href":"https:\/\/dancebox.eu\/de\/wp-json\/wp\/v2\/pages\/86020","targetHints":{"allow":["GET"]}}],"collection":[{"href":"https:\/\/dancebox.eu\/de\/wp-json\/wp\/v2\/pages"}],"about":[{"href":"https:\/\/dancebox.eu\/de\/wp-json\/wp\/v2\/types\/page"}],"author":[{"embeddable":true,"href":"https:\/\/dancebox.eu\/de\/wp-json\/wp\/v2\/users\/1"}],"replies":[{"embeddable":true,"href":"https:\/\/dancebox.eu\/de\/wp-json\/wp\/v2\/comments?post=86020"}],"version-history":[{"count":0,"href":"https:\/\/dancebox.eu\/de\/wp-json\/wp\/v2\/pages\/86020\/revisions"}],"wp:attachment":[{"href":"https:\/\/dancebox.eu\/de\/wp-json\/wp\/v2\/media?parent=86020"}],"curies":[{"name":"wp","href":"https:\/\/api.w.org\/{rel}","templated":true}]}}