{"id":86019,"date":"2021-05-14T13:53:32","date_gmt":"2021-05-14T11:53:32","guid":{"rendered":"https:\/\/klienter.dancebox.eu\/masstabelle-damen\/"},"modified":"2022-03-24T17:26:39","modified_gmt":"2022-03-24T15:26:39","slug":"masstabelle-damen","status":"publish","type":"page","link":"https:\/\/dancebox.eu\/de\/massgeschneidert\/masstabelle-damen\/","title":{"rendered":"Ma\u00dftabelle Damen"},"content":{"rendered":"<p>[et_pb_section fb_built=&#8220;1&#8243; _builder_version=&#8220;4.15&#8243; global_colors_info=&#8220;{}&#8220;][et_pb_row _builder_version=&#8220;4.15&#8243; custom_padding=&#8220;4px||20px|||&#8220; locked=&#8220;off&#8220; global_colors_info=&#8220;{}&#8220;][et_pb_column type=&#8220;4_4&#8243; _builder_version=&#8220;4.15&#8243; global_colors_info=&#8220;{}&#8220;][et_pb_dmb_breadcrumbs _builder_version=&#8220;4.0.6&#8243; global_colors_info=&#8220;{}&#8220;][\/et_pb_dmb_breadcrumbs][et_pb_post_title meta=&#8220;off&#8220; featured_image=&#8220;off&#8220; _builder_version=&#8220;4.15&#8243; global_colors_info=&#8220;{}&#8220;][\/et_pb_post_title][\/et_pb_column][\/et_pb_row][et_pb_row column_structure=&#8220;1_2,1_2&#8243; _builder_version=&#8220;4.15&#8243; custom_padding=&#8220;4px|||||&#8220; global_colors_info=&#8220;{}&#8220;][et_pb_column type=&#8220;1_2&#8243; _builder_version=&#8220;4.15&#8243; global_colors_info=&#8220;{}&#8220;][et_pb_text _builder_version=&#8220;4.15&#8243; global_colors_info=&#8220;{}&#8220;]Richtige Ma\u00dfe sind von gr\u00f6\u00dfter Wichtigkeit, um sicherzustellen, da\u00df wir ein Kleidungsst\u00fcck mit perfekter Pa\u00dfform herstellen. Wir empfehlen Ihnen, w\u00e4hrend des Messens enge Kleidung zu tragen und jemand anderes (Schneider oder N\u00e4herin) Ihre Messungen vorzunehmen zu lassen. Bitte verwenden Sie ein nicht dehnbares Ma\u00dfband. Sie k\u00f6nnen Ihre Ma\u00dfe entweder in (cm) oder (inch) Zoll eingeben.<\/p>\n<p>&nbsp;<\/p>\n<p>F\u00fcllen Sie die unten stehende Ma\u00dftabelle aus, um mit Ihrem ma\u00dfgeschneiderten Kleidungsst\u00fcck fortzufahren. Alle Felder m\u00fcssen ausgef\u00fcllt werden! Geben Sie bitte einfach &#8222;0&#8220; in ein Feld ein, das f\u00fcr Sie nicht relevant ist.[\/et_pb_text][et_pb_image src=&#8220;https:\/\/dancebox.eu\/wp-content\/uploads\/2019\/11\/woman_sizing.jpg&#8220; _builder_version=&#8220;4.15&#8243; global_colors_info=&#8220;{}&#8220;][\/et_pb_image][\/et_pb_column][et_pb_column type=&#8220;1_2&#8243; _builder_version=&#8220;4.15&#8243; global_colors_info=&#8220;{}&#8220;][et_pb_code _builder_version=&#8220;4.15.1&#8243; _module_preset=&#8220;default&#8220; hover_enabled=&#8220;0&#8243; sticky_enabled=&#8220;0&#8243;]<div class=\"forminator-ui forminator-custom-form forminator-custom-form-130323 forminator-design--default  forminator_ajax\" data-forminator-render=\"0\" data-form=\"forminator-module-130323\" data-uid=\"69d6bf301ed8a\"><br\/><\/div><form\r\n\t\t\t\tid=\"forminator-module-130323\"\r\n\t\t\t\tclass=\"forminator-ui forminator-custom-form forminator-custom-form-130323 forminator-design--default  forminator_ajax\"\r\n\t\t\t\tmethod=\"post\"\r\n\t\t\t\tdata-forminator-render=\"0\"\r\n\t\t\t\tdata-form-id=\"130323\"\r\n\t\t\t\t data-color-option=\"default\" data-design=\"default\" data-grid=\"open\" style=\"display: none;\"\r\n\t\t\t\tdata-uid=\"69d6bf301ed8a\"\r\n\t\t\t><div role=\"alert\" aria-live=\"polite\" class=\"forminator-response-message forminator-error\" aria-hidden=\"true\"><\/div><div class=\"forminator-row\"><div id=\"section-1\" class=\"forminator-field-section forminator-col forminator-col-12 \"><div class=\"forminator-field\"><h2 class=\"forminator-title\">Kontakt details<\/h2><\/div><\/div><\/div><div class=\"forminator-row\"><div id=\"text-1\" class=\"forminator-field-text forminator-col forminator-col-12 \"><div class=\"forminator-field\"><label for=\"forminator-field-text-1_69d6bf301ed8a\" id=\"forminator-field-text-1_69d6bf301ed8a-label\" class=\"forminator-label\">Name und Vorname: <span class=\"forminator-required\">*<\/span><\/label><input type=\"text\" name=\"text-1\" value=\"\" placeholder=\"\" id=\"forminator-field-text-1_69d6bf301ed8a\" class=\"forminator-input forminator-name--field\" data-required=\"1\" \/><\/div><\/div><\/div><div class=\"forminator-row\"><div id=\"phone-1\" class=\"forminator-field-phone forminator-col forminator-col-12 \"><div class=\"forminator-field\"><label for=\"forminator-field-phone-1_69d6bf301ed8a\" id=\"forminator-field-phone-1_69d6bf301ed8a-label\" class=\"forminator-label\">Telefonnummer, mit Landesvorwahl (fakultativ): <span class=\"forminator-required\">*<\/span><\/label><input type=\"text\" name=\"phone-1\" value=\"\" placeholder=\"\" id=\"forminator-field-phone-1_69d6bf301ed8a\" class=\"forminator-input forminator-field--phone\" data-required=\"1\" aria-required=\"true\" autocomplete=\"off\" \/><\/div><\/div><\/div><div class=\"forminator-row\"><div id=\"email-1\" class=\"forminator-field-email forminator-col forminator-col-12 \"><div class=\"forminator-field\"><label for=\"forminator-field-email-1_69d6bf301ed8a\" id=\"forminator-field-email-1_69d6bf301ed8a-label\" class=\"forminator-label\">E-mail: <span class=\"forminator-required\">*<\/span><\/label><input type=\"email\" name=\"email-1\" value=\"\" placeholder=\"\" id=\"forminator-field-email-1_69d6bf301ed8a\" class=\"forminator-input forminator-email--field\" data-required=\"1\" aria-required=\"true\" autocomplete=\"email\" \/><\/div><\/div><\/div><div class=\"forminator-row\"><div id=\"section-2\" class=\"forminator-field-section forminator-col forminator-col-12 \"><div class=\"forminator-field\"><h2 class=\"forminator-title\">Zus\u00e4tzliche Kommentare<\/h2><\/div><\/div><\/div><div class=\"forminator-row\"><div id=\"textarea-1\" class=\"forminator-field-textarea forminator-col forminator-col-12 \"><div class=\"forminator-field\"><label for=\"forminator-field-textarea-1_69d6bf301ed8a\" id=\"forminator-field-textarea-1_69d6bf301ed8a-label\" class=\"forminator-label\">Bitte geben Sie uns hier eine kurze Beschreibung Ihres ma\u00dfgeschneiderten Kleidungsst\u00fcckes (Farben, Stoffe, Anpassungen im Stil, Farben und Arten von Stra\u00df Steinen usw).<\/label><textarea name=\"textarea-1\" placeholder=\"Farben, Stoffe, Anpassungen im Stil, Farben und Arten von Stra\u00df Steinen usw.\" id=\"forminator-field-textarea-1_69d6bf301ed8a\" class=\"forminator-textarea\" rows=\"6\" style=\"min-height:140px;\" ><\/textarea><\/div><\/div><\/div><div class=\"forminator-row\"><div id=\"select-1\" class=\"forminator-field-select forminator-col forminator-col-12 \"><div class=\"forminator-field\"><label for=\"forminator-form-130323__field--select-1_69d6bf301ed8a\" id=\"forminator-form-130323__field--select-1_69d6bf301ed8a-label\" class=\"forminator-label\">Ma\u00dfeinheit: <span class=\"forminator-required\">*<\/span><\/label><select  id=\"forminator-form-130323__field--select-1_69d6bf301ed8a\" class=\"forminator-select--field forminator-select2 forminator-select2-multiple\" data-required=\"1\" name=\"select-1\" data-default-value=\"\" data-placeholder=\"Bitte w\u00e4hle eine Option aus\" data-search=\"false\" data-search-placeholder=\"Bitte w\u00e4hle eine Option aus\" data-checkbox=\"false\" data-allow-clear=\"false\" aria-labelledby=\"forminator-form-130323__field--select-1_69d6bf301ed8a-label\"><option value=\"\"  >Bitte w\u00e4hle eine Option aus<\/option><option value=\"cm\"  data-calculation=\"0\">cm<\/option><option value=\"inch\"  data-calculation=\"0\">inch<\/option><\/select><\/div><\/div><\/div><div class=\"forminator-row\"><div id=\"text-2\" class=\"forminator-field-text forminator-col forminator-col-12 \"><div class=\"forminator-field\"><label for=\"forminator-field-text-2_69d6bf301ed8a\" id=\"forminator-field-text-2_69d6bf301ed8a-label\" class=\"forminator-label\">1. K\u00d6RPERGR\u00d6SSE (Bei aufrechter Haltung vom Scheitel bis zur Sohle messen): <span class=\"forminator-required\">*<\/span><\/label><input type=\"text\" name=\"text-2\" value=\"\" placeholder=\"\" id=\"forminator-field-text-2_69d6bf301ed8a\" class=\"forminator-input forminator-name--field\" data-required=\"1\" \/><\/div><\/div><\/div><div class=\"forminator-row\"><div id=\"text-3\" class=\"forminator-field-text forminator-col forminator-col-12 \"><div class=\"forminator-field\"><label for=\"forminator-field-text-3_69d6bf301ed8a\" id=\"forminator-field-text-3_69d6bf301ed8a-label\" class=\"forminator-label\">2. BRUSTUMFANG (Ma\u00dfband vorn auf die st\u00e4rkste Stelle der Brust legen): <span class=\"forminator-required\">*<\/span><\/label><input type=\"text\" name=\"text-3\" value=\"\" placeholder=\"\" id=\"forminator-field-text-3_69d6bf301ed8a\" class=\"forminator-input forminator-name--field\" data-required=\"1\" \/><\/div><\/div><\/div><div class=\"forminator-row\"><div id=\"text-4\" class=\"forminator-field-text forminator-col forminator-col-12 \"><div class=\"forminator-field\"><label for=\"forminator-field-text-4_69d6bf301ed8a\" id=\"forminator-field-text-4_69d6bf301ed8a-label\" class=\"forminator-label\">3. UNTERER BRUSTUMFANG: <span class=\"forminator-required\">*<\/span><\/label><input type=\"text\" name=\"text-4\" value=\"\" placeholder=\"\" id=\"forminator-field-text-4_69d6bf301ed8a\" class=\"forminator-input forminator-name--field\" data-required=\"1\" \/><\/div><\/div><\/div><div class=\"forminator-row\"><div id=\"text-5\" class=\"forminator-field-text forminator-col forminator-col-12 \"><div class=\"forminator-field\"><label for=\"forminator-field-text-5_69d6bf301ed8a\" id=\"forminator-field-text-5_69d6bf301ed8a-label\" class=\"forminator-label\">4. OBERER BRUSTUMFANG: <span class=\"forminator-required\">*<\/span><\/label><input type=\"text\" name=\"text-5\" value=\"\" placeholder=\"\" id=\"forminator-field-text-5_69d6bf301ed8a\" class=\"forminator-input forminator-name--field\" data-required=\"1\" \/><\/div><\/div><\/div><div class=\"forminator-row\"><div id=\"text-6\" class=\"forminator-field-text forminator-col forminator-col-12 \"><div class=\"forminator-field\"><label for=\"forminator-field-text-6_69d6bf301ed8a\" id=\"forminator-field-text-6_69d6bf301ed8a-label\" class=\"forminator-label\">5. TAILLENUMFANG (Gemessen wird an der schmalsten Stelle des Rumpfes): <span class=\"forminator-required\">*<\/span><\/label><input type=\"text\" name=\"text-6\" value=\"\" placeholder=\"\" id=\"forminator-field-text-6_69d6bf301ed8a\" class=\"forminator-input forminator-name--field\" data-required=\"1\" \/><\/div><\/div><\/div><div class=\"forminator-row\"><div id=\"text-7\" class=\"forminator-field-text forminator-col forminator-col-12 \"><div class=\"forminator-field\"><label for=\"forminator-field-text-7_69d6bf301ed8a\" id=\"forminator-field-text-7_69d6bf301ed8a-label\" class=\"forminator-label\">6. OBERER H\u00dcFTUMFANG (10cm unter Taille messen): <span class=\"forminator-required\">*<\/span><\/label><input type=\"text\" name=\"text-7\" value=\"\" placeholder=\"\" id=\"forminator-field-text-7_69d6bf301ed8a\" class=\"forminator-input forminator-name--field\" data-required=\"1\" \/><\/div><\/div><\/div><div class=\"forminator-row\"><div id=\"text-8\" class=\"forminator-field-text forminator-col forminator-col-12 \"><div class=\"forminator-field\"><label for=\"forminator-field-text-8_69d6bf301ed8a\" id=\"forminator-field-text-8_69d6bf301ed8a-label\" class=\"forminator-label\">7. H\u00dcFTUMFANG (Ma\u00dfband waagrecht \u00fcber die st\u00e4rkste Stelle des Ges\u00e4\u00dfes legen): <span class=\"forminator-required\">*<\/span><\/label><input type=\"text\" name=\"text-8\" value=\"\" placeholder=\"\" id=\"forminator-field-text-8_69d6bf301ed8a\" class=\"forminator-input forminator-name--field\" data-required=\"1\" \/><\/div><\/div><\/div><div class=\"forminator-row\"><div id=\"text-9\" class=\"forminator-field-text forminator-col forminator-col-12 \"><div class=\"forminator-field\"><label for=\"forminator-field-text-9_69d6bf301ed8a\" id=\"forminator-field-text-9_69d6bf301ed8a-label\" class=\"forminator-label\">8. R\u00dcCKENL\u00c4NGE (Vom Halswirbelknochen bis zur Unterkante des Taillenbandes messen): <span class=\"forminator-required\">*<\/span><\/label><input type=\"text\" name=\"text-9\" value=\"\" placeholder=\"\" id=\"forminator-field-text-9_69d6bf301ed8a\" class=\"forminator-input forminator-name--field\" data-required=\"1\" \/><\/div><\/div><\/div><div class=\"forminator-row\"><div id=\"text-10\" class=\"forminator-field-text forminator-col forminator-col-12 \"><div class=\"forminator-field\"><label for=\"forminator-field-text-10_69d6bf301ed8a\" id=\"forminator-field-text-10_69d6bf301ed8a-label\" class=\"forminator-label\">9. SCHULTERBREITE: <span class=\"forminator-required\">*<\/span><\/label><input type=\"text\" name=\"text-10\" value=\"\" placeholder=\"\" id=\"forminator-field-text-10_69d6bf301ed8a\" class=\"forminator-input forminator-name--field\" data-required=\"1\" \/><\/div><\/div><\/div><div class=\"forminator-row\"><div id=\"text-11\" class=\"forminator-field-text forminator-col forminator-col-12 \"><div class=\"forminator-field\"><label for=\"forminator-field-text-11_69d6bf301ed8a\" id=\"forminator-field-text-11_69d6bf301ed8a-label\" class=\"forminator-label\">10. ARML\u00c4NGE (Vom Schulterpunkt bis zur Handwurzel messen, bei leicht angewinkeltem Ellbogen: <span class=\"forminator-required\">*<\/span><\/label><input type=\"text\" name=\"text-11\" value=\"\" placeholder=\"\" id=\"forminator-field-text-11_69d6bf301ed8a\" class=\"forminator-input forminator-name--field\" data-required=\"1\" \/><\/div><\/div><\/div><div class=\"forminator-row\"><div id=\"text-12\" class=\"forminator-field-text forminator-col forminator-col-12 \"><div class=\"forminator-field\"><label for=\"forminator-field-text-12_69d6bf301ed8a\" id=\"forminator-field-text-12_69d6bf301ed8a-label\" class=\"forminator-label\">11. HANDGELENKSUMFANG: <span class=\"forminator-required\">*<\/span><\/label><input type=\"text\" name=\"text-12\" value=\"\" placeholder=\"\" id=\"forminator-field-text-12_69d6bf301ed8a\" class=\"forminator-input forminator-name--field\" data-required=\"1\" \/><\/div><\/div><\/div><div class=\"forminator-row\"><div id=\"text-13\" class=\"forminator-field-text forminator-col forminator-col-12 \"><div class=\"forminator-field\"><label for=\"forminator-field-text-13_69d6bf301ed8a\" id=\"forminator-field-text-13_69d6bf301ed8a-label\" class=\"forminator-label\">12. OBERARMUMFANG (An der st\u00e4rksten Stelle des Oberarms messen): <span class=\"forminator-required\">*<\/span><\/label><input type=\"text\" name=\"text-13\" value=\"\" placeholder=\"\" id=\"forminator-field-text-13_69d6bf301ed8a\" class=\"forminator-input forminator-name--field\" data-required=\"1\" \/><\/div><\/div><\/div><div class=\"forminator-row\"><div id=\"text-14\" class=\"forminator-field-text forminator-col forminator-col-12 \"><div class=\"forminator-field\"><label for=\"forminator-field-text-14_69d6bf301ed8a\" id=\"forminator-field-text-14_69d6bf301ed8a-label\" class=\"forminator-label\">13. VORDERE TAILLENL\u00c4NGE (Vom seitlichen Halsansatz \u00fcber die Brustspitze bis zum Taillenband): <span class=\"forminator-required\">*<\/span><\/label><input type=\"text\" name=\"text-14\" value=\"\" placeholder=\"\" id=\"forminator-field-text-14_69d6bf301ed8a\" class=\"forminator-input forminator-name--field\" data-required=\"1\" \/><\/div><\/div><\/div><div class=\"forminator-row\"><div id=\"text-15\" class=\"forminator-field-text forminator-col forminator-col-12 \"><div class=\"forminator-field\"><label for=\"forminator-field-text-15_69d6bf301ed8a\" id=\"forminator-field-text-15_69d6bf301ed8a-label\" class=\"forminator-label\">14. SCHRITT (Messe vom vorderen Taillenband durch den Schritt bis zum hinteren Taillenband): <span class=\"forminator-required\">*<\/span><\/label><input type=\"text\" name=\"text-15\" value=\"\" placeholder=\"\" id=\"forminator-field-text-15_69d6bf301ed8a\" class=\"forminator-input forminator-name--field\" data-required=\"1\" \/><\/div><\/div><\/div><div class=\"forminator-row\"><div id=\"text-16\" class=\"forminator-field-text forminator-col forminator-col-12 \"><div class=\"forminator-field\"><label for=\"forminator-field-text-16_69d6bf301ed8a\" id=\"forminator-field-text-16_69d6bf301ed8a-label\" class=\"forminator-label\">15. OBERK\u00d6\u00a8RPER-GURT (Von der Schulter \u00fcber den Schritt und zur\u00fcck bis zur Schulter): <span class=\"forminator-required\">*<\/span><\/label><input type=\"text\" name=\"text-16\" value=\"\" placeholder=\"\" id=\"forminator-field-text-16_69d6bf301ed8a\" class=\"forminator-input forminator-name--field\" data-required=\"1\" \/><\/div><\/div><\/div><div class=\"forminator-row\"><div id=\"text-17\" class=\"forminator-field-text forminator-col forminator-col-12 \"><div class=\"forminator-field\"><label for=\"forminator-field-text-17_69d6bf301ed8a\" id=\"forminator-field-text-17_69d6bf301ed8a-label\" class=\"forminator-label\">16. VOM TAILLENBAND BIS ZUM KNIE: <span class=\"forminator-required\">*<\/span><\/label><input type=\"text\" name=\"text-17\" value=\"\" placeholder=\"\" id=\"forminator-field-text-17_69d6bf301ed8a\" class=\"forminator-input forminator-name--field\" data-required=\"1\" \/><\/div><\/div><\/div><div class=\"forminator-row\"><div id=\"text-18\" class=\"forminator-field-text forminator-col forminator-col-12 \"><div class=\"forminator-field\"><label for=\"forminator-field-text-18_69d6bf301ed8a\" id=\"forminator-field-text-18_69d6bf301ed8a-label\" class=\"forminator-label\">17. SEITENL\u00c4NGE (Von der unteren Kante des Taillenbandes ,ohne Schuhe,bis zur Fu\u00dfsohle messen): <span class=\"forminator-required\">*<\/span><\/label><input type=\"text\" name=\"text-18\" value=\"\" placeholder=\"\" id=\"forminator-field-text-18_69d6bf301ed8a\" class=\"forminator-input forminator-name--field\" data-required=\"1\" \/><\/div><\/div><\/div><div class=\"forminator-row\"><div id=\"text-20\" class=\"forminator-field-text forminator-col forminator-col-12 \"><div class=\"forminator-field\"><label for=\"forminator-field-text-20_69d6bf301ed8a\" id=\"forminator-field-text-20_69d6bf301ed8a-label\" class=\"forminator-label\">19. GEW\u00dcSCHTE ROCK L\u00c4NGE (Vom Taillenband bis zum Rock Saum): <span class=\"forminator-required\">*<\/span><\/label><input type=\"text\" name=\"text-20\" value=\"\" placeholder=\"\" id=\"forminator-field-text-20_69d6bf301ed8a\" class=\"forminator-input forminator-name--field\" data-required=\"1\" \/><\/div><\/div><\/div><div class=\"forminator-row\"><div id=\"text-21\" class=\"forminator-field-text forminator-col forminator-col-12 \"><div class=\"forminator-field\"><label for=\"forminator-field-text-21_69d6bf301ed8a\" id=\"forminator-field-text-21_69d6bf301ed8a-label\" class=\"forminator-label\">20. STANDARD KLEID L\u00c4NGE (Vom Halsansatz bis zum Kn\u00f6chel messen): <span class=\"forminator-required\">*<\/span><\/label><input type=\"text\" name=\"text-21\" value=\"\" placeholder=\"\" id=\"forminator-field-text-21_69d6bf301ed8a\" class=\"forminator-input forminator-name--field\" data-required=\"1\" \/><\/div><\/div><\/div><div class=\"forminator-row\"><div id=\"text-22\" class=\"forminator-field-text forminator-col forminator-col-12 \"><div class=\"forminator-field\"><label for=\"forminator-field-text-22_69d6bf301ed8a\" id=\"forminator-field-text-22_69d6bf301ed8a-label\" class=\"forminator-label\">21. LATEIN KLEID L\u00c4NGE (Vom Halsansatz bis zum Rock Saum messen): <span class=\"forminator-required\">*<\/span><\/label><input type=\"text\" name=\"text-22\" value=\"\" placeholder=\"\" id=\"forminator-field-text-22_69d6bf301ed8a\" class=\"forminator-input forminator-name--field\" data-required=\"1\" \/><\/div><\/div><\/div><div class=\"forminator-row\"><div id=\"text-23\" class=\"forminator-field-text forminator-col forminator-col-12 \"><div class=\"forminator-field\"><label for=\"forminator-field-text-23_69d6bf301ed8a\" id=\"forminator-field-text-23_69d6bf301ed8a-label\" class=\"forminator-label\">22. HALSUMFANG (Beim Halsansatz messen): <span class=\"forminator-required\">*<\/span><\/label><input type=\"text\" name=\"text-23\" value=\"\" placeholder=\"\" id=\"forminator-field-text-23_69d6bf301ed8a\" class=\"forminator-input forminator-name--field\" data-required=\"1\" \/><\/div><\/div><\/div><div class=\"forminator-row\"><div id=\"text-24\" class=\"forminator-field-text forminator-col forminator-col-12 \"><div class=\"forminator-field\"><label for=\"forminator-field-text-24_69d6bf301ed8a\" id=\"forminator-field-text-24_69d6bf301ed8a-label\" class=\"forminator-label\">23. UNTERARMUMFANG (Von der Schulter unter der Achsel und wieder bis zur Schulter messen): <span class=\"forminator-required\">*<\/span><\/label><input type=\"text\" name=\"text-24\" value=\"\" placeholder=\"\" id=\"forminator-field-text-24_69d6bf301ed8a\" class=\"forminator-input forminator-name--field\" data-required=\"1\" \/><\/div><\/div><\/div><div class=\"forminator-row\"><div id=\"text-25\" class=\"forminator-field-text forminator-col forminator-col-12 \"><div class=\"forminator-field\"><label for=\"forminator-field-text-25_69d6bf301ed8a\" id=\"forminator-field-text-25_69d6bf301ed8a-label\" class=\"forminator-label\">24. OBERSCHENKEL (Umfang an der st\u00e4rksten Stelle messen): <span class=\"forminator-required\">*<\/span><\/label><input type=\"text\" name=\"text-25\" value=\"\" placeholder=\"\" id=\"forminator-field-text-25_69d6bf301ed8a\" class=\"forminator-input forminator-name--field\" data-required=\"1\" \/><\/div><\/div><\/div><div class=\"forminator-row\"><div id=\"text-26\" class=\"forminator-field-text forminator-col forminator-col-12 \"><div class=\"forminator-field\"><label for=\"forminator-field-text-26_69d6bf301ed8a\" id=\"forminator-field-text-26_69d6bf301ed8a-label\" class=\"forminator-label\">25. BRUSTTIEFE (Wird wie die vordere Taillenl\u00e4nge gemessen, aber nur bis zur Brustspitze): <span class=\"forminator-required\">*<\/span><\/label><input type=\"text\" name=\"text-26\" value=\"\" placeholder=\"\" id=\"forminator-field-text-26_69d6bf301ed8a\" class=\"forminator-input forminator-name--field\" data-required=\"1\" \/><\/div><\/div><\/div><input type=\"hidden\" name=\"referer_url\" value=\"\" \/><div class=\"forminator-row forminator-row-last\"><div class=\"forminator-col\"><div class=\"forminator-field\"><button class=\"forminator-button forminator-button-submit\">Senden<\/button><\/div><\/div><\/div><input type=\"hidden\" id=\"forminator_nonce\" name=\"forminator_nonce\" value=\"e86ca3f18a\" \/><input type=\"hidden\" name=\"_wp_http_referer\" value=\"\/de\/wp-json\/wp\/v2\/pages\/86019\" \/><input type=\"hidden\" name=\"form_id\" value=\"130323\"><input type=\"hidden\" name=\"page_id\" value=\"86019\"><input type=\"hidden\" name=\"form_type\" value=\"default\"><input type=\"hidden\" name=\"current_url\" value=\"https:\/\/dancebox.eu\/de\/massgeschneidert\/masstabelle-damen\/\"><input type=\"hidden\" name=\"render_id\" value=\"0\"><input type=\"hidden\" name=\"action\" value=\"forminator_submit_form_custom-forms\"><\/form>[\/et_pb_code][\/et_pb_column][\/et_pb_row][\/et_pb_section]<\/p>\n","protected":false},"excerpt":{"rendered":"<p>Richtige Ma\u00dfe sind von gr\u00f6\u00dfter Wichtigkeit, um sicherzustellen, da\u00df wir ein Kleidungsst\u00fcck mit perfekter Pa\u00dfform herstellen. Wir empfehlen Ihnen, w\u00e4hrend des Messens enge Kleidung zu tragen und jemand anderes (Schneider oder N\u00e4herin) Ihre Messungen vorzunehmen zu lassen. Bitte verwenden Sie ein nicht dehnbares Ma\u00dfband. Sie k\u00f6nnen Ihre Ma\u00dfe entweder in (cm) oder (inch) Zoll eingeben. [&hellip;]<\/p>\n","protected":false},"author":1,"featured_media":0,"parent":86020,"menu_order":0,"comment_status":"open","ping_status":"closed","template":"","meta":{"_et_pb_use_builder":"on","_et_pb_old_content":"","_et_gb_content_width":"","footnotes":""},"class_list":["post-86019","page","type-page","status-publish","hentry"],"_links":{"self":[{"href":"https:\/\/dancebox.eu\/de\/wp-json\/wp\/v2\/pages\/86019","targetHints":{"allow":["GET"]}}],"collection":[{"href":"https:\/\/dancebox.eu\/de\/wp-json\/wp\/v2\/pages"}],"about":[{"href":"https:\/\/dancebox.eu\/de\/wp-json\/wp\/v2\/types\/page"}],"author":[{"embeddable":true,"href":"https:\/\/dancebox.eu\/de\/wp-json\/wp\/v2\/users\/1"}],"replies":[{"embeddable":true,"href":"https:\/\/dancebox.eu\/de\/wp-json\/wp\/v2\/comments?post=86019"}],"version-history":[{"count":1,"href":"https:\/\/dancebox.eu\/de\/wp-json\/wp\/v2\/pages\/86019\/revisions"}],"predecessor-version":[{"id":130344,"href":"https:\/\/dancebox.eu\/de\/wp-json\/wp\/v2\/pages\/86019\/revisions\/130344"}],"up":[{"embeddable":true,"href":"https:\/\/dancebox.eu\/de\/wp-json\/wp\/v2\/pages\/86020"}],"wp:attachment":[{"href":"https:\/\/dancebox.eu\/de\/wp-json\/wp\/v2\/media?parent=86019"}],"curies":[{"name":"wp","href":"https:\/\/api.w.org\/{rel}","templated":true}]}}