{"id":86012,"date":"2021-05-14T13:53:32","date_gmt":"2021-05-14T11:53:32","guid":{"rendered":"https:\/\/klienter.dancebox.eu\/wir-ueber-uns\/"},"modified":"2021-05-14T14:01:46","modified_gmt":"2021-05-14T14:01:46","slug":"wir-ueber-uns","status":"publish","type":"page","link":"https:\/\/dancebox.eu\/de\/wir-ueber-uns\/","title":{"rendered":"Wir \u00dcber Uns"},"content":{"rendered":"<p>[et_pb_section fb_built=&#8220;1&#8243; _builder_version=&#8220;4.0.4&#8243;][et_pb_row column_structure=&#8220;1_3,2_3&#8243; _builder_version=&#8220;4.0.4&#8243;][et_pb_column type=&#8220;1_3&#8243; _builder_version=&#8220;4.0.4&#8243;][et_pb_image src=&#8220;https:\/\/dancebox.eu\/wp-content\/uploads\/2020\/06\/about-image.jpg&#8220; title_text=&#8220;about image&#8220; _builder_version=&#8220;4.4.8&#8243;][\/et_pb_image][\/et_pb_column][et_pb_column type=&#8220;2_3&#8243; _builder_version=&#8220;4.0.4&#8243;][et_pb_post_title meta=&#8220;off&#8220; featured_image=&#8220;off&#8220; _builder_version=&#8220;4.0.4&#8243;][\/et_pb_post_title][et_pb_text _builder_version=&#8220;4.4.8&#8243; text_font=&#8220;||on||||||&#8220; custom_padding=&#8220;||2px|0px||&#8220;]<strong>Tanzen ist eine Leidenschaft, der man nicht entkommen kann &#8230;<\/strong><\/p>\n<p>Wer kann Ihnen besser \u00fcber uns erz\u00e4hlen als Beata Paderewska, die Gr\u00fcnderin und Designerin von Dancebox ?<\/p>\n<p>Lieber Besucher\/Inn und hoffentlich bald Freund\/Inn !<\/p>\n<p>Seit meinem ersten Ballettunterricht als Kind in Polen, meiner Entdeckung des Gesellschaftstanzes als Teenager, w\u00e4hrend internationalen Wettk\u00e4mpfen als Amateur und schlie\u00dflich auch in Australien, meiner neuen Heimat, auf h\u00f6chstem Niveau, blieb ich immer in engstem Kontakt mit der Welt des Gesellschaftstanzes.<\/p>\n<p>Bereits als Teenager entwarf und n\u00e4hte ich meine eigenen Kleider f\u00fcr Wettk\u00e4mpfe. Dies hat mich ganz nat\u00fcrlich zu meinem zuk\u00fcnftigen Studium und Karriere gef\u00fchrt, um dann schlie\u00dflich eine professionelle Modedesignerin zu werden.<\/p>\n<p>Im Laufe der Jahre hatte ich die Freude und das Privileg, mit einigen der besten australischen Modedesignern zusammenarbeiten zu d\u00fcrfen, manchmal als Teil eines Teams, oft auch alleine. Aber auch die M\u00f6glichkeit um meine eigenen Modekollektionen erfolgreich zu gestalten. Aber Tanzen ist immer meine erste Liebe geblieben\u2026<\/p>\n<p>Zur\u00fcck in Europa habe ich mich endlich entschlossen, meine beiden Lebensleidenschaften zu vereinen:<\/p>\n<p><strong>Tanz &amp; Design<\/strong><\/p>\n<p>Entwurf und Fertigung exklusiver Bekleidung f\u00fcr lateinamerikanische und Standardt\u00e4nze f\u00fcr T\u00e4nzer aller Altersgruppen und Niveaus.<\/p>\n<p>Kleidung, die hervorhebt, sich gut bewegt, funkelt und gl\u00e4nzt und Ihre Figur vorteilhaft erg\u00e4nzt, indem Sie jeder Ihrer Bewegungen folgt.<\/p>\n<p>Jedes Kleid wird zu einem Unikat, da nur die besten verf\u00fcgbaren Stoffe, Materialien und Accessoires verwendet werden. F\u00fcr meine Entw\u00fcrfe verwende ich fast nie frei auf dem Markt erh\u00e4ltliche Dekorationen, sondern haupts\u00e4chlich solche, die in unserem Atelier von Hand hergestellt und ausgef\u00fchrt werden, genauso wie bei Haute Couture!<\/p>\n<p>Unser Ziel: Die T\u00e4nzerin soll sich ganz besonders und selbstbewusst f\u00fchlen, damit Sie sich auf das Wichtigste konzentrieren kann: TANZ!<\/p>\n<p>In Zusammenarbeit mit meinem Gesch\u00e4fts- und Lebenspartner Andreas und unserem Team von hoch spezialisierten Fachleuten bieten wir Ihnen alles, was das Herz eines T\u00e4nzers h\u00f6herschlagen l\u00e4sst.<\/p>\n<p>Kollektionen von <strong>Kleidung f\u00fcr Training und Gesellschaftstanz.<\/strong><\/p>\n<p>Sie finden sie in unserem eigenen Online-Shop hier oder \u00fcber unsere Partner in den USA, Australien, Gro\u00dfbritannien und Deutschland.<\/p>\n<p>Um Ihre eigenen Talente w\u00e4hrend Wettk\u00e4mpfen zu unterst\u00fctzen helfen wir Ihnen, das f\u00fcr Sie ideale Kleid zu finden in unserer<strong> eigenen Kollektion,<\/strong> oder wir besprechen in Teamarbeit mit Ihnen Ihre W\u00fcnsche und entwerfen Ihr einmaliges, exklusives <strong>Traum-Wettkampfkleid nach Ma\u00df<\/strong>, damit Sie wie ein Star auf der Tanzfl\u00e4che gl\u00e4nzen k\u00f6nnen!<\/p>\n<p>Willkommen in der Welt von Dance Box!<\/p>\n<p><strong><em>Beata Paderewska<\/em><\/strong><br \/>\n[\/et_pb_text][\/et_pb_column][\/et_pb_row][\/et_pb_section]<\/p>\n","protected":false},"excerpt":{"rendered":"<p>Tanzen ist eine Leidenschaft, der man nicht entkommen kann &#8230; Wer kann Ihnen besser \u00fcber uns erz\u00e4hlen als Beata Paderewska, die Gr\u00fcnderin und Designerin von Dancebox ? Lieber Besucher\/Inn und hoffentlich bald Freund\/Inn ! Seit meinem ersten Ballettunterricht als Kind in Polen, meiner Entdeckung des Gesellschaftstanzes als Teenager, w\u00e4hrend internationalen Wettk\u00e4mpfen als Amateur und schlie\u00dflich [&hellip;]<\/p>\n","protected":false},"author":1,"featured_media":0,"parent":0,"menu_order":0,"comment_status":"open","ping_status":"closed","template":"","meta":{"_et_pb_use_builder":"on","_et_pb_old_content":"","_et_gb_content_width":"","footnotes":""},"class_list":["post-86012","page","type-page","status-publish","hentry"],"_links":{"self":[{"href":"https:\/\/dancebox.eu\/de\/wp-json\/wp\/v2\/pages\/86012","targetHints":{"allow":["GET"]}}],"collection":[{"href":"https:\/\/dancebox.eu\/de\/wp-json\/wp\/v2\/pages"}],"about":[{"href":"https:\/\/dancebox.eu\/de\/wp-json\/wp\/v2\/types\/page"}],"author":[{"embeddable":true,"href":"https:\/\/dancebox.eu\/de\/wp-json\/wp\/v2\/users\/1"}],"replies":[{"embeddable":true,"href":"https:\/\/dancebox.eu\/de\/wp-json\/wp\/v2\/comments?post=86012"}],"version-history":[{"count":0,"href":"https:\/\/dancebox.eu\/de\/wp-json\/wp\/v2\/pages\/86012\/revisions"}],"wp:attachment":[{"href":"https:\/\/dancebox.eu\/de\/wp-json\/wp\/v2\/media?parent=86012"}],"curies":[{"name":"wp","href":"https:\/\/api.w.org\/{rel}","templated":true}]}}